{"id":93820,"date":"2025-11-13T14:26:10","date_gmt":"2025-11-13T14:26:10","guid":{"rendered":"https:\/\/brandss.com.py\/index\/?post_type=product&#038;p=93820"},"modified":"2025-11-13T14:27:06","modified_gmt":"2025-11-13T14:27:06","slug":"cargador-portatil-inalambrico-g-tide-slim-01-5-000-mah-azul","status":"publish","type":"product","link":"https:\/\/brandss.com.py\/index\/producto\/cargador-portatil-inalambrico-g-tide-slim-01-5-000-mah-azul\/","title":{"rendered":"CARGADOR PORT\u00c1TIL INAL\u00c1MBRICO G-TIDE SLIM 01 5.000 MAH AZUL"},"content":{"rendered":"<p><img loading=\"lazy\" decoding=\"async\" class=\"\" src=\"https:\/\/gtide.com.br\/wp-content\/uploads\/2024\/04\/gtideazul.svg\" alt=\"RELOJ UNISEX G-TIDE SMARTWATCH S5 PRO BLACK - Brands\" width=\"96\" height=\"37\" \/><\/p>\n<h1>SLIM 01<\/h1>\n<p>G-TiDE Slim 01 es una power bank ultracompacta de 5.000 mAh, dise\u00f1ada para cargar hasta dos dispositivos al mismo tiempo. Ofrece carga r\u00e1pida por cable y carga inal\u00e1mbrica de hasta 20W, con protecci\u00f3n contra sobrecarga. Compatible con dispositivos USB-C o inal\u00e1mbricos, cuenta con LED indicador y entrada USB-C. Perfecta para quienes buscan eficiencia y portabilidad en todo momento.<\/p>\n<p>&nbsp;<\/p>\n<h3>Especificaciones<\/h3>\n<p>&nbsp;<\/p>\n<p>Marca: G-TiDE.<\/p>\n<p>Modelo: Slim 01.<\/p>\n<p>Color: Azul.<\/p>\n<p>Compatibilidad: Dispositivos m\u00f3viles que utilizan cable USB-C para realizar las recargas de bater\u00eda, o que sean compatibles con recargas inal\u00e1mbricas.<\/p>\n<p>Capacidad: 5.000 mAh\/8.7V.<\/p>\n<p>Potencia: Wireless: 20 watts.<\/p>\n<p>Salida: USB-C 5V\/2A ~ 12V\/1.67A.<\/p>\n<p>Cuenta con protecci\u00f3n contra: sobrecarga.<\/p>\n<p>Compatible con:\u00a0 Tecnolog\u00eda de carga r\u00e1pida.<\/p>\n<p>Puede cargar hasta 2 dispositivos simult\u00e1neamente.<\/p>\n<p>Led: Integrado, indica el estado de funcionamiento.<\/p>\n<p>Alimentaci\u00f3n: A trav\u00e9s de la entrada USB-C.<\/p>\n<p>Peso bruto (g): 139.<\/p>\n<p>Dimensiones de embalaje (cm): 10.5 x 1.7 x 17.5.<\/p>\n<p>Incluye: Cable USB-C.<\/p>\n","protected":false},"excerpt":{"rendered":"<p>SLIM 01 G-TiDE Slim 01 es una power bank ultracompacta de 5.000 mAh, dise\u00f1ada para cargar hasta dos dispositivos al<\/p>\n","protected":false},"featured_media":93821,"comment_status":"open","ping_status":"closed","template":"","meta":{"nf_dc_page":""},"product_brand":[1379],"product_cat":[89],"product_tag":[1384],"class_list":{"0":"post-93820","1":"product","2":"type-product","3":"status-publish","4":"has-post-thumbnail","6":"product_brand-g-tide","7":"product_cat-electronicos","8":"product_tag-1384","10":"first","11":"instock","12":"shipping-taxable","13":"purchasable","14":"product-type-simple"},"_links":{"self":[{"href":"https:\/\/brandss.com.py\/index\/wp-json\/wp\/v2\/product\/93820","targetHints":{"allow":["GET"]}}],"collection":[{"href":"https:\/\/brandss.com.py\/index\/wp-json\/wp\/v2\/product"}],"about":[{"href":"https:\/\/brandss.com.py\/index\/wp-json\/wp\/v2\/types\/product"}],"replies":[{"embeddable":true,"href":"https:\/\/brandss.com.py\/index\/wp-json\/wp\/v2\/comments?post=93820"}],"version-history":[{"count":1,"href":"https:\/\/brandss.com.py\/index\/wp-json\/wp\/v2\/product\/93820\/revisions"}],"predecessor-version":[{"id":93823,"href":"https:\/\/brandss.com.py\/index\/wp-json\/wp\/v2\/product\/93820\/revisions\/93823"}],"wp:featuredmedia":[{"embeddable":true,"href":"https:\/\/brandss.com.py\/index\/wp-json\/wp\/v2\/media\/93821"}],"wp:attachment":[{"href":"https:\/\/brandss.com.py\/index\/wp-json\/wp\/v2\/media?parent=93820"}],"wp:term":[{"taxonomy":"product_brand","embeddable":true,"href":"https:\/\/brandss.com.py\/index\/wp-json\/wp\/v2\/product_brand?post=93820"},{"taxonomy":"product_cat","embeddable":true,"href":"https:\/\/brandss.com.py\/index\/wp-json\/wp\/v2\/product_cat?post=93820"},{"taxonomy":"product_tag","embeddable":true,"href":"https:\/\/brandss.com.py\/index\/wp-json\/wp\/v2\/product_tag?post=93820"}],"curies":[{"name":"wp","href":"https:\/\/api.w.org\/{rel}","templated":true}]}}