{"id":93824,"date":"2025-11-13T14:37:33","date_gmt":"2025-11-13T14:37:33","guid":{"rendered":"https:\/\/brandss.com.py\/index\/?post_type=product&#038;p=93824"},"modified":"2025-11-13T14:37:59","modified_gmt":"2025-11-13T14:37:59","slug":"cargador-portatil-inalambrico-g-tide-slim-01-5-000-mah-pink","status":"publish","type":"product","link":"https:\/\/brandss.com.py\/index\/producto\/cargador-portatil-inalambrico-g-tide-slim-01-5-000-mah-pink\/","title":{"rendered":"CARGADOR PORT\u00c1TIL INAL\u00c1MBRICO G-TIDE SLIM 01 5.000 MAH PINK"},"content":{"rendered":"<p><img loading=\"lazy\" decoding=\"async\" class=\"\" src=\"https:\/\/gtide.com.br\/wp-content\/uploads\/2024\/04\/gtideazul.svg\" alt=\"RELOJ UNISEX G-TIDE SMARTWATCH S5 PRO BLACK - Brands\" width=\"80\" height=\"31\" \/><\/p>\n<h1>SLIM 01<\/h1>\n<p><span dir=\"ltr\" lang=\"es-MX\">El G-Tide Slim 01 es un cargador port\u00e1til de 5.000 mAh que combina eficiencia y dise\u00f1o ultracompacto para brindar energ\u00eda donde la necesites. Con capacidad para cargar dos dispositivos simult\u00e1neamente, ofrece carga r\u00e1pida por cable e inal\u00e1mbrica de hasta 20 W, ideal para smartphones modernos.<\/span><\/p>\n<p><span dir=\"ltr\" lang=\"es-MX\">Su compatibilidad con dispositivos USB-C y con carga inal\u00e1mbrica lo convierte en una opci\u00f3n vers\u00e1til para el d\u00eda a d\u00eda. Integra un pr\u00e1ctico indicador LED que muestra el estado de funcionamiento, adem\u00e1s de un puerto USB-C bidireccional que sirve tanto para carga como para recarga del power bank. Su sistema de protecci\u00f3n contra sobrecarga garantiza seguridad en cada uso. <\/span><\/p>\n<p><span dir=\"ltr\" lang=\"es-MX\">Es perfecto para quienes valoran la portabilidad sin renunciar al rendimiento.<\/span><\/p>\n<p><span dir=\"ltr\" lang=\"es-MX\"><strong>Caracter\u00edsticas<\/strong><\/span><\/p>\n<ul>\n<li><span dir=\"ltr\" lang=\"es-MX\">Dise\u00f1o compacto\u00a0con capacidad de\u00a05.000 mAh, ideal para llevar a todas partes.<\/span><\/li>\n<li><span dir=\"ltr\" lang=\"es-MX\">Carga r\u00e1pida de hasta 20 W\u00a0por cable e inal\u00e1mbrica, para una mayor eficiencia.<\/span><\/li>\n<li><span dir=\"ltr\" lang=\"es-MX\">Cargar dos dispositivos\u00a0al mismo tiempo gracias a sus salidas USB-C e inal\u00e1mbrica.<\/span><\/li>\n<li><span dir=\"ltr\" lang=\"es-MX\">Puerto USB-C bidireccional, funciona tanto como entrada como salida de energ\u00eda.<\/span><\/li>\n<li><span dir=\"ltr\" lang=\"es-MX\">Indicador LED\u00a0integrado que muestra el estado de carga del dispositivo.<\/span><\/li>\n<li><span dir=\"ltr\" lang=\"es-MX\">Protecci\u00f3n contra sobrecarga, asegurando una carga segura y estable.<\/span><\/li>\n<li><span dir=\"ltr\" lang=\"es-MX\">Integrado cable USB-C, listo para usarse sin necesidad de accesorios adicionales.<\/span><\/li>\n<li>Marca: G-Tide.<\/li>\n<li>Capacidad: 5.000mAh.<\/li>\n<li>Color: Pink.<\/li>\n<li>Potencia (Watts): 20 W.<\/li>\n<li>Tipo: Port\u00e1til.<\/li>\n<\/ul>\n","protected":false},"excerpt":{"rendered":"<p>SLIM 01 El G-Tide Slim 01 es un cargador port\u00e1til de 5.000 mAh que combina eficiencia y dise\u00f1o ultracompacto para<\/p>\n","protected":false},"featured_media":93825,"comment_status":"open","ping_status":"closed","template":"","meta":{"nf_dc_page":""},"product_brand":[1379],"product_cat":[89],"product_tag":[1385],"class_list":{"0":"post-93824","1":"product","2":"type-product","3":"status-publish","4":"has-post-thumbnail","6":"product_brand-g-tide","7":"product_cat-electronicos","8":"product_tag-1385","10":"first","11":"instock","12":"shipping-taxable","13":"purchasable","14":"product-type-simple"},"_links":{"self":[{"href":"https:\/\/brandss.com.py\/index\/wp-json\/wp\/v2\/product\/93824","targetHints":{"allow":["GET"]}}],"collection":[{"href":"https:\/\/brandss.com.py\/index\/wp-json\/wp\/v2\/product"}],"about":[{"href":"https:\/\/brandss.com.py\/index\/wp-json\/wp\/v2\/types\/product"}],"replies":[{"embeddable":true,"href":"https:\/\/brandss.com.py\/index\/wp-json\/wp\/v2\/comments?post=93824"}],"version-history":[{"count":1,"href":"https:\/\/brandss.com.py\/index\/wp-json\/wp\/v2\/product\/93824\/revisions"}],"predecessor-version":[{"id":93828,"href":"https:\/\/brandss.com.py\/index\/wp-json\/wp\/v2\/product\/93824\/revisions\/93828"}],"wp:featuredmedia":[{"embeddable":true,"href":"https:\/\/brandss.com.py\/index\/wp-json\/wp\/v2\/media\/93825"}],"wp:attachment":[{"href":"https:\/\/brandss.com.py\/index\/wp-json\/wp\/v2\/media?parent=93824"}],"wp:term":[{"taxonomy":"product_brand","embeddable":true,"href":"https:\/\/brandss.com.py\/index\/wp-json\/wp\/v2\/product_brand?post=93824"},{"taxonomy":"product_cat","embeddable":true,"href":"https:\/\/brandss.com.py\/index\/wp-json\/wp\/v2\/product_cat?post=93824"},{"taxonomy":"product_tag","embeddable":true,"href":"https:\/\/brandss.com.py\/index\/wp-json\/wp\/v2\/product_tag?post=93824"}],"curies":[{"name":"wp","href":"https:\/\/api.w.org\/{rel}","templated":true}]}}