{"id":93843,"date":"2025-11-13T17:17:03","date_gmt":"2025-11-13T17:17:03","guid":{"rendered":"https:\/\/brandss.com.py\/index\/?post_type=product&#038;p=93843"},"modified":"2025-12-15T13:18:46","modified_gmt":"2025-12-15T13:18:46","slug":"reloj-unisex-g-tide-smartwatch-s6-pro-gps-gray","status":"publish","type":"product","link":"https:\/\/brandss.com.py\/index\/producto\/reloj-unisex-g-tide-smartwatch-s6-pro-gps-gray\/","title":{"rendered":"RELOJ UNISEX G-TIDE SMARTWATCH S6 PRO GPS GRAY"},"content":{"rendered":"<p><img loading=\"lazy\" decoding=\"async\" class=\"\" src=\"https:\/\/gtide.com.br\/wp-content\/uploads\/2024\/04\/gtideazul.svg\" alt=\"RELOJ UNISEX G-TIDE SMARTWATCH S5 PRO BLACK - Brands\" width=\"132\" height=\"51\" \/><\/p>\n<h1>S6 PRO GPS<\/h1>\n<p>El reloj Smartwatch G-Tide S6 Pro es la fusi\u00f3n perfecta entre elegancia y tecnolog\u00eda avanzada, ideal para la mujer moderna que valora tanto el estilo como la funcionalidad. Equipado con una impresionante pantalla AMOLED de 1.95 pulgadas y una resoluci\u00f3n de 410 x 520 p\u00edxeles, este smartwatch ofrece im\u00e1genes n\u00edtidas y colores vibrantes, facilitando la lectura de notificaciones y el monitoreo de la salud. Su compatibilidad con sistemas operativos Android desde la versi\u00f3n 4.4 e iOS 9.0 o superior garantiza una conectividad sin fisuras, permitiendo realizar y recibir llamadas Bluetooth directamente desde la mu\u00f1eca. Con un enfoque en el bienestar, el G-Tide S6 Pro viene equipado con sensores avanzados para el monitoreo del ritmo card\u00edaco y la medici\u00f3n de SpO2, adem\u00e1s de ofrecer m\u00e1s de 100 modos deportivos para adaptarse a cualquier rutina de ejercicio. Gracias a su certificaci\u00f3n IP68, es resistente al agua, asegurando durabilidad y rendimiento en cualquier condici\u00f3n. Su bater\u00eda de larga duraci\u00f3n, de hasta 7 d\u00edas, y su correa de silicona hacen de este reloj un accesorio c\u00f3modo y esencial para un estilo de vida activo y sofisticado.<\/p>\n<h3>Caracter\u00edsticas<\/h3>\n<ul>\n<li>Modelo: G-TiDE S6 Pro.<\/li>\n<li>Pantalla: 1.95&#8243; 410 * 502.<\/li>\n<li>T\u00e1ctil: t\u00e1ctil completo.<\/li>\n<li>Versi\u00f3n inal\u00e1mbrica: 5.2 + 3.0.<\/li>\n<li>Bater\u00eda: 300mAh.<\/li>\n<li>Resistencia: IP68.<\/li>\n<li>Grosor: 12.8mm.<\/li>\n<li>M\u00faltiples fondos de pantalla y fondo Personalizable.<\/li>\n<li>Puedes realizar y contestar llamadas desde el reloj.<\/li>\n<li>Puedes sincronizar contactos de tu celular.<\/li>\n<li>Dos botones totalmente funcionales.<\/li>\n<li>Control inteligente de m\u00fasica.<\/li>\n<li>Encontrar el celular desde el reloj mediante alarma.<\/li>\n<li>Ritmo Cardiaco.<\/li>\n<li>Oxigenaci\u00f3n sangre.<\/li>\n<li>Pod\u00f3metro.<\/li>\n<li>Seguimiento de frecuencia card\u00edaca 24\/7.<\/li>\n<li>Control remoto c\u00e1mara.<\/li>\n<li>Meteorolog\u00eda.<\/li>\n<li>Temporizador.<\/li>\n<li>Cron\u00f3metro.<\/li>\n<li>Alarma.<\/li>\n<li>Carga magn\u00e9tica.<\/li>\n<li>M\u00faltiples idiomas.<\/li>\n<li>Hora y fecha muchas otras herramientas.<\/li>\n<li>Ofrece m\u00faltiples modos deportivos para que puedas registrar tus entrenamientos de manera efectiva.<\/li>\n<\/ul>\n<p><strong>En la caja:\u00a0\u00a0<\/strong><\/p>\n<p>Reloj G-tide.<\/p>\n<p>Cable de carga.<\/p>\n<p>Correa * 3.<\/p>\n<p>Manual de usuario.<\/p>\n","protected":false},"excerpt":{"rendered":"<p>S6 PRO GPS El reloj Smartwatch G-Tide S6 Pro es la fusi\u00f3n perfecta entre elegancia y tecnolog\u00eda avanzada, ideal para<\/p>\n","protected":false},"featured_media":93844,"comment_status":"open","ping_status":"closed","template":"","meta":{"nf_dc_page":""},"product_brand":[1379],"product_cat":[89],"product_tag":[1392],"class_list":{"0":"post-93843","1":"product","2":"type-product","3":"status-publish","4":"has-post-thumbnail","6":"product_brand-g-tide","7":"product_cat-electronicos","8":"product_tag-1392","10":"first","11":"instock","12":"shipping-taxable","13":"purchasable","14":"product-type-simple"},"_links":{"self":[{"href":"https:\/\/brandss.com.py\/index\/wp-json\/wp\/v2\/product\/93843","targetHints":{"allow":["GET"]}}],"collection":[{"href":"https:\/\/brandss.com.py\/index\/wp-json\/wp\/v2\/product"}],"about":[{"href":"https:\/\/brandss.com.py\/index\/wp-json\/wp\/v2\/types\/product"}],"replies":[{"embeddable":true,"href":"https:\/\/brandss.com.py\/index\/wp-json\/wp\/v2\/comments?post=93843"}],"version-history":[{"count":3,"href":"https:\/\/brandss.com.py\/index\/wp-json\/wp\/v2\/product\/93843\/revisions"}],"predecessor-version":[{"id":94949,"href":"https:\/\/brandss.com.py\/index\/wp-json\/wp\/v2\/product\/93843\/revisions\/94949"}],"wp:featuredmedia":[{"embeddable":true,"href":"https:\/\/brandss.com.py\/index\/wp-json\/wp\/v2\/media\/93844"}],"wp:attachment":[{"href":"https:\/\/brandss.com.py\/index\/wp-json\/wp\/v2\/media?parent=93843"}],"wp:term":[{"taxonomy":"product_brand","embeddable":true,"href":"https:\/\/brandss.com.py\/index\/wp-json\/wp\/v2\/product_brand?post=93843"},{"taxonomy":"product_cat","embeddable":true,"href":"https:\/\/brandss.com.py\/index\/wp-json\/wp\/v2\/product_cat?post=93843"},{"taxonomy":"product_tag","embeddable":true,"href":"https:\/\/brandss.com.py\/index\/wp-json\/wp\/v2\/product_tag?post=93843"}],"curies":[{"name":"wp","href":"https:\/\/api.w.org\/{rel}","templated":true}]}}