{"id":93909,"date":"2025-11-14T13:51:02","date_gmt":"2025-11-14T13:51:02","guid":{"rendered":"https:\/\/brandss.com.py\/index\/?post_type=product&#038;p=93909"},"modified":"2025-11-14T18:51:17","modified_gmt":"2025-11-14T18:51:17","slug":"calzado-deportivo-masculino-diadora-striker","status":"publish","type":"product","link":"https:\/\/brandss.com.py\/index\/producto\/calzado-deportivo-masculino-diadora-striker\/","title":{"rendered":"CALZADO DEPORTIVO MASCULINO DIADORA STRIKER"},"content":{"rendered":"<p><img loading=\"lazy\" decoding=\"async\" class=\"\" src=\"https:\/\/upload.wikimedia.org\/wikipedia\/commons\/0\/00\/Logo_de_diadora.jpg\" alt=\"Archivo:Logo de diadora.jpg - Wikipedia, la enciclopedia libre\" width=\"108\" height=\"36\" \/><\/p>\n<h1>STRIKER II TF M 7141<\/h1>\n<p>Es un calzado masculino dise\u00f1ado para f\u00fatbol en superficies sint\u00e9ticas, por lo que es ideal para canchas de c\u00e9sped artificial o sint\u00e9tico. La parte exterior es sint\u00e9tica. La suela es de goma, lo que proporciona tracci\u00f3n en superficies de turf.<\/p>\n<h3>Detalles<\/h3>\n<p>Modelo: R-II-TF-M-7141.<\/p>\n<p>G\u00e9nero: Masculino.<\/p>\n<p>Color: Negro\/ Gris Oscuro.<\/p>\n","protected":false},"excerpt":{"rendered":"<p>STRIKER II TF M 7141 Es un calzado masculino dise\u00f1ado para f\u00fatbol en superficies sint\u00e9ticas, por lo que es ideal<\/p>\n","protected":false},"featured_media":93910,"comment_status":"open","ping_status":"closed","template":"","meta":{"nf_dc_page":""},"product_brand":[1293],"product_cat":[76],"product_tag":[1407],"class_list":{"0":"post-93909","1":"product","2":"type-product","3":"status-publish","4":"has-post-thumbnail","6":"product_brand-diadora","7":"product_cat-masculino","8":"product_tag-r-ii-tf-m-7141","10":"first","11":"instock","12":"shipping-taxable","13":"purchasable","14":"product-type-simple"},"_links":{"self":[{"href":"https:\/\/brandss.com.py\/index\/wp-json\/wp\/v2\/product\/93909","targetHints":{"allow":["GET"]}}],"collection":[{"href":"https:\/\/brandss.com.py\/index\/wp-json\/wp\/v2\/product"}],"about":[{"href":"https:\/\/brandss.com.py\/index\/wp-json\/wp\/v2\/types\/product"}],"replies":[{"embeddable":true,"href":"https:\/\/brandss.com.py\/index\/wp-json\/wp\/v2\/comments?post=93909"}],"version-history":[{"count":2,"href":"https:\/\/brandss.com.py\/index\/wp-json\/wp\/v2\/product\/93909\/revisions"}],"predecessor-version":[{"id":93942,"href":"https:\/\/brandss.com.py\/index\/wp-json\/wp\/v2\/product\/93909\/revisions\/93942"}],"wp:featuredmedia":[{"embeddable":true,"href":"https:\/\/brandss.com.py\/index\/wp-json\/wp\/v2\/media\/93910"}],"wp:attachment":[{"href":"https:\/\/brandss.com.py\/index\/wp-json\/wp\/v2\/media?parent=93909"}],"wp:term":[{"taxonomy":"product_brand","embeddable":true,"href":"https:\/\/brandss.com.py\/index\/wp-json\/wp\/v2\/product_brand?post=93909"},{"taxonomy":"product_cat","embeddable":true,"href":"https:\/\/brandss.com.py\/index\/wp-json\/wp\/v2\/product_cat?post=93909"},{"taxonomy":"product_tag","embeddable":true,"href":"https:\/\/brandss.com.py\/index\/wp-json\/wp\/v2\/product_tag?post=93909"}],"curies":[{"name":"wp","href":"https:\/\/api.w.org\/{rel}","templated":true}]}}