{"id":93914,"date":"2025-11-14T14:36:59","date_gmt":"2025-11-14T14:36:59","guid":{"rendered":"https:\/\/brandss.com.py\/index\/?post_type=product&#038;p=93914"},"modified":"2025-11-14T18:50:53","modified_gmt":"2025-11-14T18:50:53","slug":"calzado-deportivo-unisex-diadora-barricade","status":"publish","type":"product","link":"https:\/\/brandss.com.py\/index\/producto\/calzado-deportivo-unisex-diadora-barricade\/","title":{"rendered":"CALZADO DEPORTIVO UNISEX DIADORA BARRICADE"},"content":{"rendered":"<p><img loading=\"lazy\" decoding=\"async\" class=\"\" src=\"https:\/\/upload.wikimedia.org\/wikipedia\/commons\/0\/00\/Logo_de_diadora.jpg\" alt=\"Archivo:Logo de diadora.jpg - Wikipedia, la enciclopedia libre\" width=\"120\" height=\"40\" \/><\/p>\n<h1>BARRICADE<\/h1>\n<p>Es un calzado unisex dise\u00f1ado para jugar en superficies sint\u00e9ticas o pistas peque\u00f1as. Est\u00e1 dise\u00f1ado para ofrecer buen agarre y estabilidad durante los cambios de direcci\u00f3n r\u00e1pidos, t\u00edpicos del f\u00fatbol 5 o en c\u00e9sped artificial. Es una opci\u00f3n pr\u00e1ctica para quienes juegan recreativamente o en ligas amatueras, ya que ofrece un balance entre durabilidad y ligereza.<\/p>\n<h3>Caracter\u00edsticas<\/h3>\n<div data-codigo=\"deporte\">Modelo: Cade-TF-T-7171.<\/div>\n<div data-codigo=\"deporte\">Color: Negro.<\/div>\n<div class=\"it\" data-codigo=\"deporte\"><span class=\"tit\">Deporte: <\/span><span class=\"val\">F\u00fatbol<\/span><\/div>\n<div class=\"it\" data-codigo=\"seccion\"><span class=\"tit\">G\u00e9nero: Unisex.<\/span><\/div>\n<div class=\"it\" data-codigo=\"estilo\"><span class=\"tit\">Estilo: Deportivo.<\/span><\/div>\n","protected":false},"excerpt":{"rendered":"<p>BARRICADE Es un calzado unisex dise\u00f1ado para jugar en superficies sint\u00e9ticas o pistas peque\u00f1as. Est\u00e1 dise\u00f1ado para ofrecer buen agarre<\/p>\n","protected":false},"featured_media":93915,"comment_status":"open","ping_status":"closed","template":"","meta":{"nf_dc_page":""},"product_brand":[1293],"product_cat":[73,76],"product_tag":[1408],"class_list":{"0":"post-93914","1":"product","2":"type-product","3":"status-publish","4":"has-post-thumbnail","6":"product_brand-diadora","7":"product_cat-femenino","8":"product_cat-masculino","9":"product_tag-cade-tf-t-7171","11":"first","12":"instock","13":"shipping-taxable","14":"purchasable","15":"product-type-simple"},"_links":{"self":[{"href":"https:\/\/brandss.com.py\/index\/wp-json\/wp\/v2\/product\/93914","targetHints":{"allow":["GET"]}}],"collection":[{"href":"https:\/\/brandss.com.py\/index\/wp-json\/wp\/v2\/product"}],"about":[{"href":"https:\/\/brandss.com.py\/index\/wp-json\/wp\/v2\/types\/product"}],"replies":[{"embeddable":true,"href":"https:\/\/brandss.com.py\/index\/wp-json\/wp\/v2\/comments?post=93914"}],"version-history":[{"count":2,"href":"https:\/\/brandss.com.py\/index\/wp-json\/wp\/v2\/product\/93914\/revisions"}],"predecessor-version":[{"id":93941,"href":"https:\/\/brandss.com.py\/index\/wp-json\/wp\/v2\/product\/93914\/revisions\/93941"}],"wp:featuredmedia":[{"embeddable":true,"href":"https:\/\/brandss.com.py\/index\/wp-json\/wp\/v2\/media\/93915"}],"wp:attachment":[{"href":"https:\/\/brandss.com.py\/index\/wp-json\/wp\/v2\/media?parent=93914"}],"wp:term":[{"taxonomy":"product_brand","embeddable":true,"href":"https:\/\/brandss.com.py\/index\/wp-json\/wp\/v2\/product_brand?post=93914"},{"taxonomy":"product_cat","embeddable":true,"href":"https:\/\/brandss.com.py\/index\/wp-json\/wp\/v2\/product_cat?post=93914"},{"taxonomy":"product_tag","embeddable":true,"href":"https:\/\/brandss.com.py\/index\/wp-json\/wp\/v2\/product_tag?post=93914"}],"curies":[{"name":"wp","href":"https:\/\/api.w.org\/{rel}","templated":true}]}}