{"id":93921,"date":"2025-11-14T16:52:34","date_gmt":"2025-11-14T16:52:34","guid":{"rendered":"https:\/\/brandss.com.py\/index\/?post_type=product&#038;p=93921"},"modified":"2025-11-14T18:50:42","modified_gmt":"2025-11-14T18:50:42","slug":"calzado-deportivo-masculino-diadora-sirio-2","status":"publish","type":"product","link":"https:\/\/brandss.com.py\/index\/producto\/calzado-deportivo-masculino-diadora-sirio-2\/","title":{"rendered":"CALZADO DEPORTIVO MASCULINO DIADORA SIRIO"},"content":{"rendered":"<p><img loading=\"lazy\" decoding=\"async\" class=\"\" src=\"https:\/\/upload.wikimedia.org\/wikipedia\/commons\/0\/00\/Logo_de_diadora.jpg\" alt=\"Archivo:Logo de diadora.jpg - Wikipedia, la enciclopedia libre\" width=\"123\" height=\"41\" \/><\/p>\n<h1>SIRIO ID M 713<\/h1>\n<p data-start=\"212\" data-end=\"319\">Es un calzado de f\u00fatbol indoor que est\u00e1 pensado para usarse en canchas de interior o superficies lisas y duras propias del sal\u00f3n o futsal. El dise\u00f1o es bastante deportivo, con un look agresivo pero sobrio al mismo tiempo. La parte superior una combinaci\u00f3n de materiales sint\u00e9ticos resistentes para soportar los movimientos r\u00e1pidos y continuos del juego de sal\u00f3n. La suela plana y lisa de goma para permitir buen agarre sin da\u00f1ar el piso. El calzado est\u00e1 pensado para ofrecer buen control, agilidad y soporte en las jugadas t\u00edpicas del futsal (cambios de direcci\u00f3n, aceleraciones, frenadas).<\/p>\n<h3 data-start=\"212\" data-end=\"319\">Detalles<\/h3>\n<p data-start=\"212\" data-end=\"319\">Modelo: SIRIO-ID-M-713.<\/p>\n<p data-start=\"212\" data-end=\"319\"><span class=\"tit\">Deporte: <\/span><span class=\"val\">F\u00fatbol.<\/span><\/p>\n<p data-start=\"212\" data-end=\"319\"><span class=\"tit\">G\u00e9nero: Masculino.<\/span><\/p>\n<div class=\"it\" data-codigo=\"estilo\"><span class=\"tit\">Estilo: <\/span><span class=\"val\">Sport.<\/span><\/div>\n","protected":false},"excerpt":{"rendered":"<p>SIRIO ID M 713 Es un calzado de f\u00fatbol indoor que est\u00e1 pensado para usarse en canchas de interior o<\/p>\n","protected":false},"featured_media":93922,"comment_status":"open","ping_status":"closed","template":"","meta":{"nf_dc_page":""},"product_brand":[1293],"product_cat":[76],"product_tag":[1409],"class_list":{"0":"post-93921","1":"product","2":"type-product","3":"status-publish","4":"has-post-thumbnail","6":"product_brand-diadora","7":"product_cat-masculino","8":"product_tag-sirio-id-m-713","10":"first","11":"instock","12":"shipping-taxable","13":"purchasable","14":"product-type-simple"},"_links":{"self":[{"href":"https:\/\/brandss.com.py\/index\/wp-json\/wp\/v2\/product\/93921","targetHints":{"allow":["GET"]}}],"collection":[{"href":"https:\/\/brandss.com.py\/index\/wp-json\/wp\/v2\/product"}],"about":[{"href":"https:\/\/brandss.com.py\/index\/wp-json\/wp\/v2\/types\/product"}],"replies":[{"embeddable":true,"href":"https:\/\/brandss.com.py\/index\/wp-json\/wp\/v2\/comments?post=93921"}],"version-history":[{"count":2,"href":"https:\/\/brandss.com.py\/index\/wp-json\/wp\/v2\/product\/93921\/revisions"}],"predecessor-version":[{"id":93940,"href":"https:\/\/brandss.com.py\/index\/wp-json\/wp\/v2\/product\/93921\/revisions\/93940"}],"wp:featuredmedia":[{"embeddable":true,"href":"https:\/\/brandss.com.py\/index\/wp-json\/wp\/v2\/media\/93922"}],"wp:attachment":[{"href":"https:\/\/brandss.com.py\/index\/wp-json\/wp\/v2\/media?parent=93921"}],"wp:term":[{"taxonomy":"product_brand","embeddable":true,"href":"https:\/\/brandss.com.py\/index\/wp-json\/wp\/v2\/product_brand?post=93921"},{"taxonomy":"product_cat","embeddable":true,"href":"https:\/\/brandss.com.py\/index\/wp-json\/wp\/v2\/product_cat?post=93921"},{"taxonomy":"product_tag","embeddable":true,"href":"https:\/\/brandss.com.py\/index\/wp-json\/wp\/v2\/product_tag?post=93921"}],"curies":[{"name":"wp","href":"https:\/\/api.w.org\/{rel}","templated":true}]}}