{"id":93928,"date":"2025-11-14T18:08:03","date_gmt":"2025-11-14T18:08:03","guid":{"rendered":"https:\/\/brandss.com.py\/index\/?post_type=product&#038;p=93928"},"modified":"2026-04-21T11:38:14","modified_gmt":"2026-04-21T11:38:14","slug":"calzado-deportivo-masculino-diadora-sirio","status":"publish","type":"product","link":"https:\/\/brandss.com.py\/index\/producto\/calzado-deportivo-masculino-diadora-sirio\/","title":{"rendered":"CALZADO DEPORTIVO MASCULINO DIADORA SIRIO"},"content":{"rendered":"<p><img loading=\"lazy\" decoding=\"async\" class=\"\" src=\"https:\/\/upload.wikimedia.org\/wikipedia\/commons\/0\/00\/Logo_de_diadora.jpg\" alt=\"Archivo:Logo de diadora.jpg - Wikipedia, la enciclopedia libre\" width=\"123\" height=\"41\" \/><\/p>\n<h1>SIRIO TF M 713<\/h1>\n<p data-start=\"336\" data-end=\"490\">Es un modelo para f\u00fatbol \u201csociety\u201d turf, est\u00e1 dise\u00f1ado para jugar en canchas peque\u00f1as o sobre c\u00e9sped sint\u00e9tico, aportando tracci\u00f3n y soporte adaptado a esas superficies. Tiene un dise\u00f1o deportivo y bastante visible gracias a los contrastes de color, lo que le da un look din\u00e1mico y moderno.<\/p>\n<p data-start=\"1163\" data-end=\"1383\">Este calzado esta pensado para ofrecer durabilidad y resistencia en el empeine, ya que debe soportar roces constantes y cambios de direcci\u00f3n. La suela de goma con taquitos peque\u00f1os \/ textura turf para dar tracci\u00f3n en superficies sint\u00e9ticas. La entresuela y plantilla\u00a0 combinan comodidad con estabilidad, para manejar el impacto de los movimientos r\u00e1pidos.<\/p>\n<h3 data-start=\"1163\" data-end=\"1383\">Detalles<\/h3>\n<p data-start=\"1163\" data-end=\"1383\">Modelo: SIRIO-TF-M-713.<\/p>\n<p data-start=\"1163\" data-end=\"1383\"><span class=\"tit\">Deporte: <\/span><span class=\"val\">F\u00fatbol.<\/span><\/p>\n<p data-start=\"1163\" data-end=\"1383\"><span class=\"tit\">G\u00e9nero: <\/span><span class=\"val\">Masculino.<\/span><\/p>\n<div class=\"it\" data-codigo=\"estilo\"><span class=\"tit\">Estilo: <\/span><span class=\"val\">Sport.<\/span><\/div>\n","protected":false},"excerpt":{"rendered":"<p>SIRIO TF M 713 Es un modelo para f\u00fatbol \u201csociety\u201d turf, est\u00e1 dise\u00f1ado para jugar en canchas peque\u00f1as o sobre<\/p>\n","protected":false},"featured_media":93929,"comment_status":"open","ping_status":"closed","template":"","meta":{"nf_dc_page":""},"product_brand":[1293],"product_cat":[76],"product_tag":[1410],"class_list":{"0":"post-93928","1":"product","2":"type-product","3":"status-publish","4":"has-post-thumbnail","6":"product_brand-diadora","7":"product_cat-masculino","8":"product_tag-sirio-tf-m-713","10":"first","11":"outofstock","12":"shipping-taxable","13":"purchasable","14":"product-type-simple"},"_links":{"self":[{"href":"https:\/\/brandss.com.py\/index\/wp-json\/wp\/v2\/product\/93928","targetHints":{"allow":["GET"]}}],"collection":[{"href":"https:\/\/brandss.com.py\/index\/wp-json\/wp\/v2\/product"}],"about":[{"href":"https:\/\/brandss.com.py\/index\/wp-json\/wp\/v2\/types\/product"}],"replies":[{"embeddable":true,"href":"https:\/\/brandss.com.py\/index\/wp-json\/wp\/v2\/comments?post=93928"}],"version-history":[{"count":2,"href":"https:\/\/brandss.com.py\/index\/wp-json\/wp\/v2\/product\/93928\/revisions"}],"predecessor-version":[{"id":93939,"href":"https:\/\/brandss.com.py\/index\/wp-json\/wp\/v2\/product\/93928\/revisions\/93939"}],"wp:featuredmedia":[{"embeddable":true,"href":"https:\/\/brandss.com.py\/index\/wp-json\/wp\/v2\/media\/93929"}],"wp:attachment":[{"href":"https:\/\/brandss.com.py\/index\/wp-json\/wp\/v2\/media?parent=93928"}],"wp:term":[{"taxonomy":"product_brand","embeddable":true,"href":"https:\/\/brandss.com.py\/index\/wp-json\/wp\/v2\/product_brand?post=93928"},{"taxonomy":"product_cat","embeddable":true,"href":"https:\/\/brandss.com.py\/index\/wp-json\/wp\/v2\/product_cat?post=93928"},{"taxonomy":"product_tag","embeddable":true,"href":"https:\/\/brandss.com.py\/index\/wp-json\/wp\/v2\/product_tag?post=93928"}],"curies":[{"name":"wp","href":"https:\/\/api.w.org\/{rel}","templated":true}]}}