{"id":93935,"date":"2025-11-14T18:32:13","date_gmt":"2025-11-14T18:32:13","guid":{"rendered":"https:\/\/brandss.com.py\/index\/?post_type=product&#038;p=93935"},"modified":"2025-11-14T18:32:57","modified_gmt":"2025-11-14T18:32:57","slug":"camiseta-deportivo-masculino-umbro-blast-mangas-largas","status":"publish","type":"product","link":"https:\/\/brandss.com.py\/index\/producto\/camiseta-deportivo-masculino-umbro-blast-mangas-largas\/","title":{"rendered":"CAMISETA DEPORTIVO MASCULINO UMBRO BLAST MANGAS LARGAS"},"content":{"rendered":"<p><img loading=\"lazy\" decoding=\"async\" class=\"\" src=\"https:\/\/upload.wikimedia.org\/wikipedia\/commons\/thumb\/2\/22\/Umbro_logo_%28current%29.svg\/2560px-Umbro_logo_%28current%29.svg.png\" alt=\"Archivo:Umbro logo (current).svg - Wikipedia, la enciclopedia libre\" width=\"76\" height=\"49\" \/><\/p>\n<h1>BLAST<\/h1>\n<div class=\"product-description user-content\">\n<p>&nbsp;<\/p>\n<p><span dir=\"auto\">La camiseta de portero Blast est\u00e1 confeccionada en 100% poli\u00e9ster, tiene cuello redondo, mangas largas con coderas acolchadas, pu\u00f1os el\u00e1sticos y el logotipo de Umbro bordado en el lado derecho del pecho. Ideal para entrenamientos o partidos. Si quieres sentirte c\u00f3modo en la porter\u00eda, \u00a1consigue la tuya ahora!<\/span><\/p>\n<h3>Detalles<\/h3>\n<p><span dir=\"auto\">Modelo: 2T06008.161.<\/span><\/p>\n<p><span dir=\"auto\">G\u00e9nero: Masculino.<\/span><\/p>\n<p>Color: Negro\/ Amarillo.<\/p>\n<p><span dir=\"auto\">Cuello: redondo.<\/span><\/p>\n<p><span dir=\"auto\">Mangas: largas con coderas acolchadas.<\/span><\/p>\n<p><span dir=\"auto\">Pu\u00f1os: el\u00e1sticos.<\/span><\/p>\n<p><span dir=\"auto\">Logotipo: de Umbro bordado en el lado derecho del pecho.<\/span><\/p>\n<p><span dir=\"auto\">Composici\u00f3n: 100% poli\u00e9ster.<\/span><\/p>\n<\/div>\n","protected":false},"excerpt":{"rendered":"<p>BLAST &nbsp; La camiseta de portero Blast est\u00e1 confeccionada en 100% poli\u00e9ster, tiene cuello redondo, mangas largas con coderas acolchadas,<\/p>\n","protected":false},"featured_media":93936,"comment_status":"open","ping_status":"closed","template":"","meta":{"nf_dc_page":""},"product_brand":[1309],"product_cat":[76],"product_tag":[1411],"class_list":{"0":"post-93935","1":"product","2":"type-product","3":"status-publish","4":"has-post-thumbnail","6":"product_brand-umbro","7":"product_cat-masculino","8":"product_tag-2t06008-161","10":"first","11":"instock","12":"shipping-taxable","13":"purchasable","14":"product-type-simple"},"_links":{"self":[{"href":"https:\/\/brandss.com.py\/index\/wp-json\/wp\/v2\/product\/93935","targetHints":{"allow":["GET"]}}],"collection":[{"href":"https:\/\/brandss.com.py\/index\/wp-json\/wp\/v2\/product"}],"about":[{"href":"https:\/\/brandss.com.py\/index\/wp-json\/wp\/v2\/types\/product"}],"replies":[{"embeddable":true,"href":"https:\/\/brandss.com.py\/index\/wp-json\/wp\/v2\/comments?post=93935"}],"version-history":[{"count":1,"href":"https:\/\/brandss.com.py\/index\/wp-json\/wp\/v2\/product\/93935\/revisions"}],"predecessor-version":[{"id":93938,"href":"https:\/\/brandss.com.py\/index\/wp-json\/wp\/v2\/product\/93935\/revisions\/93938"}],"wp:featuredmedia":[{"embeddable":true,"href":"https:\/\/brandss.com.py\/index\/wp-json\/wp\/v2\/media\/93936"}],"wp:attachment":[{"href":"https:\/\/brandss.com.py\/index\/wp-json\/wp\/v2\/media?parent=93935"}],"wp:term":[{"taxonomy":"product_brand","embeddable":true,"href":"https:\/\/brandss.com.py\/index\/wp-json\/wp\/v2\/product_brand?post=93935"},{"taxonomy":"product_cat","embeddable":true,"href":"https:\/\/brandss.com.py\/index\/wp-json\/wp\/v2\/product_cat?post=93935"},{"taxonomy":"product_tag","embeddable":true,"href":"https:\/\/brandss.com.py\/index\/wp-json\/wp\/v2\/product_tag?post=93935"}],"curies":[{"name":"wp","href":"https:\/\/api.w.org\/{rel}","templated":true}]}}