{"id":93948,"date":"2025-11-15T10:43:09","date_gmt":"2025-11-15T10:43:09","guid":{"rendered":"https:\/\/brandss.com.py\/index\/?post_type=product&#038;p=93948"},"modified":"2025-11-15T10:43:44","modified_gmt":"2025-11-15T10:43:44","slug":"camiseta-deportivo-masculino-umbro-twr-striker-mangas-cortas","status":"publish","type":"product","link":"https:\/\/brandss.com.py\/index\/producto\/camiseta-deportivo-masculino-umbro-twr-striker-mangas-cortas\/","title":{"rendered":"CAMISETA DEPORTIVO MASCULINO UMBRO TWR STRIKER MANGAS CORTAS"},"content":{"rendered":"<p><img loading=\"lazy\" decoding=\"async\" class=\"\" src=\"https:\/\/upload.wikimedia.org\/wikipedia\/commons\/thumb\/2\/22\/Umbro_logo_%28current%29.svg\/2560px-Umbro_logo_%28current%29.svg.png\" alt=\"Archivo:Umbro logo (current).svg - Wikipedia, la enciclopedia libre\" width=\"80\" height=\"52\" \/><\/p>\n<h1>TWR STRIKER<\/h1>\n<p>La camiseta blanca Umbro Twr Striker es la opci\u00f3n perfecta para cualquier tipo de entrenamiento o para ese partido de f\u00fatbol del fin de semana con los amigos. Con un dise\u00f1o moderno y materiales de alto rendimiento, ofrece comodidad, libertad de movimiento y estilo en cada jugada.<\/p>\n<div id=\"product-wrapper\" class=\"product-wrapper\">\n<div class=\"product-tabs\">\n<div class=\"tabs-content\">\n<div id=\"descricao\" class=\"tab rte description-ab active\">\n<p><span dir=\"auto\">Confeccionada en poli\u00e9ster, es superligera y resistente. Su dise\u00f1o garantiza total libertad de movimiento. <\/span><span dir=\"auto\">El cuello redondo ofrece un ajuste excelente. <\/span><span dir=\"auto\">El logo de Umbro en el frente demuestra que est\u00e1s aqu\u00ed para ganar.<\/span><\/p>\n<h3><strong><span dir=\"auto\">Caracter\u00edsticas<\/span><\/strong><\/h3>\n<p><span dir=\"auto\"><strong>Modelo:<\/strong> 6T160143-222.<\/span><\/p>\n<p><span dir=\"auto\"><strong>Composici\u00f3n:<\/strong> 100% poli\u00e9ster.<\/span><\/p>\n<p><span dir=\"auto\"><strong>Color:<\/strong> Blanco.<\/span><\/p>\n<p><span dir=\"auto\"><strong>G\u00e9nero:<\/strong> Masculino.<\/span><\/p>\n<p><span dir=\"auto\"><strong>Marca:<\/strong> Umbro.<\/span><\/p>\n<p><strong><span dir=\"auto\">Detalles:<\/span><\/strong><span dir=\"auto\"> Camiseta de manga corta, cuello redondo, logotipo de Umbro a la altura del pecho en el lado derecho, tejido ligero y duradero, con un corte tradicional.<\/span><\/p>\n<p><span dir=\"auto\">Dimensiones aproximadas (alto x ancho):<\/span><br \/>\n<span dir=\"auto\">S: 72 x 48 cm;<\/span><br \/>\n<span dir=\"auto\">M: 74 x 50 cm;<\/span><br \/>\n<span dir=\"auto\">L: 76 x 52 cm;<\/span><br \/>\n<span dir=\"auto\">XL: 80 x 54 cm<\/span><\/p>\n<\/div>\n<\/div>\n<\/div>\n<\/div>\n<div class=\"section-product-related\">\n<div class=\"container\">\n<div class=\"section-header\"><\/div>\n<\/div>\n<\/div>\n","protected":false},"excerpt":{"rendered":"<p>TWR STRIKER La camiseta blanca Umbro Twr Striker es la opci\u00f3n perfecta para cualquier tipo de entrenamiento o para ese<\/p>\n","protected":false},"featured_media":93949,"comment_status":"open","ping_status":"closed","template":"","meta":{"nf_dc_page":""},"product_brand":[1309],"product_cat":[76],"product_tag":[1413],"class_list":{"0":"post-93948","1":"product","2":"type-product","3":"status-publish","4":"has-post-thumbnail","6":"product_brand-umbro","7":"product_cat-masculino","8":"product_tag-6t160143-222","10":"first","11":"instock","12":"shipping-taxable","13":"purchasable","14":"product-type-simple"},"_links":{"self":[{"href":"https:\/\/brandss.com.py\/index\/wp-json\/wp\/v2\/product\/93948","targetHints":{"allow":["GET"]}}],"collection":[{"href":"https:\/\/brandss.com.py\/index\/wp-json\/wp\/v2\/product"}],"about":[{"href":"https:\/\/brandss.com.py\/index\/wp-json\/wp\/v2\/types\/product"}],"replies":[{"embeddable":true,"href":"https:\/\/brandss.com.py\/index\/wp-json\/wp\/v2\/comments?post=93948"}],"version-history":[{"count":1,"href":"https:\/\/brandss.com.py\/index\/wp-json\/wp\/v2\/product\/93948\/revisions"}],"predecessor-version":[{"id":93956,"href":"https:\/\/brandss.com.py\/index\/wp-json\/wp\/v2\/product\/93948\/revisions\/93956"}],"wp:featuredmedia":[{"embeddable":true,"href":"https:\/\/brandss.com.py\/index\/wp-json\/wp\/v2\/media\/93949"}],"wp:attachment":[{"href":"https:\/\/brandss.com.py\/index\/wp-json\/wp\/v2\/media?parent=93948"}],"wp:term":[{"taxonomy":"product_brand","embeddable":true,"href":"https:\/\/brandss.com.py\/index\/wp-json\/wp\/v2\/product_brand?post=93948"},{"taxonomy":"product_cat","embeddable":true,"href":"https:\/\/brandss.com.py\/index\/wp-json\/wp\/v2\/product_cat?post=93948"},{"taxonomy":"product_tag","embeddable":true,"href":"https:\/\/brandss.com.py\/index\/wp-json\/wp\/v2\/product_tag?post=93948"}],"curies":[{"name":"wp","href":"https:\/\/api.w.org\/{rel}","templated":true}]}}