{"id":93957,"date":"2025-11-15T10:56:35","date_gmt":"2025-11-15T10:56:35","guid":{"rendered":"https:\/\/brandss.com.py\/index\/?post_type=product&#038;p=93957"},"modified":"2025-11-15T10:57:38","modified_gmt":"2025-11-15T10:57:38","slug":"camiseta-deportivo-masculino-umbro-twr-fit-mangas-cortas","status":"publish","type":"product","link":"https:\/\/brandss.com.py\/index\/producto\/camiseta-deportivo-masculino-umbro-twr-fit-mangas-cortas\/","title":{"rendered":"CAMISETA DEPORTIVO MASCULINO UMBRO TWR FIT MANGAS CORTAS"},"content":{"rendered":"<p><img loading=\"lazy\" decoding=\"async\" class=\"\" src=\"https:\/\/upload.wikimedia.org\/wikipedia\/commons\/thumb\/2\/22\/Umbro_logo_%28current%29.svg\/2560px-Umbro_logo_%28current%29.svg.png\" alt=\"Archivo:Umbro logo (current).svg - Wikipedia, la enciclopedia libre\" width=\"109\" height=\"71\" \/><\/p>\n<h1>TWR FIT<\/h1>\n<p>Camiseta de hombre confeccionada en 100% poli\u00e9ster. Dise\u00f1o ragl\u00e1n con manga corta y cuello en V acanalado con detalle central. Los paneles laterales y de las mangas son de tejido texturizado. Luce el logotipo Umbro termoadhesivo sostenible en la parte superior derecha delantera.<\/p>\n<h2 class=\"vtex-store-components-3-x-specificationsTitle t-heading-5 mb5 mt0\"><span dir=\"auto\">Especificaciones<\/span><\/h2>\n<p class=\"vtex-store-components-3-x-specificationsTitle t-heading-5 mb5 mt0\">Estilo: Deportes.<\/p>\n<p class=\"vtex-store-components-3-x-specificationsTitle t-heading-5 mb5 mt0\">Deporte: Gimnasio y fitness \/ Entrenamiento.<\/p>\n<p class=\"vtex-store-components-3-x-specificationsTitle t-heading-5 mb5 mt0\">Material: externo Poli\u00e9ster.<\/p>\n<p>Modelo: <span class=\"vtex-store-components-3-x-productBrand vtex-store-components-3-x-productBrand--quickview \">6T160201-181.\u00a0<\/span><\/p>\n<p>Color: Negro.<\/p>\n","protected":false},"excerpt":{"rendered":"<p>TWR FIT Camiseta de hombre confeccionada en 100% poli\u00e9ster. Dise\u00f1o ragl\u00e1n con manga corta y cuello en V acanalado con<\/p>\n","protected":false},"featured_media":93958,"comment_status":"open","ping_status":"closed","template":"","meta":{"nf_dc_page":""},"product_brand":[1309],"product_cat":[76],"product_tag":[1414],"class_list":{"0":"post-93957","1":"product","2":"type-product","3":"status-publish","4":"has-post-thumbnail","6":"product_brand-umbro","7":"product_cat-masculino","8":"product_tag-6t160201-181","10":"first","11":"instock","12":"shipping-taxable","13":"purchasable","14":"product-type-simple"},"_links":{"self":[{"href":"https:\/\/brandss.com.py\/index\/wp-json\/wp\/v2\/product\/93957","targetHints":{"allow":["GET"]}}],"collection":[{"href":"https:\/\/brandss.com.py\/index\/wp-json\/wp\/v2\/product"}],"about":[{"href":"https:\/\/brandss.com.py\/index\/wp-json\/wp\/v2\/types\/product"}],"replies":[{"embeddable":true,"href":"https:\/\/brandss.com.py\/index\/wp-json\/wp\/v2\/comments?post=93957"}],"version-history":[{"count":1,"href":"https:\/\/brandss.com.py\/index\/wp-json\/wp\/v2\/product\/93957\/revisions"}],"predecessor-version":[{"id":93961,"href":"https:\/\/brandss.com.py\/index\/wp-json\/wp\/v2\/product\/93957\/revisions\/93961"}],"wp:featuredmedia":[{"embeddable":true,"href":"https:\/\/brandss.com.py\/index\/wp-json\/wp\/v2\/media\/93958"}],"wp:attachment":[{"href":"https:\/\/brandss.com.py\/index\/wp-json\/wp\/v2\/media?parent=93957"}],"wp:term":[{"taxonomy":"product_brand","embeddable":true,"href":"https:\/\/brandss.com.py\/index\/wp-json\/wp\/v2\/product_brand?post=93957"},{"taxonomy":"product_cat","embeddable":true,"href":"https:\/\/brandss.com.py\/index\/wp-json\/wp\/v2\/product_cat?post=93957"},{"taxonomy":"product_tag","embeddable":true,"href":"https:\/\/brandss.com.py\/index\/wp-json\/wp\/v2\/product_tag?post=93957"}],"curies":[{"name":"wp","href":"https:\/\/api.w.org\/{rel}","templated":true}]}}