{"id":93962,"date":"2025-11-15T11:22:10","date_gmt":"2025-11-15T11:22:10","guid":{"rendered":"https:\/\/brandss.com.py\/index\/?post_type=product&#038;p=93962"},"modified":"2025-11-15T11:22:42","modified_gmt":"2025-11-15T11:22:42","slug":"camiseta-deportivo-masculino-umbro-twr-fit-mangas-cortas-2","status":"publish","type":"product","link":"https:\/\/brandss.com.py\/index\/producto\/camiseta-deportivo-masculino-umbro-twr-fit-mangas-cortas-2\/","title":{"rendered":"CAMISETA DEPORTIVO MASCULINO UMBRO TWR FIT MANGAS CORTAS"},"content":{"rendered":"<p><img loading=\"lazy\" decoding=\"async\" class=\"\" src=\"https:\/\/upload.wikimedia.org\/wikipedia\/commons\/thumb\/2\/22\/Umbro_logo_%28current%29.svg\/2560px-Umbro_logo_%28current%29.svg.png\" alt=\"Archivo:Umbro logo (current).svg - Wikipedia, la enciclopedia libre\" width=\"75\" height=\"49\" \/><\/p>\n<h1>TWR FIT<\/h1>\n<p data-start=\"265\" data-end=\"385\">Es una camiseta de \u00e1rbitro de la l\u00ednea TWR Fit de Umbro. Est\u00e1 dise\u00f1ada para el uso en actividades deportivas, especialmente para \u00e1rbitros, por lo que prioriza ligereza, transpirabilidad y movilidad. Est\u00e1 confeccionada 100 % en poli\u00e9ster, este modelo usa una malla ligera que aporta buen tacto y ventilaci\u00f3n. El uso de poli\u00e9ster hace que la camiseta sea muy resistente, seca r\u00e1pido y sea c\u00f3moda para entrenamientos o partidos bajo carga de sudor.<\/p>\n<p data-start=\"1172\" data-end=\"1301\">Este modelo tiene un cuello redondo, el corte fit, ajustado sin llegar a ser ce\u00f1ido al cuerpo, lo que permite una buena combinaci\u00f3n entre comodidad y rendimiento. Incluye paneles en los lados para mejorar la ventilaci\u00f3n y movilidad. Tiene el logotipo cl\u00e1sico de Umbro visible, como es habitual en la l\u00ednea TWR Fit. El logo suele aplicarse con t\u00e9cnicas de termotransferencia (transfer), lo que le da un acabado limpio y duradero.<\/p>\n<h3 data-start=\"1172\" data-end=\"1301\">Detalles<\/h3>\n<p data-start=\"1172\" data-end=\"1301\">Modelo: 6T160201-686.<\/p>\n<p data-start=\"1172\" data-end=\"1301\">Color: Naranja Fluo\/Grafito.<\/p>\n<p data-start=\"1172\" data-end=\"1301\">Composici\u00f3n: 100% poli\u00e9ster.<\/p>\n<p data-start=\"1172\" data-end=\"1301\">G\u00e9nero: Masculino.<\/p>\n","protected":false},"excerpt":{"rendered":"<p>TWR FIT Es una camiseta de \u00e1rbitro de la l\u00ednea TWR Fit de Umbro. Est\u00e1 dise\u00f1ada para el uso en<\/p>\n","protected":false},"featured_media":93963,"comment_status":"open","ping_status":"closed","template":"","meta":{"nf_dc_page":""},"product_brand":[1309],"product_cat":[76],"product_tag":[1415],"class_list":{"0":"post-93962","1":"product","2":"type-product","3":"status-publish","4":"has-post-thumbnail","6":"product_brand-umbro","7":"product_cat-masculino","8":"product_tag-6t160201-686","10":"first","11":"instock","12":"shipping-taxable","13":"purchasable","14":"product-type-simple"},"_links":{"self":[{"href":"https:\/\/brandss.com.py\/index\/wp-json\/wp\/v2\/product\/93962","targetHints":{"allow":["GET"]}}],"collection":[{"href":"https:\/\/brandss.com.py\/index\/wp-json\/wp\/v2\/product"}],"about":[{"href":"https:\/\/brandss.com.py\/index\/wp-json\/wp\/v2\/types\/product"}],"replies":[{"embeddable":true,"href":"https:\/\/brandss.com.py\/index\/wp-json\/wp\/v2\/comments?post=93962"}],"version-history":[{"count":1,"href":"https:\/\/brandss.com.py\/index\/wp-json\/wp\/v2\/product\/93962\/revisions"}],"predecessor-version":[{"id":93965,"href":"https:\/\/brandss.com.py\/index\/wp-json\/wp\/v2\/product\/93962\/revisions\/93965"}],"wp:featuredmedia":[{"embeddable":true,"href":"https:\/\/brandss.com.py\/index\/wp-json\/wp\/v2\/media\/93963"}],"wp:attachment":[{"href":"https:\/\/brandss.com.py\/index\/wp-json\/wp\/v2\/media?parent=93962"}],"wp:term":[{"taxonomy":"product_brand","embeddable":true,"href":"https:\/\/brandss.com.py\/index\/wp-json\/wp\/v2\/product_brand?post=93962"},{"taxonomy":"product_cat","embeddable":true,"href":"https:\/\/brandss.com.py\/index\/wp-json\/wp\/v2\/product_cat?post=93962"},{"taxonomy":"product_tag","embeddable":true,"href":"https:\/\/brandss.com.py\/index\/wp-json\/wp\/v2\/product_tag?post=93962"}],"curies":[{"name":"wp","href":"https:\/\/api.w.org\/{rel}","templated":true}]}}