{"id":93966,"date":"2025-11-15T11:40:12","date_gmt":"2025-11-15T11:40:12","guid":{"rendered":"https:\/\/brandss.com.py\/index\/?post_type=product&#038;p=93966"},"modified":"2025-11-15T11:40:48","modified_gmt":"2025-11-15T11:40:48","slug":"bermuda-termica-deportivo-masculino-umbro-twr-double-diamond","status":"publish","type":"product","link":"https:\/\/brandss.com.py\/index\/producto\/bermuda-termica-deportivo-masculino-umbro-twr-double-diamond\/","title":{"rendered":"BERMUDA T\u00c9RMICA DEPORTIVO MASCULINO UMBRO TWR DOUBLE DIAMOND"},"content":{"rendered":"<p><img loading=\"lazy\" decoding=\"async\" class=\"\" src=\"https:\/\/upload.wikimedia.org\/wikipedia\/commons\/thumb\/2\/22\/Umbro_logo_%28current%29.svg\/2560px-Umbro_logo_%28current%29.svg.png\" alt=\"Archivo:Umbro logo (current).svg - Wikipedia, la enciclopedia libre\" width=\"80\" height=\"52\" \/><\/p>\n<h1>TWR DOUBLE DIAMOND<\/h1>\n<h5><em><span dir=\"auto\">\u00a1Descubre los shorts t\u00e9rmicos Umbro TWR Double Diamond para hombre!<\/span><\/em><\/h5>\n<p><span dir=\"auto\">Confeccionados con materiales resistentes, estos shorts ofrecen un ajuste perfecto y permiten una libertad de movimiento natural, ideales para practicar deporte, ya que previenen las rozaduras. Cuentan con cintura el\u00e1stica y un dise\u00f1o incre\u00edble. <\/span><\/p>\n<p><span dir=\"auto\">\u00a1Aprovecha el precio y c\u00f3mpralos ahora!<\/span><\/p>\n<h3>Especificaciones<\/h3>\n<p><span dir=\"auto\">Nombre: <\/span><span dir=\"auto\">Bermuda t\u00e9rmica Umbro con doble diamante.<\/span><br \/>\n<span dir=\"auto\">G\u00e9nero: <\/span><span dir=\"auto\">Masculino.<\/span><br \/>\n<span dir=\"auto\">Recomendado para: <\/span><span dir=\"auto\">Uso diario.<\/span><br \/>\n<span dir=\"auto\">Logotipo: <\/span><span dir=\"auto\">Estampado.<\/span><br \/>\n<span dir=\"auto\">Ajuste: <\/span><span dir=\"auto\">El\u00e1stico resistente.<\/span><br \/>\n<span dir=\"auto\">Composici\u00f3n: <\/span><span dir=\"auto\">88% Poliamida, 12% Elastano.<\/span><br \/>\n<span dir=\"auto\">Bolsillos: <\/span><span dir=\"auto\">No.<\/span><br \/>\n<span dir=\"auto\">Dimensiones aproximadas del producto (Alto x Ancho):\u00a0\u00a0<\/span><span dir=\"auto\">S: 42 x 34 cm M: 44 x 36 cm L: 46 x 38 cm XL: 48 x 40 cm.<\/span><br \/>\n<span dir=\"auto\">Modelo: <\/span><span style=\"color: #1d1d1d;font-family: Montserrat, sans-serif\"><span dir=\"auto\">8T090002-222.<\/span><\/span><br \/>\n<span dir=\"auto\">Marca: <\/span><span dir=\"auto\">Umbro.<\/span><\/p>\n","protected":false},"excerpt":{"rendered":"<p>TWR DOUBLE DIAMOND \u00a1Descubre los shorts t\u00e9rmicos Umbro TWR Double Diamond para hombre! Confeccionados con materiales resistentes, estos shorts ofrecen<\/p>\n","protected":false},"featured_media":93967,"comment_status":"open","ping_status":"closed","template":"","meta":{"nf_dc_page":""},"product_brand":[1309],"product_cat":[76],"product_tag":[1416],"class_list":{"0":"post-93966","1":"product","2":"type-product","3":"status-publish","4":"has-post-thumbnail","6":"product_brand-umbro","7":"product_cat-masculino","8":"product_tag-8t090002-222","10":"first","11":"instock","12":"shipping-taxable","13":"purchasable","14":"product-type-simple"},"_links":{"self":[{"href":"https:\/\/brandss.com.py\/index\/wp-json\/wp\/v2\/product\/93966","targetHints":{"allow":["GET"]}}],"collection":[{"href":"https:\/\/brandss.com.py\/index\/wp-json\/wp\/v2\/product"}],"about":[{"href":"https:\/\/brandss.com.py\/index\/wp-json\/wp\/v2\/types\/product"}],"replies":[{"embeddable":true,"href":"https:\/\/brandss.com.py\/index\/wp-json\/wp\/v2\/comments?post=93966"}],"version-history":[{"count":1,"href":"https:\/\/brandss.com.py\/index\/wp-json\/wp\/v2\/product\/93966\/revisions"}],"predecessor-version":[{"id":93971,"href":"https:\/\/brandss.com.py\/index\/wp-json\/wp\/v2\/product\/93966\/revisions\/93971"}],"wp:featuredmedia":[{"embeddable":true,"href":"https:\/\/brandss.com.py\/index\/wp-json\/wp\/v2\/media\/93967"}],"wp:attachment":[{"href":"https:\/\/brandss.com.py\/index\/wp-json\/wp\/v2\/media?parent=93966"}],"wp:term":[{"taxonomy":"product_brand","embeddable":true,"href":"https:\/\/brandss.com.py\/index\/wp-json\/wp\/v2\/product_brand?post=93966"},{"taxonomy":"product_cat","embeddable":true,"href":"https:\/\/brandss.com.py\/index\/wp-json\/wp\/v2\/product_cat?post=93966"},{"taxonomy":"product_tag","embeddable":true,"href":"https:\/\/brandss.com.py\/index\/wp-json\/wp\/v2\/product_tag?post=93966"}],"curies":[{"name":"wp","href":"https:\/\/api.w.org\/{rel}","templated":true}]}}