{"id":93978,"date":"2025-11-15T14:20:04","date_gmt":"2025-11-15T14:20:04","guid":{"rendered":"https:\/\/brandss.com.py\/index\/?post_type=product&#038;p=93978"},"modified":"2025-11-15T14:22:47","modified_gmt":"2025-11-15T14:22:47","slug":"camiseta-polo-casual-masculino-umbro-traditional-club-mangas-cortas","status":"publish","type":"product","link":"https:\/\/brandss.com.py\/index\/producto\/camiseta-polo-casual-masculino-umbro-traditional-club-mangas-cortas\/","title":{"rendered":"CAMISETA POLO CASUAL MASCULINO UMBRO TRADITIONAL CLUB MANGAS CORTAS"},"content":{"rendered":"<p><img loading=\"lazy\" decoding=\"async\" class=\"\" src=\"https:\/\/upload.wikimedia.org\/wikipedia\/commons\/thumb\/2\/22\/Umbro_logo_%28current%29.svg\/2560px-Umbro_logo_%28current%29.svg.png\" alt=\"Archivo:Umbro logo (current).svg - Wikipedia, la enciclopedia libre\" width=\"89\" height=\"58\" \/><\/p>\n<h1>TRADITIONAL CLUB<\/h1>\n<div class=\"content-product center\">\n<p class=\"product-description reset-default\"><span dir=\"auto\">Es perfecto para hombres que buscan estilo y comodidad en eventos informales. Confeccionado en algod\u00f3n y poli\u00e9ster, luce el logo de la marca en el pecho y presenta un dise\u00f1o en gris jaspeado.<\/span><\/p>\n<h3 class=\"product-description reset-default\"><span dir=\"auto\">Detalles<\/span><\/h3>\n<p class=\"product-description reset-default\">\nModelo: U11L099-888.<\/p>\n<p class=\"product-description reset-default\"><span dir=\"auto\">Composici\u00f3n: 52% poli\u00e9ster y 48% algod\u00f3n.<\/span><\/p>\n<p><span dir=\"auto\">Color: Gris jaspeado. <\/span><\/p>\n<p class=\"product-description reset-default\"><span dir=\"auto\">Cuello<\/span><span dir=\"auto\">: Polo, con cierre de bot\u00f3n.<\/span><\/p>\n<p><span dir=\"auto\">Uso: Informal.<\/span><\/p>\n<p><span dir=\"auto\">G\u00e9nero: Masculino.<\/span><\/p>\n<p><span dir=\"auto\">Origen: Nacional.<\/span><\/p>\n<p><span dir=\"auto\">Logo: Estampado<\/span><span dir=\"auto\">. <\/span><\/p>\n<p class=\"product-description reset-default\"><span dir=\"auto\">Manga: Corta.<\/span><\/p>\n<p class=\"product-description reset-default\"><span dir=\"auto\">Dimensiones aproximadas (alto x ancho):<\/span><\/p>\n<p><span dir=\"auto\">S: 69 x 54 cm.<\/span><\/p>\n<p><span dir=\"auto\">M: 71 x 56 cm.<\/span><\/p>\n<p><span dir=\"auto\">L: 73 x 58 cm.<\/span><\/p>\n<p><span dir=\"auto\">XL: 75 x 60 cm.<\/span><\/p>\n<p><span dir=\"auto\">XXL: 77 x 62 cm.<\/span><\/p>\n<\/div>\n<div class=\"product-comments\">\n<div class=\"center\">\n<div class=\"navigation\"><\/div>\n<\/div>\n<\/div>\n","protected":false},"excerpt":{"rendered":"<p>TRADITIONAL CLUB Es perfecto para hombres que buscan estilo y comodidad en eventos informales. Confeccionado en algod\u00f3n y poli\u00e9ster, luce<\/p>\n","protected":false},"featured_media":93979,"comment_status":"open","ping_status":"closed","template":"","meta":{"nf_dc_page":""},"product_brand":[1309],"product_cat":[76],"product_tag":[1418],"class_list":{"0":"post-93978","1":"product","2":"type-product","3":"status-publish","4":"has-post-thumbnail","6":"product_brand-umbro","7":"product_cat-masculino","8":"product_tag-u11l099-888","10":"first","11":"instock","12":"shipping-taxable","13":"purchasable","14":"product-type-simple"},"_links":{"self":[{"href":"https:\/\/brandss.com.py\/index\/wp-json\/wp\/v2\/product\/93978","targetHints":{"allow":["GET"]}}],"collection":[{"href":"https:\/\/brandss.com.py\/index\/wp-json\/wp\/v2\/product"}],"about":[{"href":"https:\/\/brandss.com.py\/index\/wp-json\/wp\/v2\/types\/product"}],"replies":[{"embeddable":true,"href":"https:\/\/brandss.com.py\/index\/wp-json\/wp\/v2\/comments?post=93978"}],"version-history":[{"count":1,"href":"https:\/\/brandss.com.py\/index\/wp-json\/wp\/v2\/product\/93978\/revisions"}],"predecessor-version":[{"id":93986,"href":"https:\/\/brandss.com.py\/index\/wp-json\/wp\/v2\/product\/93978\/revisions\/93986"}],"wp:featuredmedia":[{"embeddable":true,"href":"https:\/\/brandss.com.py\/index\/wp-json\/wp\/v2\/media\/93979"}],"wp:attachment":[{"href":"https:\/\/brandss.com.py\/index\/wp-json\/wp\/v2\/media?parent=93978"}],"wp:term":[{"taxonomy":"product_brand","embeddable":true,"href":"https:\/\/brandss.com.py\/index\/wp-json\/wp\/v2\/product_brand?post=93978"},{"taxonomy":"product_cat","embeddable":true,"href":"https:\/\/brandss.com.py\/index\/wp-json\/wp\/v2\/product_cat?post=93978"},{"taxonomy":"product_tag","embeddable":true,"href":"https:\/\/brandss.com.py\/index\/wp-json\/wp\/v2\/product_tag?post=93978"}],"curies":[{"name":"wp","href":"https:\/\/api.w.org\/{rel}","templated":true}]}}