{"id":93991,"date":"2025-11-15T16:37:47","date_gmt":"2025-11-15T16:37:47","guid":{"rendered":"https:\/\/brandss.com.py\/index\/?post_type=product&#038;p=93991"},"modified":"2025-11-15T16:38:41","modified_gmt":"2025-11-15T16:38:41","slug":"camiseta-deportivo-masculino-umbro-blend-tape-mangas-cortas","status":"publish","type":"product","link":"https:\/\/brandss.com.py\/index\/producto\/camiseta-deportivo-masculino-umbro-blend-tape-mangas-cortas\/","title":{"rendered":"CAMISETA DEPORTIVO MASCULINO UMBRO BLEND TAPE MANGAS CORTAS"},"content":{"rendered":"<p><img loading=\"lazy\" decoding=\"async\" class=\"\" src=\"https:\/\/upload.wikimedia.org\/wikipedia\/commons\/thumb\/2\/22\/Umbro_logo_%28current%29.svg\/2560px-Umbro_logo_%28current%29.svg.png\" alt=\"Archivo:Umbro logo (current).svg - Wikipedia, la enciclopedia libre\" width=\"96\" height=\"62\" \/><\/p>\n<h1>BLEND TAPE<\/h1>\n<p>Confeccionada en tejido 100% poliamida, la camiseta Umbro Blend Tape es ligera y resistente. Incorpora un hilo t\u00e9cnico que ofrece secado r\u00e1pido, protecci\u00f3n UV 15+, transpirabilidad y una sensaci\u00f3n de ligereza. Presenta cuello redondo, mangas ragl\u00e1n y el logotipo de Umbro en la parte delantera.<\/p>\n<h2 class=\"vtex-store-components-3-x-specificationsTitle t-heading-5 mb5 mt0\">Especificaciones<\/h2>\n<p class=\"vtex-store-components-3-x-specificationsTitle t-heading-5 mb5 mt0\"><span class=\"vtex-product-identifier-0-x-product-identifier__label\"><span dir=\"auto\">Modelo<\/span><\/span><span class=\"vtex-product-identifier-0-x-product-identifier__separator\"><span dir=\"auto\">:\u00a0<\/span><\/span><span class=\"vtex-product-identifier-0-x-product-identifier__value\"><span dir=\"auto\">U11TW043-777.<\/span><\/span><br \/>\nCategor\u00eda: Entrenamiento.<br \/>\nG\u00e9nero: Masculino.<br \/>\nColor: Mezcla marina\/Marino.<br \/>\nComposici\u00f3n: 100%\u00a0 Poliamida.<\/p>\n","protected":false},"excerpt":{"rendered":"<p>BLEND TAPE Confeccionada en tejido 100% poliamida, la camiseta Umbro Blend Tape es ligera y resistente. Incorpora un hilo t\u00e9cnico<\/p>\n","protected":false},"featured_media":93992,"comment_status":"open","ping_status":"closed","template":"","meta":{"nf_dc_page":""},"product_brand":[1309],"product_cat":[76],"product_tag":[1420],"class_list":{"0":"post-93991","1":"product","2":"type-product","3":"status-publish","4":"has-post-thumbnail","6":"product_brand-umbro","7":"product_cat-masculino","8":"product_tag-u11tw043-777","10":"first","11":"instock","12":"shipping-taxable","13":"purchasable","14":"product-type-simple"},"_links":{"self":[{"href":"https:\/\/brandss.com.py\/index\/wp-json\/wp\/v2\/product\/93991","targetHints":{"allow":["GET"]}}],"collection":[{"href":"https:\/\/brandss.com.py\/index\/wp-json\/wp\/v2\/product"}],"about":[{"href":"https:\/\/brandss.com.py\/index\/wp-json\/wp\/v2\/types\/product"}],"replies":[{"embeddable":true,"href":"https:\/\/brandss.com.py\/index\/wp-json\/wp\/v2\/comments?post=93991"}],"version-history":[{"count":1,"href":"https:\/\/brandss.com.py\/index\/wp-json\/wp\/v2\/product\/93991\/revisions"}],"predecessor-version":[{"id":93996,"href":"https:\/\/brandss.com.py\/index\/wp-json\/wp\/v2\/product\/93991\/revisions\/93996"}],"wp:featuredmedia":[{"embeddable":true,"href":"https:\/\/brandss.com.py\/index\/wp-json\/wp\/v2\/media\/93992"}],"wp:attachment":[{"href":"https:\/\/brandss.com.py\/index\/wp-json\/wp\/v2\/media?parent=93991"}],"wp:term":[{"taxonomy":"product_brand","embeddable":true,"href":"https:\/\/brandss.com.py\/index\/wp-json\/wp\/v2\/product_brand?post=93991"},{"taxonomy":"product_cat","embeddable":true,"href":"https:\/\/brandss.com.py\/index\/wp-json\/wp\/v2\/product_cat?post=93991"},{"taxonomy":"product_tag","embeddable":true,"href":"https:\/\/brandss.com.py\/index\/wp-json\/wp\/v2\/product_tag?post=93991"}],"curies":[{"name":"wp","href":"https:\/\/api.w.org\/{rel}","templated":true}]}}