{"id":93997,"date":"2025-11-15T17:01:09","date_gmt":"2025-11-15T17:01:09","guid":{"rendered":"https:\/\/brandss.com.py\/index\/?post_type=product&#038;p=93997"},"modified":"2025-11-15T17:01:35","modified_gmt":"2025-11-15T17:01:35","slug":"camiseta-deportivo-masculino-umbro-diamond-relief-mangas-cortas","status":"publish","type":"product","link":"https:\/\/brandss.com.py\/index\/producto\/camiseta-deportivo-masculino-umbro-diamond-relief-mangas-cortas\/","title":{"rendered":"CAMISETA DEPORTIVO MASCULINO UMBRO DIAMOND RELIEF MANGAS CORTAS"},"content":{"rendered":"<p><img loading=\"lazy\" decoding=\"async\" class=\"\" src=\"https:\/\/upload.wikimedia.org\/wikipedia\/commons\/thumb\/2\/22\/Umbro_logo_%28current%29.svg\/2560px-Umbro_logo_%28current%29.svg.png\" alt=\"Archivo:Umbro logo (current).svg - Wikipedia, la enciclopedia libre\" width=\"80\" height=\"52\" \/><\/p>\n<h1>DIAMOND RELIEF<\/h1>\n<p class=\"features--description\" data-v-705c2b21=\"\"><span dir=\"auto\">\u00a1La camiseta Umbro Diamond Relief llega para ofrecerte practicidad y comodidad en tu d\u00eda a d\u00eda! Confeccionada en algod\u00f3n de alta calidad, la camiseta Umbro Diamond Relief presenta cuello redondo, manga corta, corte cl\u00e1sico y una ca\u00edda uniforme, ideal para garantizar comodidad y un buen rendimiento durante tus actividades y entrenamientos diarios. \u00a1C\u00f3mprala ya!<\/span><\/p>\n<h3>Detalles<\/h3>\n<ul class=\"features--attributes\" data-v-705c2b21=\"\">\n<li data-v-705c2b21=\"\"><strong data-v-705c2b21=\"\"><span dir=\"auto\">Modelo:<\/span><\/strong><span dir=\"auto\"> U11TW066-303.<\/span><\/li>\n<li data-v-705c2b21=\"\"><strong data-v-705c2b21=\"\"><span dir=\"auto\">G\u00e9nero:<\/span><\/strong><span dir=\"auto\"> Masculino.<\/span><\/li>\n<li data-v-705c2b21=\"\"><strong>Color:<\/strong> Azul\/ Naranja.<\/li>\n<li data-v-705c2b21=\"\"><strong data-v-705c2b21=\"\"><span dir=\"auto\">Recomendado para:<\/span><\/strong><span dir=\"auto\"> Uso diario.<\/span><\/li>\n<li data-v-705c2b21=\"\"><strong data-v-705c2b21=\"\">Tipo:<\/strong> Camiseta.<\/li>\n<li data-v-705c2b21=\"\"><strong data-v-705c2b21=\"\"><span dir=\"auto\">Escote:<\/span><\/strong><span dir=\"auto\"> V.<\/span><\/li>\n<li data-v-705c2b21=\"\"><strong data-v-705c2b21=\"\"><span dir=\"auto\">Manga:<\/span><\/strong><span dir=\"auto\"> Manga corta.<\/span><\/li>\n<li data-v-705c2b21=\"\"><strong data-v-705c2b21=\"\"><span dir=\"auto\">Composici\u00f3n:<\/span><\/strong><span dir=\"auto\"> 100% poli\u00e9ster.<\/span><\/li>\n<li data-v-705c2b21=\"\"><strong data-v-705c2b21=\"\"><span dir=\"auto\">Marca:\u00a0<\/span><\/strong><span dir=\"auto\">Umbro.<\/span><\/li>\n<\/ul>\n","protected":false},"excerpt":{"rendered":"<p>DIAMOND RELIEF \u00a1La camiseta Umbro Diamond Relief llega para ofrecerte practicidad y comodidad en tu d\u00eda a d\u00eda! Confeccionada en<\/p>\n","protected":false},"featured_media":93998,"comment_status":"open","ping_status":"closed","template":"","meta":{"nf_dc_page":""},"product_brand":[1309],"product_cat":[76],"product_tag":[1421],"class_list":{"0":"post-93997","1":"product","2":"type-product","3":"status-publish","4":"has-post-thumbnail","6":"product_brand-umbro","7":"product_cat-masculino","8":"product_tag-u11tw066-303","10":"first","11":"instock","12":"shipping-taxable","13":"purchasable","14":"product-type-simple"},"_links":{"self":[{"href":"https:\/\/brandss.com.py\/index\/wp-json\/wp\/v2\/product\/93997","targetHints":{"allow":["GET"]}}],"collection":[{"href":"https:\/\/brandss.com.py\/index\/wp-json\/wp\/v2\/product"}],"about":[{"href":"https:\/\/brandss.com.py\/index\/wp-json\/wp\/v2\/types\/product"}],"replies":[{"embeddable":true,"href":"https:\/\/brandss.com.py\/index\/wp-json\/wp\/v2\/comments?post=93997"}],"version-history":[{"count":1,"href":"https:\/\/brandss.com.py\/index\/wp-json\/wp\/v2\/product\/93997\/revisions"}],"predecessor-version":[{"id":94003,"href":"https:\/\/brandss.com.py\/index\/wp-json\/wp\/v2\/product\/93997\/revisions\/94003"}],"wp:featuredmedia":[{"embeddable":true,"href":"https:\/\/brandss.com.py\/index\/wp-json\/wp\/v2\/media\/93998"}],"wp:attachment":[{"href":"https:\/\/brandss.com.py\/index\/wp-json\/wp\/v2\/media?parent=93997"}],"wp:term":[{"taxonomy":"product_brand","embeddable":true,"href":"https:\/\/brandss.com.py\/index\/wp-json\/wp\/v2\/product_brand?post=93997"},{"taxonomy":"product_cat","embeddable":true,"href":"https:\/\/brandss.com.py\/index\/wp-json\/wp\/v2\/product_cat?post=93997"},{"taxonomy":"product_tag","embeddable":true,"href":"https:\/\/brandss.com.py\/index\/wp-json\/wp\/v2\/product_tag?post=93997"}],"curies":[{"name":"wp","href":"https:\/\/api.w.org\/{rel}","templated":true}]}}