{"id":94014,"date":"2025-11-17T13:55:25","date_gmt":"2025-11-17T13:55:25","guid":{"rendered":"https:\/\/brandss.com.py\/index\/?post_type=product&#038;p=94014"},"modified":"2025-11-17T13:56:34","modified_gmt":"2025-11-17T13:56:34","slug":"camiseta-casual-masculino-umbro-fs-classics-mangas-cortas","status":"publish","type":"product","link":"https:\/\/brandss.com.py\/index\/producto\/camiseta-casual-masculino-umbro-fs-classics-mangas-cortas\/","title":{"rendered":"CAMISETA CASUAL MASCULINO UMBRO FS CLASSICS MANGAS CORTAS"},"content":{"rendered":"<p><img loading=\"lazy\" decoding=\"async\" class=\"\" src=\"https:\/\/upload.wikimedia.org\/wikipedia\/commons\/thumb\/2\/22\/Umbro_logo_%28current%29.svg\/2560px-Umbro_logo_%28current%29.svg.png\" alt=\"Archivo:Umbro logo (current).svg - Wikipedia, la enciclopedia libre\" width=\"119\" height=\"77\" \/><\/p>\n<h1>FS CLASSICS<\/h1>\n<p>El polo Umbro FS Classics para hombre combina comodidad y estilo, aportando un toque atemporal a tu armario. Confeccionado en algod\u00f3n y poli\u00e9ster, esta prenda es incre\u00edblemente suave y permite una total libertad de movimiento. El logotipo de Umbro le da un toque moderno.<\/p>\n<h3>Especificaciones<\/h3>\n<p>Modelo: <span class=\"vtex-product-identifier-0-x-product-identifier__value\"><span dir=\"auto\">2S54018-111.<\/span><\/span><\/p>\n<p>Categor\u00eda: Casual.<\/p>\n<p>G\u00e9nero: Masculino.<\/p>\n<p>Color: Negro.<\/p>\n<p>Composici\u00f3n: 50% Algod\u00f3n, 50% Poli\u00e9ster.<\/p>\n","protected":false},"excerpt":{"rendered":"<p>FS CLASSICS El polo Umbro FS Classics para hombre combina comodidad y estilo, aportando un toque atemporal a tu armario.<\/p>\n","protected":false},"featured_media":94015,"comment_status":"open","ping_status":"closed","template":"","meta":{"nf_dc_page":""},"product_brand":[1309],"product_cat":[76],"product_tag":[1425],"class_list":{"0":"post-94014","1":"product","2":"type-product","3":"status-publish","4":"has-post-thumbnail","6":"product_brand-umbro","7":"product_cat-masculino","8":"product_tag-2s54018-111","10":"first","11":"instock","12":"shipping-taxable","13":"purchasable","14":"product-type-simple"},"_links":{"self":[{"href":"https:\/\/brandss.com.py\/index\/wp-json\/wp\/v2\/product\/94014","targetHints":{"allow":["GET"]}}],"collection":[{"href":"https:\/\/brandss.com.py\/index\/wp-json\/wp\/v2\/product"}],"about":[{"href":"https:\/\/brandss.com.py\/index\/wp-json\/wp\/v2\/types\/product"}],"replies":[{"embeddable":true,"href":"https:\/\/brandss.com.py\/index\/wp-json\/wp\/v2\/comments?post=94014"}],"version-history":[{"count":1,"href":"https:\/\/brandss.com.py\/index\/wp-json\/wp\/v2\/product\/94014\/revisions"}],"predecessor-version":[{"id":94020,"href":"https:\/\/brandss.com.py\/index\/wp-json\/wp\/v2\/product\/94014\/revisions\/94020"}],"wp:featuredmedia":[{"embeddable":true,"href":"https:\/\/brandss.com.py\/index\/wp-json\/wp\/v2\/media\/94015"}],"wp:attachment":[{"href":"https:\/\/brandss.com.py\/index\/wp-json\/wp\/v2\/media?parent=94014"}],"wp:term":[{"taxonomy":"product_brand","embeddable":true,"href":"https:\/\/brandss.com.py\/index\/wp-json\/wp\/v2\/product_brand?post=94014"},{"taxonomy":"product_cat","embeddable":true,"href":"https:\/\/brandss.com.py\/index\/wp-json\/wp\/v2\/product_cat?post=94014"},{"taxonomy":"product_tag","embeddable":true,"href":"https:\/\/brandss.com.py\/index\/wp-json\/wp\/v2\/product_tag?post=94014"}],"curies":[{"name":"wp","href":"https:\/\/api.w.org\/{rel}","templated":true}]}}