{"id":94028,"date":"2025-11-17T14:38:40","date_gmt":"2025-11-17T14:38:40","guid":{"rendered":"https:\/\/brandss.com.py\/index\/?post_type=product&#038;p=94028"},"modified":"2025-11-17T14:39:33","modified_gmt":"2025-11-17T14:39:33","slug":"short-deportivo-masculino-umbro-diamond-duo-2","status":"publish","type":"product","link":"https:\/\/brandss.com.py\/index\/producto\/short-deportivo-masculino-umbro-diamond-duo-2\/","title":{"rendered":"SHORT DEPORTIVO MASCULINO UMBRO DIAMOND DUO"},"content":{"rendered":"<p><img loading=\"lazy\" decoding=\"async\" class=\"\" src=\"https:\/\/upload.wikimedia.org\/wikipedia\/commons\/thumb\/2\/22\/Umbro_logo_%28current%29.svg\/2560px-Umbro_logo_%28current%29.svg.png\" alt=\"Archivo:Umbro logo (current).svg - Wikipedia, la enciclopedia libre\" width=\"106\" height=\"69\" \/><\/p>\n<h1>DIAMOND DUO<\/h1>\n<p>Los pantalones cortos tipo bermuda para hombre son ideales para el gimnasio, correr y entrenar. Perfectos para quienes buscan maximizar su rendimiento deportivo con estilo y comodidad. Dise\u00f1ados para resistir desde los entrenamientos m\u00e1s intensos hasta las carreras de larga distancia, ofrecen una combinaci\u00f3n perfecta de funcionalidad, durabilidad y dise\u00f1o moderno.<\/p>\n<h3>Especificaciones<\/h3>\n<p>G\u00e9nero: Unisex.<br \/>\nMarca: Umbro.<br \/>\nEstilo: Deportivo.<br \/>\nMaterial interior: Tejido ligero.<br \/>\nModelo: U11l501037-888.<br \/>\nEstilo: Deportes.<br \/>\nMaterial interno: Tejido ligero.<br \/>\nMaterial externo: poli\u00e9ster de alta calidad.<br \/>\nRecomendado para: Gimnasio, correr, entrenamiento, uso de deportes.<br \/>\nComposici\u00f3n: 100% poli\u00e9ster.<br \/>\nAdiciones de productos: Secado r\u00e1pido, ligero, transpirable, libertad de movimiento.<\/p>\n<p>IMPORTANTE: Las im\u00e1genes del producto corresponden a los productos reales; sin embargo, son im\u00e1genes ilustrativas y pueden variar seg\u00fan la resoluci\u00f3n de su monitor, su percepci\u00f3n visual o la iluminaci\u00f3n. Los objetos decorativos que aparecen en las im\u00e1genes no est\u00e1n incluidos con los productos.<\/p>\n","protected":false},"excerpt":{"rendered":"<p>DIAMOND DUO Los pantalones cortos tipo bermuda para hombre son ideales para el gimnasio, correr y entrenar. Perfectos para quienes<\/p>\n","protected":false},"featured_media":94029,"comment_status":"open","ping_status":"closed","template":"","meta":{"nf_dc_page":""},"product_brand":[1309],"product_cat":[76],"product_tag":[1427],"class_list":{"0":"post-94028","1":"product","2":"type-product","3":"status-publish","4":"has-post-thumbnail","6":"product_brand-umbro","7":"product_cat-masculino","8":"product_tag-u11l501037-888","10":"first","11":"instock","12":"shipping-taxable","13":"purchasable","14":"product-type-simple"},"_links":{"self":[{"href":"https:\/\/brandss.com.py\/index\/wp-json\/wp\/v2\/product\/94028","targetHints":{"allow":["GET"]}}],"collection":[{"href":"https:\/\/brandss.com.py\/index\/wp-json\/wp\/v2\/product"}],"about":[{"href":"https:\/\/brandss.com.py\/index\/wp-json\/wp\/v2\/types\/product"}],"replies":[{"embeddable":true,"href":"https:\/\/brandss.com.py\/index\/wp-json\/wp\/v2\/comments?post=94028"}],"version-history":[{"count":1,"href":"https:\/\/brandss.com.py\/index\/wp-json\/wp\/v2\/product\/94028\/revisions"}],"predecessor-version":[{"id":94033,"href":"https:\/\/brandss.com.py\/index\/wp-json\/wp\/v2\/product\/94028\/revisions\/94033"}],"wp:featuredmedia":[{"embeddable":true,"href":"https:\/\/brandss.com.py\/index\/wp-json\/wp\/v2\/media\/94029"}],"wp:attachment":[{"href":"https:\/\/brandss.com.py\/index\/wp-json\/wp\/v2\/media?parent=94028"}],"wp:term":[{"taxonomy":"product_brand","embeddable":true,"href":"https:\/\/brandss.com.py\/index\/wp-json\/wp\/v2\/product_brand?post=94028"},{"taxonomy":"product_cat","embeddable":true,"href":"https:\/\/brandss.com.py\/index\/wp-json\/wp\/v2\/product_cat?post=94028"},{"taxonomy":"product_tag","embeddable":true,"href":"https:\/\/brandss.com.py\/index\/wp-json\/wp\/v2\/product_tag?post=94028"}],"curies":[{"name":"wp","href":"https:\/\/api.w.org\/{rel}","templated":true}]}}