{"id":94039,"date":"2025-11-17T17:09:14","date_gmt":"2025-11-17T17:09:14","guid":{"rendered":"https:\/\/brandss.com.py\/index\/?post_type=product&#038;p=94039"},"modified":"2025-11-17T17:10:15","modified_gmt":"2025-11-17T17:10:15","slug":"camiseta-deportivo-masculino-umbro-pro-5-academy-mangas-cortas","status":"publish","type":"product","link":"https:\/\/brandss.com.py\/index\/producto\/camiseta-deportivo-masculino-umbro-pro-5-academy-mangas-cortas\/","title":{"rendered":"CAMISETA DEPORTIVO MASCULINO UMBRO PRO 5 ACADEMY MANGAS CORTAS"},"content":{"rendered":"<p><img loading=\"lazy\" decoding=\"async\" class=\"\" src=\"https:\/\/upload.wikimedia.org\/wikipedia\/commons\/thumb\/2\/22\/Umbro_logo_%28current%29.svg\/2560px-Umbro_logo_%28current%29.svg.png\" alt=\"Archivo:Umbro logo (current).svg - Wikipedia, la enciclopedia libre\" width=\"77\" height=\"50\" \/><\/p>\n<h1>PRO 5 ACADEMY<\/h1>\n<p><span dir=\"auto\">La camiseta Umbro Pro 5 Academy para hombre est\u00e1 confeccionada en poli\u00e9ster, lo que la hace c\u00f3moda y ligera para el uso diario y la pr\u00e1ctica deportiva. <\/span><span dir=\"auto\">Presenta detalles gr\u00e1ficos, cuello redondo y el logotipo en la parte delantera.<\/span><\/p>\n<h3>Especificaciones<\/h3>\n<p>Marca: Umbro.<br \/>\nModelo: U11TW068-282.<br \/>\nG\u00e9nero: Masculino.<br \/>\nDeportes recomendados: Capacitaci\u00f3n.<br \/>\nMaterial: Poli\u00e9ster.<br \/>\nTipo de cuello: Cuello redondo.<\/p>\n","protected":false},"excerpt":{"rendered":"<p>PRO 5 ACADEMY La camiseta Umbro Pro 5 Academy para hombre est\u00e1 confeccionada en poli\u00e9ster, lo que la hace c\u00f3moda<\/p>\n","protected":false},"featured_media":94040,"comment_status":"open","ping_status":"closed","template":"","meta":{"nf_dc_page":""},"product_brand":[1309],"product_cat":[76],"product_tag":[1429],"class_list":{"0":"post-94039","1":"product","2":"type-product","3":"status-publish","4":"has-post-thumbnail","6":"product_brand-umbro","7":"product_cat-masculino","8":"product_tag-u11tw068-282","10":"first","11":"instock","12":"shipping-taxable","13":"purchasable","14":"product-type-simple"},"_links":{"self":[{"href":"https:\/\/brandss.com.py\/index\/wp-json\/wp\/v2\/product\/94039","targetHints":{"allow":["GET"]}}],"collection":[{"href":"https:\/\/brandss.com.py\/index\/wp-json\/wp\/v2\/product"}],"about":[{"href":"https:\/\/brandss.com.py\/index\/wp-json\/wp\/v2\/types\/product"}],"replies":[{"embeddable":true,"href":"https:\/\/brandss.com.py\/index\/wp-json\/wp\/v2\/comments?post=94039"}],"version-history":[{"count":1,"href":"https:\/\/brandss.com.py\/index\/wp-json\/wp\/v2\/product\/94039\/revisions"}],"predecessor-version":[{"id":94042,"href":"https:\/\/brandss.com.py\/index\/wp-json\/wp\/v2\/product\/94039\/revisions\/94042"}],"wp:featuredmedia":[{"embeddable":true,"href":"https:\/\/brandss.com.py\/index\/wp-json\/wp\/v2\/media\/94040"}],"wp:attachment":[{"href":"https:\/\/brandss.com.py\/index\/wp-json\/wp\/v2\/media?parent=94039"}],"wp:term":[{"taxonomy":"product_brand","embeddable":true,"href":"https:\/\/brandss.com.py\/index\/wp-json\/wp\/v2\/product_brand?post=94039"},{"taxonomy":"product_cat","embeddable":true,"href":"https:\/\/brandss.com.py\/index\/wp-json\/wp\/v2\/product_cat?post=94039"},{"taxonomy":"product_tag","embeddable":true,"href":"https:\/\/brandss.com.py\/index\/wp-json\/wp\/v2\/product_tag?post=94039"}],"curies":[{"name":"wp","href":"https:\/\/api.w.org\/{rel}","templated":true}]}}