{"id":94056,"date":"2025-11-17T18:45:17","date_gmt":"2025-11-17T18:45:17","guid":{"rendered":"https:\/\/brandss.com.py\/index\/?post_type=product&#038;p=94056"},"modified":"2026-03-17T16:28:25","modified_gmt":"2026-03-17T16:28:25","slug":"perfume-unisex-orientica-luxury-collection-oud-saffron-edp-80ml","status":"publish","type":"product","link":"https:\/\/brandss.com.py\/index\/producto\/perfume-unisex-orientica-luxury-collection-oud-saffron-edp-80ml\/","title":{"rendered":"PERFUME UNISEX ORIENTICA LUXURY COLLECTION OUD SAFFRON EDP 80ML"},"content":{"rendered":"<p><img loading=\"lazy\" decoding=\"async\" class=\"\" src=\"https:\/\/aunmasguapa.com\/cdn\/shop\/collections\/logo_Orientica.svg?v=1731500665\" alt=\"ORIENTICA \u2013 A\u00fan M\u00e1s Guapa!\" width=\"115\" height=\"115\" \/><\/p>\n<h1>OUD SAFFRON<\/h1>\n<p>Es una fragancia amaderada especiada que destaca por su car\u00e1cter sofisticado y envolvente. Su aroma combina una dulzura c\u00e1lida con toques intensos y profundos, creando una experiencia elegante y duradera para hombres y mujeres. Perfecta para quienes buscan una fragancia intensa y refinada, ideal para ocasiones especiales o para dejar una huella inolvidable.<\/p>\n<p><img decoding=\"async\" class=\"alignleft\" src=\"https:\/\/www.perfumisimo.cl\/cdn\/shop\/files\/Orientica_Oud_Saffron_edp_80ml_Unisexf4.png?v=1742330026&amp;width=600\" \/><\/p>\n<h3>Notas Olfativas<\/h3>\n<p>&nbsp;<\/p>\n<p><span dir=\"auto\">Tan hermoso y seductor como el cielo nocturno y tan refrescante como los primeros rayos del amanecer,\u00a0<\/span><span dir=\"auto\">Oud Saffron<\/span><span dir=\"auto\">\u00a0es la combinaci\u00f3n perfecta de una fragancia de d\u00eda y de noche para todas las estaciones. <\/span><\/p>\n<p><span dir=\"auto\">Orientica Oud Saffron es una fragancia exquisita y lujosa que combina la calidez del \u00e1mbar con el toque especiado y floral del azafr\u00e1n. Ideal para quienes buscan una fragancia profunda, sofisticada y envolvente. Su perfil oriental-gourmand hace que sea una opci\u00f3n atractiva para ocasiones especiales, destac\u00e1ndose por su longevidad y proyecci\u00f3n notables. <\/span><\/p>\n<p><span dir=\"auto\">Esta fragancia es perfecta para aquellos que aprecian los aromas c\u00e1lidos y amaderados, con una delicada mezcla de azafr\u00e1n y madera de cashmere que le confiere un toque \u00fanico. <\/span><\/p>\n<p><span dir=\"auto\">Con notas que van desde vainilla y azafr\u00e1n hasta pachul\u00ed y almizcle, entre otras, la versatilidad de este perfume va de elegante a feroz, generando una variedad de respuestas que van desde sonrisas alegres hasta miradas traviesas. Ya seas una persona diurna o nocturna, <\/span><span dir=\"auto\">Oud Saffron<\/span><span dir=\"auto\">\u00a0refuerza tu confianza lo suficiente como para mantenerte en la cima, las 24 horas.<\/span><\/p>\n<p><span dir=\"auto\"><strong>Nota de salida:<\/strong>\u00a0<\/span><span dir=\"auto\">Oriental, Vainilla.<\/span><br \/>\n<span dir=\"auto\"><strong>Nota de coraz\u00f3n:<\/strong> <\/span><span dir=\"auto\">Azafr\u00e1n, Pachul\u00ed.<\/span><br \/>\n<span dir=\"auto\"><strong>Nota de fondo:<\/strong>\u00a0<\/span><span dir=\"auto\">Almizcle, Madera de guayaco, Madera de agar.<\/span><\/p>\n","protected":false},"excerpt":{"rendered":"<p>OUD SAFFRON Es una fragancia amaderada especiada que destaca por su car\u00e1cter sofisticado y envolvente. Su aroma combina una dulzura<\/p>\n","protected":false},"featured_media":94057,"comment_status":"open","ping_status":"closed","template":"","meta":{"nf_dc_page":""},"product_brand":[896],"product_cat":[84],"product_tag":[1432],"class_list":{"0":"post-94056","1":"product","2":"type-product","3":"status-publish","4":"has-post-thumbnail","6":"product_brand-orientica","7":"product_cat-perfumeria","8":"product_tag-1432","10":"first","11":"instock","12":"shipping-taxable","13":"purchasable","14":"product-type-simple"},"_links":{"self":[{"href":"https:\/\/brandss.com.py\/index\/wp-json\/wp\/v2\/product\/94056","targetHints":{"allow":["GET"]}}],"collection":[{"href":"https:\/\/brandss.com.py\/index\/wp-json\/wp\/v2\/product"}],"about":[{"href":"https:\/\/brandss.com.py\/index\/wp-json\/wp\/v2\/types\/product"}],"replies":[{"embeddable":true,"href":"https:\/\/brandss.com.py\/index\/wp-json\/wp\/v2\/comments?post=94056"}],"version-history":[{"count":1,"href":"https:\/\/brandss.com.py\/index\/wp-json\/wp\/v2\/product\/94056\/revisions"}],"predecessor-version":[{"id":94062,"href":"https:\/\/brandss.com.py\/index\/wp-json\/wp\/v2\/product\/94056\/revisions\/94062"}],"wp:featuredmedia":[{"embeddable":true,"href":"https:\/\/brandss.com.py\/index\/wp-json\/wp\/v2\/media\/94057"}],"wp:attachment":[{"href":"https:\/\/brandss.com.py\/index\/wp-json\/wp\/v2\/media?parent=94056"}],"wp:term":[{"taxonomy":"product_brand","embeddable":true,"href":"https:\/\/brandss.com.py\/index\/wp-json\/wp\/v2\/product_brand?post=94056"},{"taxonomy":"product_cat","embeddable":true,"href":"https:\/\/brandss.com.py\/index\/wp-json\/wp\/v2\/product_cat?post=94056"},{"taxonomy":"product_tag","embeddable":true,"href":"https:\/\/brandss.com.py\/index\/wp-json\/wp\/v2\/product_tag?post=94056"}],"curies":[{"name":"wp","href":"https:\/\/api.w.org\/{rel}","templated":true}]}}