{"id":94116,"date":"2025-11-24T13:43:00","date_gmt":"2025-11-24T13:43:00","guid":{"rendered":"https:\/\/brandss.com.py\/index\/?post_type=product&#038;p=94116"},"modified":"2025-12-09T17:23:01","modified_gmt":"2025-12-09T17:23:01","slug":"perfume-femenino-mush-mush-oriental-orchid-floral-edp-100ml","status":"publish","type":"product","link":"https:\/\/brandss.com.py\/index\/producto\/perfume-femenino-mush-mush-oriental-orchid-floral-edp-100ml\/","title":{"rendered":"PERFUME FEMENINO MUSH MUSH ORIENTAL ORCHID FLORAL EDP 100ML"},"content":{"rendered":"<p><img loading=\"lazy\" decoding=\"async\" class=\"\" src=\"https:\/\/mushmushperfumes.com\/cdn\/shop\/files\/Mush_mush_logo_4.png?v=1723831141&amp;width=240\" alt=\"Mush Mush\" width=\"94\" height=\"94\" \/><\/p>\n<h1>ORIENTAL ORCHID FLORAL<\/h1>\n<p><span dir=\"auto\">Ad\u00e9ntrate en un para\u00edso floral con Oriental Orchid Floral, donde cada rociado es un viaje a trav\u00e9s de un exuberante jard\u00edn de orqu\u00eddeas, repleto de los embriagadores aromas de Oriente. Sum\u00e9rgete en la belleza y la elegancia de Oriental Orchid Floral, una fragancia que captura la esencia de la opulencia floral y el encanto oriental. <\/span><span dir=\"auto\">El perfume floral Oriental Orchid es una celebraci\u00f3n de la exquisita belleza de las orqu\u00eddeas y el encanto eterno de las fragancias orientales, dise\u00f1ado para transportarte a un reino de dicha floral y sofisticaci\u00f3n. Perfecta para mujeres que desean una fragancia refinada y sensual, ideal para ocasiones especiales o el d\u00eda a d\u00eda con un toque distintivo.<\/span><\/p>\n<h3>Notas Olfativas<\/h3>\n<p>Mush Mush Oriental Orchid Floral\u00a0es una fragancia cautivadora que irradia feminidad y elegancia desde su apertura luminosa hasta su fondo envolvente. Su composici\u00f3n floral con matices orientales crea un aura delicada pero persistente, ideal para destacar con sutileza y sofisticaci\u00f3n.<\/p>\n<p><strong>Notas de salida:<\/strong>\u00a0bergamota, grosella negra, flor de cerezo.<br \/>\n<strong>Notas de coraz\u00f3n:<\/strong>\u00a0orqu\u00eddea, jazm\u00edn, rosa.<br \/>\n<strong>Notas de fondo:<\/strong>\u00a0vainilla, \u00e1mbar, almizcle.<\/p>\n","protected":false},"excerpt":{"rendered":"<p>ORIENTAL ORCHID FLORAL Ad\u00e9ntrate en un para\u00edso floral con Oriental Orchid Floral, donde cada rociado es un viaje a trav\u00e9s<\/p>\n","protected":false},"featured_media":94117,"comment_status":"open","ping_status":"closed","template":"","meta":{"nf_dc_page":""},"product_brand":[96],"product_cat":[84],"product_tag":[1461],"class_list":{"0":"post-94116","1":"product","2":"type-product","3":"status-publish","4":"has-post-thumbnail","6":"product_brand-mush-mush","7":"product_cat-perfumeria","8":"product_tag-1461","10":"first","11":"instock","12":"shipping-taxable","13":"purchasable","14":"product-type-simple"},"_links":{"self":[{"href":"https:\/\/brandss.com.py\/index\/wp-json\/wp\/v2\/product\/94116","targetHints":{"allow":["GET"]}}],"collection":[{"href":"https:\/\/brandss.com.py\/index\/wp-json\/wp\/v2\/product"}],"about":[{"href":"https:\/\/brandss.com.py\/index\/wp-json\/wp\/v2\/types\/product"}],"replies":[{"embeddable":true,"href":"https:\/\/brandss.com.py\/index\/wp-json\/wp\/v2\/comments?post=94116"}],"version-history":[{"count":1,"href":"https:\/\/brandss.com.py\/index\/wp-json\/wp\/v2\/product\/94116\/revisions"}],"predecessor-version":[{"id":94121,"href":"https:\/\/brandss.com.py\/index\/wp-json\/wp\/v2\/product\/94116\/revisions\/94121"}],"wp:featuredmedia":[{"embeddable":true,"href":"https:\/\/brandss.com.py\/index\/wp-json\/wp\/v2\/media\/94117"}],"wp:attachment":[{"href":"https:\/\/brandss.com.py\/index\/wp-json\/wp\/v2\/media?parent=94116"}],"wp:term":[{"taxonomy":"product_brand","embeddable":true,"href":"https:\/\/brandss.com.py\/index\/wp-json\/wp\/v2\/product_brand?post=94116"},{"taxonomy":"product_cat","embeddable":true,"href":"https:\/\/brandss.com.py\/index\/wp-json\/wp\/v2\/product_cat?post=94116"},{"taxonomy":"product_tag","embeddable":true,"href":"https:\/\/brandss.com.py\/index\/wp-json\/wp\/v2\/product_tag?post=94116"}],"curies":[{"name":"wp","href":"https:\/\/api.w.org\/{rel}","templated":true}]}}