{"id":94151,"date":"2025-11-24T18:32:10","date_gmt":"2025-11-24T18:32:10","guid":{"rendered":"https:\/\/brandss.com.py\/index\/?post_type=product&#038;p=94151"},"modified":"2025-12-09T17:31:29","modified_gmt":"2025-12-09T17:31:29","slug":"perfume-unisex-mush-mush-rayhann-imperial-edp-100ml","status":"publish","type":"product","link":"https:\/\/brandss.com.py\/index\/producto\/perfume-unisex-mush-mush-rayhann-imperial-edp-100ml\/","title":{"rendered":"PERFUME UNISEX MUSH MUSH RAYHANN IMPERIAL EDP 100ML"},"content":{"rendered":"<p><img loading=\"lazy\" decoding=\"async\" class=\"\" src=\"https:\/\/mushmushperfumes.com\/cdn\/shop\/files\/Mush_mush_logo_4.png?v=1723831141&amp;width=240\" alt=\"Mush Mush\" width=\"98\" height=\"98\" \/><\/p>\n<h1>RAYHANN IMPERIAL<\/h1>\n<p><span dir=\"auto\">Realza tu presencia con\u00a0<\/span><span dir=\"auto\">Rayhann Imperial<\/span><span dir=\"auto\">\u00a0, una fragancia creada para quienes irradian autoridad y gracia. Esta fragancia unisex es una fusi\u00f3n de sofisticaci\u00f3n y audacia, dise\u00f1ada para complementar las personalidades din\u00e1micas de hombres y mujeres. Intensa, refinada y duradera,\u00a0<\/span><span dir=\"auto\">Rayhann Imperial<\/span><span dir=\"auto\">\u00a0es la esencia de la elegancia atemporal.<\/span><\/p>\n<h3>Notas Olfativas<\/h3>\n<p>Imperia de Rayhaan es una fragancia amaderada arom\u00e1tica para hombres y mujeres. Imperia se lanz\u00f3 en 2022.<\/p>\n<p><strong>Notas de salida:<\/strong> bergamota, manzana, elem\u00ed, menta.<\/p>\n<p><strong>Notas de coraz\u00f3n:<\/strong> pachul\u00ed, jazm\u00edn, rosa, s\u00e1ndalo.<\/p>\n<p><strong>Notas de fondo:<\/strong> musgo de roble, cedro, \u00e1mbar, almizcle.<\/p>\n","protected":false},"excerpt":{"rendered":"<p>RAYHANN IMPERIAL Realza tu presencia con\u00a0Rayhann Imperial\u00a0, una fragancia creada para quienes irradian autoridad y gracia. Esta fragancia unisex es<\/p>\n","protected":false},"featured_media":94152,"comment_status":"open","ping_status":"closed","template":"","meta":{"nf_dc_page":""},"product_brand":[96],"product_cat":[84],"product_tag":[1478],"class_list":{"0":"post-94151","1":"product","2":"type-product","3":"status-publish","4":"has-post-thumbnail","6":"product_brand-mush-mush","7":"product_cat-perfumeria","8":"product_tag-1478","10":"first","11":"instock","12":"shipping-taxable","13":"purchasable","14":"product-type-simple"},"_links":{"self":[{"href":"https:\/\/brandss.com.py\/index\/wp-json\/wp\/v2\/product\/94151","targetHints":{"allow":["GET"]}}],"collection":[{"href":"https:\/\/brandss.com.py\/index\/wp-json\/wp\/v2\/product"}],"about":[{"href":"https:\/\/brandss.com.py\/index\/wp-json\/wp\/v2\/types\/product"}],"replies":[{"embeddable":true,"href":"https:\/\/brandss.com.py\/index\/wp-json\/wp\/v2\/comments?post=94151"}],"version-history":[{"count":1,"href":"https:\/\/brandss.com.py\/index\/wp-json\/wp\/v2\/product\/94151\/revisions"}],"predecessor-version":[{"id":94155,"href":"https:\/\/brandss.com.py\/index\/wp-json\/wp\/v2\/product\/94151\/revisions\/94155"}],"wp:featuredmedia":[{"embeddable":true,"href":"https:\/\/brandss.com.py\/index\/wp-json\/wp\/v2\/media\/94152"}],"wp:attachment":[{"href":"https:\/\/brandss.com.py\/index\/wp-json\/wp\/v2\/media?parent=94151"}],"wp:term":[{"taxonomy":"product_brand","embeddable":true,"href":"https:\/\/brandss.com.py\/index\/wp-json\/wp\/v2\/product_brand?post=94151"},{"taxonomy":"product_cat","embeddable":true,"href":"https:\/\/brandss.com.py\/index\/wp-json\/wp\/v2\/product_cat?post=94151"},{"taxonomy":"product_tag","embeddable":true,"href":"https:\/\/brandss.com.py\/index\/wp-json\/wp\/v2\/product_tag?post=94151"}],"curies":[{"name":"wp","href":"https:\/\/api.w.org\/{rel}","templated":true}]}}