{"id":94174,"date":"2025-11-25T11:59:20","date_gmt":"2025-11-25T11:59:20","guid":{"rendered":"https:\/\/brandss.com.py\/index\/?post_type=product&#038;p=94174"},"modified":"2025-12-09T17:34:00","modified_gmt":"2025-12-09T17:34:00","slug":"perfume-masculino-mush-mush-fairouz-edp-100ml","status":"publish","type":"product","link":"https:\/\/brandss.com.py\/index\/producto\/perfume-masculino-mush-mush-fairouz-edp-100ml\/","title":{"rendered":"PERFUME MASCULINO MUSH MUSH FAIROUZ EDP 100ML"},"content":{"rendered":"<p><img loading=\"lazy\" decoding=\"async\" class=\"\" src=\"https:\/\/mushmushperfumes.com\/cdn\/shop\/files\/Mush_mush_logo_4.png?v=1723831141&amp;width=240\" alt=\"Mush Mush\" width=\"77\" height=\"77\" \/><\/p>\n<h1>FAIROUZ<\/h1>\n<p><span dir=\"auto\">Un homenaje a la fuerza y \u200b\u200bel carisma,\u00a0<\/span><span dir=\"auto\">Mush Mush Fairouz<\/span><span dir=\"auto\">\u00a0es la fragancia perfecta para el hombre que se nutre de la aventura y la ambici\u00f3n. Con una rica mezcla de notas atrevidas y sofisticadas, este aroma captura la esencia del poder y la masculinidad. Ya sea al entrar en la oficina o en una ocasi\u00f3n especial,\u00a0<\/span><span dir=\"auto\">Fairouz<\/span><span dir=\"auto\"> deja una huella que perdura mucho despu\u00e9s de salir de la habitaci\u00f3n. Ideal para quienes buscan un aroma profundo, masculino y sofisticado.<\/span><\/p>\n<h3>Notas Olfativas<\/h3>\n<p>Imagina un desierto en primavera, con el sol saliendo sobre la arena interminable; de \u200b\u200brepente, una fresca explosi\u00f3n de verde, con las flores silvestres floreciendo durante la noche. Fairouz es floral pero no polvorienta, verde pero nunca intensa. Las primeras notas son frescas y estimulantes, casi como el aire matutino despu\u00e9s de la lluvia, con un fondo suave que insin\u00faa almizcle y maderas suaves. Esta es la fragancia ideal para so\u00f1adores: \u00fanica, natural y discretamente deslumbrante.<\/p>\n<p class=\"\" data-start=\"203\" data-end=\"370\">Distinci\u00f3n en cada nota. Fairouz es una fragancia intensa y refinada que combina acordes amaderados, especiados y orientales para el hombre que deja huella a donde va.<\/p>\n<p class=\"\" data-start=\"400\" data-end=\"438\"><strong data-start=\"400\" data-end=\"411\">Notas de salida:<\/strong> Especias c\u00e1lidas, c\u00edtricos.<\/p>\n<p class=\"\" data-start=\"441\" data-end=\"466\"><strong data-start=\"441\" data-end=\"453\">Notas de coraz\u00f3n:<\/strong> Cuero, \u00e1mbar.<\/p>\n<p class=\"\" data-start=\"469\" data-end=\"503\"><strong data-start=\"469\" data-end=\"479\">Notas de fondo:<\/strong> Madera de oud, almizcle.<\/p>\n","protected":false},"excerpt":{"rendered":"<p>FAIROUZ Un homenaje a la fuerza y \u200b\u200bel carisma,\u00a0Mush Mush Fairouz\u00a0es la fragancia perfecta para el hombre que se nutre<\/p>\n","protected":false},"featured_media":94175,"comment_status":"open","ping_status":"closed","template":"","meta":{"nf_dc_page":""},"product_brand":[96],"product_cat":[84],"product_tag":[1482],"class_list":{"0":"post-94174","1":"product","2":"type-product","3":"status-publish","4":"has-post-thumbnail","6":"product_brand-mush-mush","7":"product_cat-perfumeria","8":"product_tag-1482","10":"first","11":"instock","12":"shipping-taxable","13":"purchasable","14":"product-type-simple"},"_links":{"self":[{"href":"https:\/\/brandss.com.py\/index\/wp-json\/wp\/v2\/product\/94174","targetHints":{"allow":["GET"]}}],"collection":[{"href":"https:\/\/brandss.com.py\/index\/wp-json\/wp\/v2\/product"}],"about":[{"href":"https:\/\/brandss.com.py\/index\/wp-json\/wp\/v2\/types\/product"}],"replies":[{"embeddable":true,"href":"https:\/\/brandss.com.py\/index\/wp-json\/wp\/v2\/comments?post=94174"}],"version-history":[{"count":1,"href":"https:\/\/brandss.com.py\/index\/wp-json\/wp\/v2\/product\/94174\/revisions"}],"predecessor-version":[{"id":94178,"href":"https:\/\/brandss.com.py\/index\/wp-json\/wp\/v2\/product\/94174\/revisions\/94178"}],"wp:featuredmedia":[{"embeddable":true,"href":"https:\/\/brandss.com.py\/index\/wp-json\/wp\/v2\/media\/94175"}],"wp:attachment":[{"href":"https:\/\/brandss.com.py\/index\/wp-json\/wp\/v2\/media?parent=94174"}],"wp:term":[{"taxonomy":"product_brand","embeddable":true,"href":"https:\/\/brandss.com.py\/index\/wp-json\/wp\/v2\/product_brand?post=94174"},{"taxonomy":"product_cat","embeddable":true,"href":"https:\/\/brandss.com.py\/index\/wp-json\/wp\/v2\/product_cat?post=94174"},{"taxonomy":"product_tag","embeddable":true,"href":"https:\/\/brandss.com.py\/index\/wp-json\/wp\/v2\/product_tag?post=94174"}],"curies":[{"name":"wp","href":"https:\/\/api.w.org\/{rel}","templated":true}]}}