{"id":94197,"date":"2025-11-26T10:56:26","date_gmt":"2025-11-26T10:56:26","guid":{"rendered":"https:\/\/brandss.com.py\/index\/?post_type=product&#038;p=94197"},"modified":"2026-03-16T16:36:43","modified_gmt":"2026-03-16T16:36:43","slug":"aceite-capilar-y-corporal-pallamina-moroccan-argan","status":"publish","type":"product","link":"https:\/\/brandss.com.py\/index\/producto\/aceite-capilar-y-corporal-pallamina-moroccan-argan\/","title":{"rendered":"ACEITE CAPILAR Y CORPORAL PALLAMINA MOROCCAN ARGAN"},"content":{"rendered":"<p><img loading=\"lazy\" decoding=\"async\" class=\"\" src=\"https:\/\/krvietnam.vn\/wp-content\/uploads\/2022\/01\/Palamina.jpg\" alt=\"Trang ch\u1ee7 - K&amp;R Vi\u1ec7t Nam - Pallamina\" width=\"124\" height=\"93\" \/><\/p>\n<h1>MOROCCAN ARGAN<\/h1>\n<p>El aceite para el crecimiento del cabello est\u00e1 formulado con aceite de arg\u00e1n para reparar y nutrir el cabello seco y da\u00f1ado. Sus caracter\u00edsticas suavizantes e hidratantes lo hacen ideal para uso profesional en salones de belleza. Suave con el cabello, su f\u00f3rmula concentrada ofrece resultados eficaces y mejora la satisfacci\u00f3n del usuario.<\/p>\n<p><span dir=\"auto\">&#8211; El aceite de arg\u00e1n, complejo de col\u00e1geno y queratina, se extrae de la naturaleza para ayudar a que el cabello se vuelva suave, liso, fuerte y no pegajoso.<\/span><br \/>\n<span dir=\"auto\">&#8211; El aceite esencial de Pallamina es ideal para cabello que ha sido rizado, alisado o te\u00f1ido qu\u00edmicamente, lo que provoca da\u00f1o capilar. Con aceite esencial de arg\u00e1n para restaurar eficazmente el cabello, combinado con esencia de col\u00e1geno y queratina para ayudar a que el cabello luzca brillante y fuerte.<\/span><br \/>\n<span dir=\"auto\">&#8211; El aceite esencial de Pallamina tiene una fragancia lujosa y seductora; su uso diario suaviza el cabello y no lo deja pegajoso como otros productos con aceites esenciales.<\/span><\/p>\n<h3><span dir=\"auto\">Instrucciones de uso<\/span><\/h3>\n<p><span dir=\"auto\">Aplique una peque\u00f1a cantidad de aceite de arg\u00e1n con complejo de col\u00e1geno y queratina Pallamina y fr\u00f3telo uniformemente sobre el cabello h\u00famedo, desde el tallo hasta las puntas.<\/span><br \/>\n<span dir=\"auto\">Masajee suavemente durante 1 o 2 minutos para que los nutrientes penetren. La ventaja de esta soluci\u00f3n es que ayuda a que el cabello luzca brillante, liso, m\u00e1s suave y natural.<\/span><\/p>\n","protected":false},"excerpt":{"rendered":"<p>MOROCCAN ARGAN El aceite para el crecimiento del cabello est\u00e1 formulado con aceite de arg\u00e1n para reparar y nutrir el<\/p>\n","protected":false},"featured_media":94198,"comment_status":"open","ping_status":"closed","template":"","meta":{"nf_dc_page":""},"product_brand":[765],"product_cat":[85],"product_tag":[1489],"class_list":{"0":"post-94197","1":"product","2":"type-product","3":"status-publish","4":"has-post-thumbnail","6":"product_brand-pallamina","7":"product_cat-cosmeticos","8":"product_tag-1489","10":"first","11":"instock","12":"shipping-taxable","13":"purchasable","14":"product-type-simple"},"_links":{"self":[{"href":"https:\/\/brandss.com.py\/index\/wp-json\/wp\/v2\/product\/94197","targetHints":{"allow":["GET"]}}],"collection":[{"href":"https:\/\/brandss.com.py\/index\/wp-json\/wp\/v2\/product"}],"about":[{"href":"https:\/\/brandss.com.py\/index\/wp-json\/wp\/v2\/types\/product"}],"replies":[{"embeddable":true,"href":"https:\/\/brandss.com.py\/index\/wp-json\/wp\/v2\/comments?post=94197"}],"version-history":[{"count":1,"href":"https:\/\/brandss.com.py\/index\/wp-json\/wp\/v2\/product\/94197\/revisions"}],"predecessor-version":[{"id":94206,"href":"https:\/\/brandss.com.py\/index\/wp-json\/wp\/v2\/product\/94197\/revisions\/94206"}],"wp:featuredmedia":[{"embeddable":true,"href":"https:\/\/brandss.com.py\/index\/wp-json\/wp\/v2\/media\/94198"}],"wp:attachment":[{"href":"https:\/\/brandss.com.py\/index\/wp-json\/wp\/v2\/media?parent=94197"}],"wp:term":[{"taxonomy":"product_brand","embeddable":true,"href":"https:\/\/brandss.com.py\/index\/wp-json\/wp\/v2\/product_brand?post=94197"},{"taxonomy":"product_cat","embeddable":true,"href":"https:\/\/brandss.com.py\/index\/wp-json\/wp\/v2\/product_cat?post=94197"},{"taxonomy":"product_tag","embeddable":true,"href":"https:\/\/brandss.com.py\/index\/wp-json\/wp\/v2\/product_tag?post=94197"}],"curies":[{"name":"wp","href":"https:\/\/api.w.org\/{rel}","templated":true}]}}