{"id":94207,"date":"2025-11-26T12:43:43","date_gmt":"2025-11-26T12:43:43","guid":{"rendered":"https:\/\/brandss.com.py\/index\/?post_type=product&#038;p=94207"},"modified":"2026-04-16T12:47:47","modified_gmt":"2026-04-16T12:47:47","slug":"perfume-masculino-rasasi-hawas-elixir-edp-100ml","status":"publish","type":"product","link":"https:\/\/brandss.com.py\/index\/producto\/perfume-masculino-rasasi-hawas-elixir-edp-100ml\/","title":{"rendered":"PERFUME MASCULINO RASASI HAWAS ELIXIR EDP 100ML"},"content":{"rendered":"<p><img loading=\"lazy\" decoding=\"async\" class=\"\" src=\"https:\/\/erp-image.sgliteasset.com\/_next\/image?url=https%3A%2F%2Fs3.ap-southeast-1.amazonaws.com%2Fcdn1.sgliteasset.com%2Fshamperf%2Fimages%2Fbrand%2Fbrand-17237%2Fcached%2FqT2xvYlA683ca8bf6a0f2_1748805823_420x420.jpg&amp;w=3840&amp;q=75\" alt=\"Rasasi Perfumes \u2013 Dubai's Heritage Fragrance Brand | Sham Perfume Malaysia\" width=\"96\" height=\"75\" \/><\/p>\n<h1>HAWAS ELIXIR<\/h1>\n<p>Es una sofisticada fragancia, dise\u00f1ada para el hombre moderno que busca un aroma audaz y envolvente. Perteneciente a la familia olfativa Oriental Especiada, esta fragancia combina notas frescas, dulces y profundas, logrando un equilibrio seductor y elegante.<\/p>\n<h3>Notas Olfativas<img decoding=\"async\" class=\"alignleft\" src=\"https:\/\/http2.mlstatic.com\/D_NQ_NP_680544-MLA92975552709_092025-O.webp\" \/><\/h3>\n<p>Hawas Elixir es una fragancia magn\u00e9tica y sofisticada que combina frescura arom\u00e1tica, dulzura seductora y un fondo c\u00e1lido e irresistible. Hawas Elixir de Rasasi es una fragancia de la familia olfativa Oriental Vainilla para Hombres. Su apertura revitaliza con lavanda y menta, el coraz\u00f3n de vainilla y benju\u00ed aporta sensualidad envolvente, y la base de miel, haba tonka y tabaco deja una estela profunda, elegante y misteriosa.<\/p>\n<p>Gracias a su mezcla de notas especiadas, amaderadas y ambaradas, esta fragancia es muy atractiva. Las notas de salida incluyen una encantadora combinaci\u00f3n de azafr\u00e1n, cardamomo y nuez moscada que despertar\u00e1 tus sentidos. Las notas de coraz\u00f3n de \u00e1mbar, madera de agar y pachul\u00ed le aportan profundidad y calidez.<\/p>\n<p>Las notas de fondo de vainilla, almizcle y s\u00e1ndalo le dan un final rico y sensual. Esta fragancia es perfecta para ocasiones especiales, ya que te inspira confianza y elegancia.<\/p>\n<ul>\n<li dir=\"ltr\" role=\"presentation\"><strong><span dir=\"auto\">Notas de salida:<\/span><\/strong><span dir=\"auto\">\u00a0menta, bergamota, artemisa.\u00a0\u00a0<\/span><\/li>\n<li dir=\"ltr\" role=\"presentation\"><strong><span dir=\"auto\">Notas de coraz\u00f3n:<\/span><\/strong><span dir=\"auto\">\u00a0vainilla, benju\u00ed, lavanda, chocolate negro.<\/span><\/li>\n<li dir=\"ltr\" role=\"presentation\"><strong><span dir=\"auto\">Notas de fondo:<\/span><\/strong><span dir=\"auto\">\u00a0Miel, haba tonka, tabaco, almizcle blanco.<\/span><\/li>\n<\/ul>\n","protected":false},"excerpt":{"rendered":"<p>HAWAS ELIXIR Es una sofisticada fragancia, dise\u00f1ada para el hombre moderno que busca un aroma audaz y envolvente. Perteneciente a<\/p>\n","protected":false},"featured_media":94208,"comment_status":"open","ping_status":"closed","template":"","meta":{"nf_dc_page":""},"product_brand":[116],"product_cat":[84],"product_tag":[1493],"class_list":{"0":"post-94207","1":"product","2":"type-product","3":"status-publish","4":"has-post-thumbnail","6":"product_brand-rasasi","7":"product_cat-perfumeria","8":"product_tag-1493","10":"first","11":"instock","12":"sale","13":"shipping-taxable","14":"purchasable","15":"product-type-simple"},"_links":{"self":[{"href":"https:\/\/brandss.com.py\/index\/wp-json\/wp\/v2\/product\/94207","targetHints":{"allow":["GET"]}}],"collection":[{"href":"https:\/\/brandss.com.py\/index\/wp-json\/wp\/v2\/product"}],"about":[{"href":"https:\/\/brandss.com.py\/index\/wp-json\/wp\/v2\/types\/product"}],"replies":[{"embeddable":true,"href":"https:\/\/brandss.com.py\/index\/wp-json\/wp\/v2\/comments?post=94207"}],"version-history":[{"count":1,"href":"https:\/\/brandss.com.py\/index\/wp-json\/wp\/v2\/product\/94207\/revisions"}],"predecessor-version":[{"id":94215,"href":"https:\/\/brandss.com.py\/index\/wp-json\/wp\/v2\/product\/94207\/revisions\/94215"}],"wp:featuredmedia":[{"embeddable":true,"href":"https:\/\/brandss.com.py\/index\/wp-json\/wp\/v2\/media\/94208"}],"wp:attachment":[{"href":"https:\/\/brandss.com.py\/index\/wp-json\/wp\/v2\/media?parent=94207"}],"wp:term":[{"taxonomy":"product_brand","embeddable":true,"href":"https:\/\/brandss.com.py\/index\/wp-json\/wp\/v2\/product_brand?post=94207"},{"taxonomy":"product_cat","embeddable":true,"href":"https:\/\/brandss.com.py\/index\/wp-json\/wp\/v2\/product_cat?post=94207"},{"taxonomy":"product_tag","embeddable":true,"href":"https:\/\/brandss.com.py\/index\/wp-json\/wp\/v2\/product_tag?post=94207"}],"curies":[{"name":"wp","href":"https:\/\/api.w.org\/{rel}","templated":true}]}}