{"id":94216,"date":"2025-11-26T13:10:07","date_gmt":"2025-11-26T13:10:07","guid":{"rendered":"https:\/\/brandss.com.py\/index\/?post_type=product&#038;p=94216"},"modified":"2025-11-26T13:15:05","modified_gmt":"2025-11-26T13:15:05","slug":"perfume-femenino-ard-al-zaafaran-oud-romancea-edp-100ml","status":"publish","type":"product","link":"https:\/\/brandss.com.py\/index\/producto\/perfume-femenino-ard-al-zaafaran-oud-romancea-edp-100ml\/","title":{"rendered":"PERFUME FEMENINO ARD AL ZAAFARAN OUD ROMANCEA EDP 100ML"},"content":{"rendered":"<p><img loading=\"lazy\" decoding=\"async\" class=\"\" src=\"https:\/\/fimgs.net\/mdimg\/dizajneri\/o.2917.jpg\" alt=\"Ard Al Zaafaran Perfumes And Colognes\" width=\"88\" height=\"88\" \/><\/p>\n<h1>OUD ROMANCEA<\/h1>\n<p>Te transporta a un viaje de lujo y misticismo, combinando frutas frescas con c\u00e1lidas especias y profundas notas amaderadas. Cada aplicaci\u00f3n te envuelve en una fragancia rica y rom\u00e1ntica, ideal para quienes valoran la elegancia refinada. <span dir=\"auto\">Oud Romancea <\/span><span dir=\"auto\">es una fragancia oriental amaderada para mujer. Este magn\u00edfico aroma \u00e1rabe te har\u00e1 sentir segura, atractiva y refinada d\u00eda y noche.<img loading=\"lazy\" decoding=\"async\" class=\"alignleft\" src=\"https:\/\/www.opulensi.com\/cdn\/shop\/files\/OudRomanceaEDP100mlardalzaafaranperfumenotes.jpg?v=1726260185&amp;width=713\" width=\"619\" height=\"619\" \/> <\/span><\/p>\n<p><span dir=\"auto\">Te har\u00e1 destacar con su sutil elegancia, ya sea en una fiesta, una cita rom\u00e1ntica o en un ambiente de negocios. Elaborado con los mejores ingredientes, rinde homenaje a la larga historia de las fragancias \u00e1rabes, a la vez que se adapta al gusto actual.<\/span><\/p>\n<h3>Notas Olfativas<\/h3>\n<p>El comienzo es una mezcla vivaz y estimulante que despierta los sentidos al instante y causa una excelente primera impresi\u00f3n. Tiene una salida chispeante, fresca y ligeramente dulce, que invita a la gente a descubrirla y admirarla. Este perfume se abre con una vibrante mezcla de bergamota, mandarina y grosella negra, creando un tono fresco y afrutado. En esencia, la fragancia muestra su lado rom\u00e1ntico y ex\u00f3tico.<\/p>\n<p>Una maravillosa mezcla de notas c\u00e1lidas, florales y ligeramente especiadas crea un perfume que cambia a lo largo del d\u00eda, d\u00e1ndole a su aroma caracter\u00edstico m\u00e1s profundidad y car\u00e1cter. El coraz\u00f3n presenta una ex\u00f3tica mezcla de canela, acordes especiados, jazm\u00edn, gardenia e ylang ylang, creando una opulenta profundidad floral. La base del aroma es profunda y duradera, combinando caracter\u00edsticas \u00e1rabes tradicionales con un estilo moderno. Sus notas profundas, amaderadas y resinosas perduran de forma que hacen que quien las lleve destaque y luzca atractivo. La fragancia concluye con \u00e1mbar c\u00e1lido, incienso ahumado, s\u00e1ndalo terroso, oud y pachul\u00ed, dejando una estela duradera y seductora.<\/p>\n<ul>\n<li><strong><span dir=\"auto\">Notas de salida:<\/span><\/strong><span dir=\"auto\">\u00a0Bergamota, mandarinas, grosella negra.<\/span><\/li>\n<li><strong><span dir=\"auto\">Notas de coraz\u00f3n:<\/span><\/strong><span dir=\"auto\"> Canela, notas especiadas, jazm\u00edn, gardenias, ylang ylang.<\/span><\/li>\n<li><strong><span dir=\"auto\">Notas de fondo:<\/span><\/strong><span dir=\"auto\"> \u00e1mbar, incienso, s\u00e1ndalo, oudh, pachul\u00ed.<\/span><\/li>\n<\/ul>\n","protected":false},"excerpt":{"rendered":"<p>OUD ROMANCEA Te transporta a un viaje de lujo y misticismo, combinando frutas frescas con c\u00e1lidas especias y profundas notas<\/p>\n","protected":false},"featured_media":94217,"comment_status":"open","ping_status":"closed","template":"","meta":{"nf_dc_page":""},"product_brand":[110],"product_cat":[84],"product_tag":[1494],"class_list":{"0":"post-94216","1":"product","2":"type-product","3":"status-publish","4":"has-post-thumbnail","6":"product_brand-ard-al-zaafaran","7":"product_cat-perfumeria","8":"product_tag-1494","10":"first","11":"instock","12":"shipping-taxable","13":"purchasable","14":"product-type-simple"},"_links":{"self":[{"href":"https:\/\/brandss.com.py\/index\/wp-json\/wp\/v2\/product\/94216","targetHints":{"allow":["GET"]}}],"collection":[{"href":"https:\/\/brandss.com.py\/index\/wp-json\/wp\/v2\/product"}],"about":[{"href":"https:\/\/brandss.com.py\/index\/wp-json\/wp\/v2\/types\/product"}],"replies":[{"embeddable":true,"href":"https:\/\/brandss.com.py\/index\/wp-json\/wp\/v2\/comments?post=94216"}],"version-history":[{"count":1,"href":"https:\/\/brandss.com.py\/index\/wp-json\/wp\/v2\/product\/94216\/revisions"}],"predecessor-version":[{"id":94220,"href":"https:\/\/brandss.com.py\/index\/wp-json\/wp\/v2\/product\/94216\/revisions\/94220"}],"wp:featuredmedia":[{"embeddable":true,"href":"https:\/\/brandss.com.py\/index\/wp-json\/wp\/v2\/media\/94217"}],"wp:attachment":[{"href":"https:\/\/brandss.com.py\/index\/wp-json\/wp\/v2\/media?parent=94216"}],"wp:term":[{"taxonomy":"product_brand","embeddable":true,"href":"https:\/\/brandss.com.py\/index\/wp-json\/wp\/v2\/product_brand?post=94216"},{"taxonomy":"product_cat","embeddable":true,"href":"https:\/\/brandss.com.py\/index\/wp-json\/wp\/v2\/product_cat?post=94216"},{"taxonomy":"product_tag","embeddable":true,"href":"https:\/\/brandss.com.py\/index\/wp-json\/wp\/v2\/product_tag?post=94216"}],"curies":[{"name":"wp","href":"https:\/\/api.w.org\/{rel}","templated":true}]}}