{"id":94255,"date":"2025-11-27T17:33:43","date_gmt":"2025-11-27T17:33:43","guid":{"rendered":"https:\/\/brandss.com.py\/index\/?post_type=product&#038;p=94255"},"modified":"2026-03-17T16:26:39","modified_gmt":"2026-03-17T16:26:39","slug":"perfume-unisex-lattafa-ekhtiari-edp-100ml","status":"publish","type":"product","link":"https:\/\/brandss.com.py\/index\/producto\/perfume-unisex-lattafa-ekhtiari-edp-100ml\/","title":{"rendered":"PERFUME UNISEX LATTAFA EKHTIARI EDP 100ML"},"content":{"rendered":"<p><img loading=\"lazy\" decoding=\"async\" class=\"\" src=\"https:\/\/myscentjourney.s3.us-east-2.amazonaws.com\/2022\/02\/14\/29KIascent_j_marca_1644871114_202.png\" alt=\"MSJ::LATTAFA\" width=\"77\" height=\"91\" \/><\/p>\n<h1>EKHTIARI<\/h1>\n<p>Es una fragancia que combina elegancia, sofisticaci\u00f3n y un toque de misterio. Lanzada en 2019, esta fragancia unisex se inclina ligeramente hacia notas m\u00e1s femeninas. Un perfume vers\u00e1til con un perfil arom\u00e1tico perfecto tanto para el d\u00eda como para la noche. Con una armoniosa mezcla de notas frescas, almizcladas y florales, ya sea para un d\u00eda en la oficina o para un evento nocturno, su vers\u00e1til composici\u00f3n floral-talcada la convierte en una fragancia exclusiva que deja una huella imborrable. Sus matices c\u00e1lidos y especiados aportan profundidad y riqueza, asegur\u00e1ndote una sensaci\u00f3n de sofisticaci\u00f3n y empoderamiento dondequiera que vayas.<\/p>\n<p><img loading=\"lazy\" decoding=\"async\" class=\"alignleft\" src=\"https:\/\/www.opulensi.com\/cdn\/shop\/files\/EkhtiariEDP100mlLattafaperfumefragrancenotesprofile.jpg?v=1728234938&amp;width=713\" width=\"531\" height=\"531\" \/><\/p>\n<h3><\/h3>\n<h3>Notas Olfativas<\/h3>\n<p>&nbsp;<\/p>\n<section id=\"product-614\" class=\"product-details-main product type-product post-614 status-publish first instock product_cat-lattafa product_cat-lattafa-perfumes product_cat-new-launches product_cat-perfumes product_cat-uncategorized has-post-thumbnail sale taxable shipping-taxable purchasable product-type-simple\">\n<div class=\"container\">\n<div class=\"row\">\n<div class=\"col-md-6\">\n<div class=\"product-inner-details-main\">\n<div id=\"module\">\n<p class=\"collapse show\" aria-expanded=\"false\"><span dir=\"auto\">Ekhtiari es una fragancia arom\u00e1tica frutal para mujer y hombre. Ekhtiari se lanz\u00f3 en 2019. <\/span><\/p>\n<p class=\"collapse show\" aria-expanded=\"false\"><span dir=\"auto\">Ekhtiari se abre con una explosi\u00f3n fresca y jugosa de <\/span><span dir=\"auto\">bergamota<\/span><span dir=\"auto\">,\u00a0<\/span><span dir=\"auto\">melocot\u00f3n<\/span><span dir=\"auto\">\u00a0y\u00a0<\/span><span dir=\"auto\">gardenia<\/span><span dir=\"auto\">, ofreciendo una entrada brillante y vigorizante a la fragancia. <\/span><\/p>\n<p class=\"collapse show\" aria-expanded=\"false\"><span dir=\"auto\">A medida que evoluciona, el coraz\u00f3n revela un hermoso ramo de\u00a0<\/span><span dir=\"auto\">rosas blancas<\/span><span dir=\"auto\">,\u00a0<\/span><span dir=\"auto\">nen\u00fafares<\/span><span dir=\"auto\">\u00a0y\u00a0<\/span><span dir=\"auto\">flores de loto<\/span><span dir=\"auto\">, aportando una elegancia floral y una sutil frescura acu\u00e1tica. <\/span><\/p>\n<p class=\"collapse show\" aria-expanded=\"false\"><span dir=\"auto\">El fondo revela una c\u00e1lida y reconfortante mezcla de\u00a0<\/span><span dir=\"auto\">\u00e1mbar<\/span><span dir=\"auto\">,\u00a0<\/span><span dir=\"auto\">almizcle<\/span><span dir=\"auto\">,\u00a0<\/span><span dir=\"auto\">vainilla<\/span><span dir=\"auto\">\u00a0y\u00a0<\/span><span dir=\"auto\">s\u00e1ndalo<\/span><span dir=\"auto\">, dejando un final polvoriento, amaderado y ligeramente especiado en la piel. Esta fragancia pasa suavemente de la sofisticaci\u00f3n diurna al encanto nocturno, convirti\u00e9ndola en una excelente opci\u00f3n para cualquier ocasi\u00f3n.<\/span><\/p>\n<p aria-expanded=\"false\">\n<ul>\n<li><strong><span dir=\"auto\">Notas de salida:<\/span><\/strong><span dir=\"auto\"> bergamota, Melocot\u00f3n, Gardenia.<\/span><\/li>\n<li><strong><span dir=\"auto\">Notas de coraz\u00f3n:<\/span><\/strong><span dir=\"auto\"> rosas blancas, nen\u00fafares, flores de loto.<\/span><\/li>\n<li><strong><span dir=\"auto\">Notas de fondo:<\/span><\/strong><span dir=\"auto\"> \u00e1mbar, almizcle, vainilla, s\u00e1ndalo.<\/span><\/li>\n<\/ul>\n<\/div>\n<\/div>\n<\/div>\n<\/div>\n<\/div>\n<\/section>\n<section class=\"product-main related-products\"><\/section>\n","protected":false},"excerpt":{"rendered":"<p>EKHTIARI Es una fragancia que combina elegancia, sofisticaci\u00f3n y un toque de misterio. Lanzada en 2019, esta fragancia unisex se<\/p>\n","protected":false},"featured_media":94256,"comment_status":"open","ping_status":"closed","template":"","meta":{"nf_dc_page":""},"product_brand":[109],"product_cat":[84],"product_tag":[1526],"class_list":{"0":"post-94255","1":"product","2":"type-product","3":"status-publish","4":"has-post-thumbnail","6":"product_brand-lattafa","7":"product_cat-perfumeria","8":"product_tag-1526","10":"first","11":"instock","12":"shipping-taxable","13":"purchasable","14":"product-type-simple"},"_links":{"self":[{"href":"https:\/\/brandss.com.py\/index\/wp-json\/wp\/v2\/product\/94255","targetHints":{"allow":["GET"]}}],"collection":[{"href":"https:\/\/brandss.com.py\/index\/wp-json\/wp\/v2\/product"}],"about":[{"href":"https:\/\/brandss.com.py\/index\/wp-json\/wp\/v2\/types\/product"}],"replies":[{"embeddable":true,"href":"https:\/\/brandss.com.py\/index\/wp-json\/wp\/v2\/comments?post=94255"}],"version-history":[{"count":1,"href":"https:\/\/brandss.com.py\/index\/wp-json\/wp\/v2\/product\/94255\/revisions"}],"predecessor-version":[{"id":94265,"href":"https:\/\/brandss.com.py\/index\/wp-json\/wp\/v2\/product\/94255\/revisions\/94265"}],"wp:featuredmedia":[{"embeddable":true,"href":"https:\/\/brandss.com.py\/index\/wp-json\/wp\/v2\/media\/94256"}],"wp:attachment":[{"href":"https:\/\/brandss.com.py\/index\/wp-json\/wp\/v2\/media?parent=94255"}],"wp:term":[{"taxonomy":"product_brand","embeddable":true,"href":"https:\/\/brandss.com.py\/index\/wp-json\/wp\/v2\/product_brand?post=94255"},{"taxonomy":"product_cat","embeddable":true,"href":"https:\/\/brandss.com.py\/index\/wp-json\/wp\/v2\/product_cat?post=94255"},{"taxonomy":"product_tag","embeddable":true,"href":"https:\/\/brandss.com.py\/index\/wp-json\/wp\/v2\/product_tag?post=94255"}],"curies":[{"name":"wp","href":"https:\/\/api.w.org\/{rel}","templated":true}]}}