{"id":94275,"date":"2025-11-28T13:49:47","date_gmt":"2025-11-28T13:49:47","guid":{"rendered":"https:\/\/brandss.com.py\/index\/?post_type=product&#038;p=94275"},"modified":"2026-02-25T16:24:26","modified_gmt":"2026-02-25T16:24:26","slug":"perfume-unisex-armaf-club-de-nuit-oud-parfum-105ml","status":"publish","type":"product","link":"https:\/\/brandss.com.py\/index\/producto\/perfume-unisex-armaf-club-de-nuit-oud-parfum-105ml\/","title":{"rendered":"PERFUME UNISEX ARMAF CLUB DE NUIT OUD I PARFUM 105ML"},"content":{"rendered":"<p><img loading=\"lazy\" decoding=\"async\" class=\"\" src=\"https:\/\/vectorseek.com\/wp-content\/uploads\/2023\/12\/ARMAF-Logo-Vector.svg--300x300.png\" alt=\"ARMAF Logo PNG, SVG, AI Vector \u2013 Free Download\" width=\"103\" height=\"103\" \/><\/p>\n<h1>CLUB DE NUIT OUD PARFUM<\/h1>\n<p>Experimente el lujo con Club De Nuit Oud Parfum, una mezcla magistral de frutas, flores y especias c\u00e1lidas. <span dir=\"auto\">Descubra la esencia del lujo con Club De Nuit Oud Parfum, una fragancia exquisita que redefine la sofisticaci\u00f3n. Esta sensaci\u00f3n viral cautiva a los amantes de las fragancias de todo el mundo. Experimenta la perfecta armon\u00eda de frutas jugosas y especias c\u00e1lidas en cada aplicaci\u00f3n.<\/span><\/p>\n<p><img loading=\"lazy\" decoding=\"async\" class=\"alignleft\" src=\"https:\/\/www.monarca.com.py\/cdn\/shop\/files\/ARMAF-Club-de-Nuit-Oud-de-Lujo-EDP-unisex-100-ml-Aromatica-CR-293929.webp?v=1737475196&amp;width=713\" width=\"475\" height=\"475\" \/><\/p>\n<p>&nbsp;<\/p>\n<h3>Notas Olfativas<\/h3>\n<p>&nbsp;<\/p>\n<p>Club De Nuit OUD, una narrativa perfumada de Susurros de la Naturaleza, una fragancia que se despliega como una historia cautivadora. D\u00e9jate llevar por un sendero encantador que murmura historias desde el coraz\u00f3n de la naturaleza. Club de Nuit Oud es una fragancia de la familia olfativa para hombres y mujeres. Esta fragrancia es nueva. Club de Nuit Oud se lanz\u00f3 en 2023. La Nariz detr\u00e1s de esta fragrancia es Christian Provenzano.<\/p>\n<p>&nbsp;<\/p>\n<ul class=\"tickmark_blue\">\n<li><span dir=\"auto\"><strong>Notas de salida:<\/strong> bergamota, pi\u00f1a, melocot\u00f3n, maracuy\u00e1, pera, ciruela.<\/span><\/li>\n<li><span dir=\"auto\"><strong>Notas de coraz\u00f3n:<\/strong> Jazm\u00edn, madera de cachemira, fresia, hojas de violeta.<\/span><\/li>\n<li><strong>Notas de fondo:<\/strong> almizcle, \u00e1mbar cristalino, vainilla, Oud camboyano.<\/li>\n<\/ul>\n<p>&nbsp;<\/p>\n","protected":false},"excerpt":{"rendered":"<p>CLUB DE NUIT OUD PARFUM Experimente el lujo con Club De Nuit Oud Parfum, una mezcla magistral de frutas, flores<\/p>\n","protected":false},"featured_media":94276,"comment_status":"open","ping_status":"closed","template":"","meta":{"nf_dc_page":""},"product_brand":[106],"product_cat":[84],"product_tag":[1541],"class_list":{"0":"post-94275","1":"product","2":"type-product","3":"status-publish","4":"has-post-thumbnail","6":"product_brand-armaf","7":"product_cat-perfumeria","8":"product_tag-1541","10":"first","11":"instock","12":"sale","13":"shipping-taxable","14":"purchasable","15":"product-type-simple"},"_links":{"self":[{"href":"https:\/\/brandss.com.py\/index\/wp-json\/wp\/v2\/product\/94275","targetHints":{"allow":["GET"]}}],"collection":[{"href":"https:\/\/brandss.com.py\/index\/wp-json\/wp\/v2\/product"}],"about":[{"href":"https:\/\/brandss.com.py\/index\/wp-json\/wp\/v2\/types\/product"}],"replies":[{"embeddable":true,"href":"https:\/\/brandss.com.py\/index\/wp-json\/wp\/v2\/comments?post=94275"}],"version-history":[{"count":2,"href":"https:\/\/brandss.com.py\/index\/wp-json\/wp\/v2\/product\/94275\/revisions"}],"predecessor-version":[{"id":99213,"href":"https:\/\/brandss.com.py\/index\/wp-json\/wp\/v2\/product\/94275\/revisions\/99213"}],"wp:featuredmedia":[{"embeddable":true,"href":"https:\/\/brandss.com.py\/index\/wp-json\/wp\/v2\/media\/94276"}],"wp:attachment":[{"href":"https:\/\/brandss.com.py\/index\/wp-json\/wp\/v2\/media?parent=94275"}],"wp:term":[{"taxonomy":"product_brand","embeddable":true,"href":"https:\/\/brandss.com.py\/index\/wp-json\/wp\/v2\/product_brand?post=94275"},{"taxonomy":"product_cat","embeddable":true,"href":"https:\/\/brandss.com.py\/index\/wp-json\/wp\/v2\/product_cat?post=94275"},{"taxonomy":"product_tag","embeddable":true,"href":"https:\/\/brandss.com.py\/index\/wp-json\/wp\/v2\/product_tag?post=94275"}],"curies":[{"name":"wp","href":"https:\/\/api.w.org\/{rel}","templated":true}]}}