{"id":94297,"date":"2025-11-28T17:24:12","date_gmt":"2025-11-28T17:24:12","guid":{"rendered":"https:\/\/brandss.com.py\/index\/?post_type=product&#038;p=94297"},"modified":"2025-11-28T17:24:54","modified_gmt":"2025-11-28T17:24:54","slug":"perfume-unisex-armaf-uniq-effects-edp-100ml","status":"publish","type":"product","link":"https:\/\/brandss.com.py\/index\/producto\/perfume-unisex-armaf-uniq-effects-edp-100ml\/","title":{"rendered":"PERFUME UNISEX ARMAF UNIQ EFFECTS EDP 100ML"},"content":{"rendered":"<p><img loading=\"lazy\" decoding=\"async\" class=\"\" src=\"https:\/\/vectorseek.com\/wp-content\/uploads\/2023\/12\/ARMAF-Logo-Vector.svg--300x300.png\" alt=\"ARMAF Logo PNG, SVG, AI Vector \u2013 Free Download\" width=\"109\" height=\"109\" \/><\/p>\n<h1>EFFECTS OF UNIQ<\/h1>\n<p>Experimenta la extraordinaria esencia de\u00a0 Effects Of Uniq, una fragancia dise\u00f1ada para dejar una huella imborrable. Lanzada en 2024, esta fragancia captura un esp\u00edritu audaz y moderno, especialmente dise\u00f1ado para hombres y mujeres. Effects Of Uniq combina sofisticaci\u00f3n con un toque aventurero, convirti\u00e9ndola en una adici\u00f3n imprescindible a cualquier colecci\u00f3n de fragancias.<\/p>\n<p><img decoding=\"async\" class=\"alignleft\" src=\"https:\/\/i.ebayimg.com\/images\/g\/LX0AAOSwgE9ns3K~\/s-l1600.webp\" \/><\/p>\n<h3>Notas Olfativas<\/h3>\n<p>&nbsp;<\/p>\n<p>Del\u00e9itese con una cautivadora mezcla de mandarina, pera, flor de naranja y caramelo, cuidadosamente elaborada para evocar una sensaci\u00f3n de elegancia y sofisticaci\u00f3n modernas. <span dir=\"auto\">Uniq Effects se abre con vibrantes\u00a0<\/span><span dir=\"auto\">notas de salida de mandarina y pera<\/span><span dir=\"auto\">, creando una primera impresi\u00f3n vigorizante. A medida que la fragancia evoluciona,\u00a0<\/span><span dir=\"auto\">las notas de coraz\u00f3n de flor de azahar, vainilla y flores blancas<\/span><span dir=\"auto\">\u00a0cobran protagonismo, aportando un toque de elegancia y calidez. La experiencia concluye con las ricas\u00a0<\/span><span dir=\"auto\">notas de fondo de madera de cedro, pachul\u00ed, almizcle blanco, caf\u00e9 y caramelo<\/span><span dir=\"auto\">, dejando una estela cautivadora que perdura durante todo el d\u00eda.<\/span><\/p>\n<p><span dir=\"auto\">Esta fragancia masculina es m\u00e1s que un simple aroma: es una experiencia. Perfecta para el hombre moderno que aprecia las cosas buenas de la vida, Armaf Uniq Effects est\u00e1 dise\u00f1ada para complementar tu estilo y carisma \u00fanicos. Ya sea que vayas a una reuni\u00f3n de negocios o a una salida informal, este EDP Spray te garantiza destacar con confianza y sofisticaci\u00f3n.<\/span><\/p>\n<p><span dir=\"auto\">Con su exquisita mezcla de notas y su suntuosa herencia de Oriente Medio, Armaf Uniq Effects es un imprescindible en cualquier colecci\u00f3n de fragancias. Su frasco de 100 ml es ideal para uso diario y ofrece una fragancia duradera que cautiva y cautiva.<\/span><\/p>\n<p><strong>Notas de salida:<\/strong> mandarina, pera.<br \/>\n<strong>Notas de coraz\u00f3n: <\/strong>flor de naranja, vainilla, flores blancas.<br \/>\n<strong>Notas de fondo: <\/strong>cedro, pachul\u00ed, almizcle blanco, caf\u00e9, caramelo.<\/p>\n<p>&nbsp;<\/p>\n","protected":false},"excerpt":{"rendered":"<p>EFFECTS OF UNIQ Experimenta la extraordinaria esencia de\u00a0 Effects Of Uniq, una fragancia dise\u00f1ada para dejar una huella imborrable. Lanzada<\/p>\n","protected":false},"featured_media":94298,"comment_status":"open","ping_status":"closed","template":"","meta":{"nf_dc_page":""},"product_brand":[106],"product_cat":[84],"product_tag":[1543],"class_list":{"0":"post-94297","1":"product","2":"type-product","3":"status-publish","4":"has-post-thumbnail","6":"product_brand-armaf","7":"product_cat-perfumeria","8":"product_tag-1543","10":"first","11":"instock","12":"shipping-taxable","13":"purchasable","14":"product-type-simple"},"_links":{"self":[{"href":"https:\/\/brandss.com.py\/index\/wp-json\/wp\/v2\/product\/94297","targetHints":{"allow":["GET"]}}],"collection":[{"href":"https:\/\/brandss.com.py\/index\/wp-json\/wp\/v2\/product"}],"about":[{"href":"https:\/\/brandss.com.py\/index\/wp-json\/wp\/v2\/types\/product"}],"replies":[{"embeddable":true,"href":"https:\/\/brandss.com.py\/index\/wp-json\/wp\/v2\/comments?post=94297"}],"version-history":[{"count":1,"href":"https:\/\/brandss.com.py\/index\/wp-json\/wp\/v2\/product\/94297\/revisions"}],"predecessor-version":[{"id":94309,"href":"https:\/\/brandss.com.py\/index\/wp-json\/wp\/v2\/product\/94297\/revisions\/94309"}],"wp:featuredmedia":[{"embeddable":true,"href":"https:\/\/brandss.com.py\/index\/wp-json\/wp\/v2\/media\/94298"}],"wp:attachment":[{"href":"https:\/\/brandss.com.py\/index\/wp-json\/wp\/v2\/media?parent=94297"}],"wp:term":[{"taxonomy":"product_brand","embeddable":true,"href":"https:\/\/brandss.com.py\/index\/wp-json\/wp\/v2\/product_brand?post=94297"},{"taxonomy":"product_cat","embeddable":true,"href":"https:\/\/brandss.com.py\/index\/wp-json\/wp\/v2\/product_cat?post=94297"},{"taxonomy":"product_tag","embeddable":true,"href":"https:\/\/brandss.com.py\/index\/wp-json\/wp\/v2\/product_tag?post=94297"}],"curies":[{"name":"wp","href":"https:\/\/api.w.org\/{rel}","templated":true}]}}