{"id":94356,"date":"2025-11-29T16:23:35","date_gmt":"2025-11-29T16:23:35","guid":{"rendered":"https:\/\/brandss.com.py\/index\/?post_type=product&#038;p=94356"},"modified":"2025-11-29T16:24:06","modified_gmt":"2025-11-29T16:24:06","slug":"perfume-unisex-volare-adove-the-clouds-edp-100ml","status":"publish","type":"product","link":"https:\/\/brandss.com.py\/index\/producto\/perfume-unisex-volare-adove-the-clouds-edp-100ml\/","title":{"rendered":"PERFUME UNISEX VOLAR\u00c9 ADOVE THE CLOUDS EDP 100ML"},"content":{"rendered":"<p><img loading=\"lazy\" decoding=\"async\" class=\"\" src=\"https:\/\/bestperfumesmiami.com\/cdn\/shop\/collections\/Volare_Logo_-_Edited_1.png?v=1747240421\" alt=\"Volar\u00e9 \u2013 Best Perfumes Miami\" width=\"104\" height=\"104\" \/><\/p>\n<h1>ADOVE THE CLOUDS<\/h1>\n<p>Es una fragancia luminosa que evoca la sensaci\u00f3n de serenidad y felicidad que se encuentra en lo alto del cielo. <span dir=\"auto\">Above the Clouds Eau de Parfum<\/span><span dir=\"auto\">\u00a0es una\u00a0<\/span><span dir=\"auto\">fragancia unisex<\/span><span dir=\"auto\"> que captura la ligereza y la libertad de caminar sobre las nubes. Este<\/span><span dir=\"auto\">\u00a0Eau de Parfum, ofrece un aroma duradero, perfecto tanto para el d\u00eda como para la noche. La fragancia es equilibrada y ofrece una experiencia armoniosa.<\/span><\/p>\n<h3>Notas Olfativas<img loading=\"lazy\" decoding=\"async\" class=\"alignleft\" src=\"https:\/\/fragrancekorner.com\/cdn\/shop\/files\/ChatGPTImage24juil.2025_19_29_43.png?v=1753378415\" width=\"554\" height=\"554\" \/><\/h3>\n<p>Above the Clouds Perfume es una fragancia c\u00edtrica y amaderada unisex que combina frescura y elegancia. <span dir=\"auto\">Se abre con una refrescante explosi\u00f3n c\u00edtrica que revitaliza los sentidos y eleva el esp\u00edritu al instante. El coraz\u00f3n de la fragancia presenta la elegante combinaci\u00f3n de bergamota y jengibre, que aporta una c\u00e1lida y c\u00edtrica calidez que despierta los sentidos y estimula la mente. A medida que la fragancia se despliega, las notas de fondo de mandarina y \u00e1mbar gris crean una base rica y sensual que perdura maravillosamente en la piel. Esta exquisita mezcla ofrece un equilibrio armonioso entre brillo y profundidad, lo que convierte a Above the Clouds en la opci\u00f3n perfecta para quienes buscan una fragancia que represente vitalidad y sofisticaci\u00f3n, ideal para cualquier ocasi\u00f3n.<\/span><\/p>\n<p><strong><span dir=\"auto\">Notas de salida:\u00a0<\/span><\/strong><span dir=\"auto\">pomelo, <\/span><span dir=\"auto\">mandarina.<\/span><\/p>\n<p><strong><span dir=\"auto\">Notas de coraz\u00f3n:<\/span><\/strong> b<span dir=\"auto\">ergamota, jengibre.<\/span><\/p>\n<p><strong><span dir=\"auto\">Notas de fondo: <\/span><\/strong><span dir=\"auto\">m<\/span><span dir=\"auto\">andar\u00edn, ambregris.<\/span><\/p>\n","protected":false},"excerpt":{"rendered":"<p>ADOVE THE CLOUDS Es una fragancia luminosa que evoca la sensaci\u00f3n de serenidad y felicidad que se encuentra en lo<\/p>\n","protected":false},"featured_media":94357,"comment_status":"open","ping_status":"closed","template":"","meta":{"nf_dc_page":""},"product_brand":[1550],"product_cat":[84],"product_tag":[1551],"class_list":{"0":"post-94356","1":"product","2":"type-product","3":"status-publish","4":"has-post-thumbnail","6":"product_brand-volare","7":"product_cat-perfumeria","8":"product_tag-1551","10":"first","11":"instock","12":"shipping-taxable","13":"purchasable","14":"product-type-simple"},"_links":{"self":[{"href":"https:\/\/brandss.com.py\/index\/wp-json\/wp\/v2\/product\/94356","targetHints":{"allow":["GET"]}}],"collection":[{"href":"https:\/\/brandss.com.py\/index\/wp-json\/wp\/v2\/product"}],"about":[{"href":"https:\/\/brandss.com.py\/index\/wp-json\/wp\/v2\/types\/product"}],"replies":[{"embeddable":true,"href":"https:\/\/brandss.com.py\/index\/wp-json\/wp\/v2\/comments?post=94356"}],"version-history":[{"count":1,"href":"https:\/\/brandss.com.py\/index\/wp-json\/wp\/v2\/product\/94356\/revisions"}],"predecessor-version":[{"id":94362,"href":"https:\/\/brandss.com.py\/index\/wp-json\/wp\/v2\/product\/94356\/revisions\/94362"}],"wp:featuredmedia":[{"embeddable":true,"href":"https:\/\/brandss.com.py\/index\/wp-json\/wp\/v2\/media\/94357"}],"wp:attachment":[{"href":"https:\/\/brandss.com.py\/index\/wp-json\/wp\/v2\/media?parent=94356"}],"wp:term":[{"taxonomy":"product_brand","embeddable":true,"href":"https:\/\/brandss.com.py\/index\/wp-json\/wp\/v2\/product_brand?post=94356"},{"taxonomy":"product_cat","embeddable":true,"href":"https:\/\/brandss.com.py\/index\/wp-json\/wp\/v2\/product_cat?post=94356"},{"taxonomy":"product_tag","embeddable":true,"href":"https:\/\/brandss.com.py\/index\/wp-json\/wp\/v2\/product_tag?post=94356"}],"curies":[{"name":"wp","href":"https:\/\/api.w.org\/{rel}","templated":true}]}}