{"id":94369,"date":"2025-11-29T17:20:40","date_gmt":"2025-11-29T17:20:40","guid":{"rendered":"https:\/\/brandss.com.py\/index\/?post_type=product&#038;p=94369"},"modified":"2025-11-29T17:21:12","modified_gmt":"2025-11-29T17:21:12","slug":"perfume-unisex-volare-luminous-waves-edp-100ml","status":"publish","type":"product","link":"https:\/\/brandss.com.py\/index\/producto\/perfume-unisex-volare-luminous-waves-edp-100ml\/","title":{"rendered":"PERFUME UNISEX VOLAR\u00c9 LUMINOUS WAVES EDP 100ML"},"content":{"rendered":"<p><img loading=\"lazy\" decoding=\"async\" class=\"\" src=\"https:\/\/bestperfumesmiami.com\/cdn\/shop\/collections\/Volare_Logo_-_Edited_1.png?v=1747240421\" alt=\"Volar\u00e9 \u2013 Best Perfumes Miami\" width=\"108\" height=\"108\" \/><\/p>\n<h1>LUMINOUS WAVES<\/h1>\n<p>El perfume tiene ese poder m\u00e1gico de despertar emociones, evocar recuerdos y transportarnos a lugares lejanos. Luminous Waves es una invitaci\u00f3n a sumergirse en un universo vibrante de frescura, luz y sensualidad. Inspirada en la belleza de las olas que brillan bajo el sol, esta fragancia es una experiencia olfativa cautivadora, donde cada nota se entrelaza para crear una armon\u00eda perfecta. Descubre por qu\u00e9 Luminous Waves es la opci\u00f3n ideal para quienes buscan una fragancia luminosa, elegante y refrescante.<img loading=\"lazy\" decoding=\"async\" class=\"alignleft\" src=\"https:\/\/balade-orientale.com\/cdn\/shop\/files\/volare-luminous-waves-100-ml-1.webp?v=1737152259&amp;width=1000\" width=\"592\" height=\"592\" \/><\/p>\n<p>Luminous Waves captura la esencia misma del mar, el sol y la libertad. Esta fragancia ofrece una experiencia sensorial vibrante, donde el frescor de las olas se mezcla con la calidez de la arena y la elegancia de la naturaleza. La composici\u00f3n de Luminous Waves combina notas frutales, florales y amaderadas, creando un equilibrio perfecto entre la ligereza del aire del mar y la profundidad de la tierra. Este perfume es una invitaci\u00f3n a la evasi\u00f3n, a descubrir paisajes soleados y la suave y refinada sensualidad de las playas del Mediterr\u00e1neo.<\/p>\n<p>&nbsp;<\/p>\n<h3>Notas Olfativas<\/h3>\n<h3><\/h3>\n<p><span dir=\"auto\">Luminous Waves es una fragancia encantadora que encarna la refrescante esencia de la brisa marina bajo el sol. La fragancia se abre con vibrantes notas de pomelo, jengibre y bergamota, creando una entrada vivaz y estimulante que revitaliza los sentidos. En su coraz\u00f3n, las notas acu\u00e1ticas se mezclan con salvia, romero y geranio, creando una mezcla armoniosa que evoca la serenidad de un refugio costero. La fragancia culmina con una c\u00e1lida y relajante base de ambroxan, \u00e1mbar y l\u00e1dano, que aporta profundidad y sofisticaci\u00f3n, dejando una huella imborrable. Luminous Waves es perfecta para quienes buscan un aroma brillante y refrescante que capture la belleza de la naturaleza, ideal tanto para aventuras diurnas como para escapadas nocturnas.<\/span><\/p>\n<p><span style=\"color: #000000\"><strong><span dir=\"auto\">Notas de salida:\u00a0<\/span><\/strong><\/span><span dir=\"auto\">pomelo, jengibre, bergamota.<\/span><\/p>\n<p><span style=\"color: #000000\"><strong><span dir=\"auto\">Notas de coraz\u00f3n:<\/span><\/strong>\u00a0<\/span><span dir=\"auto\">notas de agua, salvia, romero, geranio.<\/span><\/p>\n<p><span style=\"color: #000000\"><strong><span dir=\"auto\">Notas de fondo:\u00a0<\/span><\/strong><\/span><span dir=\"auto\">ambrox\u00e1n, \u00e1mbar, l\u00e1dano<\/span><\/p>\n","protected":false},"excerpt":{"rendered":"<p>LUMINOUS WAVES El perfume tiene ese poder m\u00e1gico de despertar emociones, evocar recuerdos y transportarnos a lugares lejanos. Luminous Waves<\/p>\n","protected":false},"featured_media":94370,"comment_status":"open","ping_status":"closed","template":"","meta":{"nf_dc_page":""},"product_brand":[1550],"product_cat":[84],"product_tag":[1553],"class_list":{"0":"post-94369","1":"product","2":"type-product","3":"status-publish","4":"has-post-thumbnail","6":"product_brand-volare","7":"product_cat-perfumeria","8":"product_tag-1553","10":"first","11":"instock","12":"shipping-taxable","13":"purchasable","14":"product-type-simple"},"_links":{"self":[{"href":"https:\/\/brandss.com.py\/index\/wp-json\/wp\/v2\/product\/94369","targetHints":{"allow":["GET"]}}],"collection":[{"href":"https:\/\/brandss.com.py\/index\/wp-json\/wp\/v2\/product"}],"about":[{"href":"https:\/\/brandss.com.py\/index\/wp-json\/wp\/v2\/types\/product"}],"replies":[{"embeddable":true,"href":"https:\/\/brandss.com.py\/index\/wp-json\/wp\/v2\/comments?post=94369"}],"version-history":[{"count":1,"href":"https:\/\/brandss.com.py\/index\/wp-json\/wp\/v2\/product\/94369\/revisions"}],"predecessor-version":[{"id":94375,"href":"https:\/\/brandss.com.py\/index\/wp-json\/wp\/v2\/product\/94369\/revisions\/94375"}],"wp:featuredmedia":[{"embeddable":true,"href":"https:\/\/brandss.com.py\/index\/wp-json\/wp\/v2\/media\/94370"}],"wp:attachment":[{"href":"https:\/\/brandss.com.py\/index\/wp-json\/wp\/v2\/media?parent=94369"}],"wp:term":[{"taxonomy":"product_brand","embeddable":true,"href":"https:\/\/brandss.com.py\/index\/wp-json\/wp\/v2\/product_brand?post=94369"},{"taxonomy":"product_cat","embeddable":true,"href":"https:\/\/brandss.com.py\/index\/wp-json\/wp\/v2\/product_cat?post=94369"},{"taxonomy":"product_tag","embeddable":true,"href":"https:\/\/brandss.com.py\/index\/wp-json\/wp\/v2\/product_tag?post=94369"}],"curies":[{"name":"wp","href":"https:\/\/api.w.org\/{rel}","templated":true}]}}