{"id":94380,"date":"2025-11-29T19:17:49","date_gmt":"2025-11-29T19:17:49","guid":{"rendered":"https:\/\/brandss.com.py\/index\/?post_type=product&#038;p=94380"},"modified":"2026-03-18T10:31:49","modified_gmt":"2026-03-18T10:31:49","slug":"perfume-masculino-volare-black-lucid-dreams-edp-100ml","status":"publish","type":"product","link":"https:\/\/brandss.com.py\/index\/producto\/perfume-masculino-volare-black-lucid-dreams-edp-100ml\/","title":{"rendered":"PERFUME MASCULINO VOLAR\u00c9 BLACK LUCID DREAMS EDP 100ML"},"content":{"rendered":"<p><img loading=\"lazy\" decoding=\"async\" class=\"\" src=\"https:\/\/bestperfumesmiami.com\/cdn\/shop\/collections\/Volare_Logo_-_Edited_1.png?v=1747240421\" alt=\"Volar\u00e9 \u2013 Best Perfumes Miami\" width=\"107\" height=\"107\" \/><\/p>\n<h1>BLACK LUCID DREAMS<\/h1>\n<p>Unos hablan, otros act\u00faan. Black Lucid Dreams\u00a0 pertenece a esta segunda categor\u00eda. No reclama atenci\u00f3n, pero la impone de forma natural con su magn\u00e9tica presencia. Ll\u00e9velo para que cada una de sus entradas sea una aparici\u00f3n que no pase desapercibida. Es una fragancia encantadora que transporta los sentidos en un viaje cautivador. <span dir=\"auto\">Black Lucid Dreams<\/span><span dir=\"auto\">\u00a0es la opci\u00f3n perfecta para quienes buscan una fragancia audaz y sofisticada, ideal tanto para el d\u00eda como para la noche. Deja una\u00a0<\/span><span dir=\"auto\">impresi\u00f3n cautivadora<\/span><span dir=\"auto\"> que despierta curiosidad y admiraci\u00f3n a cada paso.\u00a0<\/span><\/p>\n<h3>Notas Olfativas<\/h3>\n<p><span dir=\"auto\">Black Lucid Dreams es una fragancia encantadora que se abre con una emocionante mezcla de pimienta picante, jengibre c\u00edtrico y cardamomo arom\u00e1tico, creando un tono intrigante que cautiva los sentidos. El coraz\u00f3n revela un exuberante bouquet de coco, gardenia, flor de azahar y peon\u00eda, combinando una dulzura cremosa con la elegancia floral para una experiencia verdaderamente de ensue\u00f1o. A medida que el aroma evoluciona, se asienta en una c\u00e1lida y sensual base de s\u00e1ndalo, almizcle y \u00e1mbar, creando un final rico y persistente que te envuelve en un capullo de lujo. Esta fragancia es perfecta para quienes buscan un aroma audaz pero sofisticado, ideal tanto para el d\u00eda como para la noche, dejando una estela hipn\u00f3tica que inspira curiosidad y admiraci\u00f3n.<\/span><\/p>\n<p><strong><span dir=\"auto\">Notas de salida:\u00a0<\/span><\/strong><span dir=\"auto\">flor de naranja, bergamota.<\/span><\/p>\n<p><strong><span dir=\"auto\">Notas de coraz\u00f3n:\u00a0<\/span><\/strong><span dir=\"auto\">nardo, jazm\u00edn indio.<\/span><\/p>\n<p><strong><span dir=\"auto\">Notas de fondo:\u00a0<\/span><\/strong><span dir=\"auto\">vainilla de madagascar, almizcle blanco, cedro de virginia.<\/span><\/p>\n","protected":false},"excerpt":{"rendered":"<p>BLACK LUCID DREAMS Unos hablan, otros act\u00faan. Black Lucid Dreams\u00a0 pertenece a esta segunda categor\u00eda. No reclama atenci\u00f3n, pero la<\/p>\n","protected":false},"featured_media":94381,"comment_status":"open","ping_status":"closed","template":"","meta":{"nf_dc_page":""},"product_brand":[1550],"product_cat":[84],"product_tag":[1555],"class_list":{"0":"post-94380","1":"product","2":"type-product","3":"status-publish","4":"has-post-thumbnail","6":"product_brand-volare","7":"product_cat-perfumeria","8":"product_tag-1555","10":"first","11":"instock","12":"sale","13":"shipping-taxable","14":"purchasable","15":"product-type-simple"},"_links":{"self":[{"href":"https:\/\/brandss.com.py\/index\/wp-json\/wp\/v2\/product\/94380","targetHints":{"allow":["GET"]}}],"collection":[{"href":"https:\/\/brandss.com.py\/index\/wp-json\/wp\/v2\/product"}],"about":[{"href":"https:\/\/brandss.com.py\/index\/wp-json\/wp\/v2\/types\/product"}],"replies":[{"embeddable":true,"href":"https:\/\/brandss.com.py\/index\/wp-json\/wp\/v2\/comments?post=94380"}],"version-history":[{"count":1,"href":"https:\/\/brandss.com.py\/index\/wp-json\/wp\/v2\/product\/94380\/revisions"}],"predecessor-version":[{"id":94383,"href":"https:\/\/brandss.com.py\/index\/wp-json\/wp\/v2\/product\/94380\/revisions\/94383"}],"wp:featuredmedia":[{"embeddable":true,"href":"https:\/\/brandss.com.py\/index\/wp-json\/wp\/v2\/media\/94381"}],"wp:attachment":[{"href":"https:\/\/brandss.com.py\/index\/wp-json\/wp\/v2\/media?parent=94380"}],"wp:term":[{"taxonomy":"product_brand","embeddable":true,"href":"https:\/\/brandss.com.py\/index\/wp-json\/wp\/v2\/product_brand?post=94380"},{"taxonomy":"product_cat","embeddable":true,"href":"https:\/\/brandss.com.py\/index\/wp-json\/wp\/v2\/product_cat?post=94380"},{"taxonomy":"product_tag","embeddable":true,"href":"https:\/\/brandss.com.py\/index\/wp-json\/wp\/v2\/product_tag?post=94380"}],"curies":[{"name":"wp","href":"https:\/\/api.w.org\/{rel}","templated":true}]}}