{"id":94388,"date":"2025-12-01T12:52:39","date_gmt":"2025-12-01T12:52:39","guid":{"rendered":"https:\/\/brandss.com.py\/index\/?post_type=product&#038;p=94388"},"modified":"2026-03-18T10:32:25","modified_gmt":"2026-03-18T10:32:25","slug":"perfume-femenino-volare-mystical-wanderlust-edp-100ml","status":"publish","type":"product","link":"https:\/\/brandss.com.py\/index\/producto\/perfume-femenino-volare-mystical-wanderlust-edp-100ml\/","title":{"rendered":"PERFUME FEMENINO VOLAR\u00c9 MYSTICAL WANDERLUST EDP 100ML"},"content":{"rendered":"<p><img loading=\"lazy\" decoding=\"async\" class=\"\" src=\"https:\/\/bestperfumesmiami.com\/cdn\/shop\/collections\/Volare_Logo_-_Edited_1.png?v=1747240421\" alt=\"Volar\u00e9 \u2013 Page 5 \u2013 Best Perfumes Miami\" width=\"100\" height=\"100\" \/><\/p>\n<h1>MYSTICAL WANDERLUST<\/h1>\n<p><span dir=\"auto\">Descubre\u00a0<\/span><span dir=\"auto\">Mystical Wanderlust<\/span><span dir=\"auto\">, una fragancia encantadora y elegante dise\u00f1ada especialmente para mujeres. Este perfume encarna la feminidad con una composici\u00f3n olfativa que combina suavidad y profundidad, perfecta para quienes buscan una experiencia sensorial \u00fanica.<\/span><\/p>\n<h3>Notas Olfativas<\/h3>\n<p>Mystical Wanderlust es una fragancia cautivadora que te transporta a paisajes encantadores con su radiante salida de azahar y bergamota, evocando una sensaci\u00f3n de frescura y vitalidad. En su coraz\u00f3n, se despliega un exuberante bouquet de nardos y jazm\u00edn de la India, a\u00f1adiendo una ex\u00f3tica profundidad floral que cautiva los sentidos e invita a la exploraci\u00f3n. El aroma se asienta con gracia en una c\u00e1lida y reconfortante base de vainilla de Madagascar, almizcle blanco y cedro de Virginia, creando un aroma rico y relajante que perdura maravillosamente en la piel. Esta exquisita mezcla es perfecta para quienes buscan un viaje olfativo \u00fanico, convirti\u00e9ndola en la compa\u00f1era ideal para cualquier ocasi\u00f3n, de d\u00eda o de noche, dejando una huella imborrable dondequiera que vayas.<\/p>\n<p><strong><span dir=\"auto\">Notas de salida:\u00a0<\/span><\/strong><span dir=\"auto\">flor de naranja, bergamota.<\/span><\/p>\n<p><strong><span dir=\"auto\">Notas de coraz\u00f3n:\u00a0<\/span><\/strong><span dir=\"auto\">nardo, jazm\u00edn indio.<\/span><\/p>\n<p><strong><span dir=\"auto\">Notas de fondo:\u00a0<\/span><\/strong><span dir=\"auto\">vainilla de madagascar, almizcle blanco, cedro de virginia.<\/span><\/p>\n","protected":false},"excerpt":{"rendered":"<p>MYSTICAL WANDERLUST Descubre\u00a0Mystical Wanderlust, una fragancia encantadora y elegante dise\u00f1ada especialmente para mujeres. Este perfume encarna la feminidad con una<\/p>\n","protected":false},"featured_media":94389,"comment_status":"open","ping_status":"closed","template":"","meta":{"nf_dc_page":""},"product_brand":[1550],"product_cat":[84],"product_tag":[1557],"class_list":{"0":"post-94388","1":"product","2":"type-product","3":"status-publish","4":"has-post-thumbnail","6":"product_brand-volare","7":"product_cat-perfumeria","8":"product_tag-1557","10":"first","11":"outofstock","12":"shipping-taxable","13":"purchasable","14":"product-type-simple"},"_links":{"self":[{"href":"https:\/\/brandss.com.py\/index\/wp-json\/wp\/v2\/product\/94388","targetHints":{"allow":["GET"]}}],"collection":[{"href":"https:\/\/brandss.com.py\/index\/wp-json\/wp\/v2\/product"}],"about":[{"href":"https:\/\/brandss.com.py\/index\/wp-json\/wp\/v2\/types\/product"}],"replies":[{"embeddable":true,"href":"https:\/\/brandss.com.py\/index\/wp-json\/wp\/v2\/comments?post=94388"}],"version-history":[{"count":1,"href":"https:\/\/brandss.com.py\/index\/wp-json\/wp\/v2\/product\/94388\/revisions"}],"predecessor-version":[{"id":94391,"href":"https:\/\/brandss.com.py\/index\/wp-json\/wp\/v2\/product\/94388\/revisions\/94391"}],"wp:featuredmedia":[{"embeddable":true,"href":"https:\/\/brandss.com.py\/index\/wp-json\/wp\/v2\/media\/94389"}],"wp:attachment":[{"href":"https:\/\/brandss.com.py\/index\/wp-json\/wp\/v2\/media?parent=94388"}],"wp:term":[{"taxonomy":"product_brand","embeddable":true,"href":"https:\/\/brandss.com.py\/index\/wp-json\/wp\/v2\/product_brand?post=94388"},{"taxonomy":"product_cat","embeddable":true,"href":"https:\/\/brandss.com.py\/index\/wp-json\/wp\/v2\/product_cat?post=94388"},{"taxonomy":"product_tag","embeddable":true,"href":"https:\/\/brandss.com.py\/index\/wp-json\/wp\/v2\/product_tag?post=94388"}],"curies":[{"name":"wp","href":"https:\/\/api.w.org\/{rel}","templated":true}]}}