{"id":94392,"date":"2025-12-01T13:17:39","date_gmt":"2025-12-01T13:17:39","guid":{"rendered":"https:\/\/brandss.com.py\/index\/?post_type=product&#038;p=94392"},"modified":"2026-03-18T10:32:55","modified_gmt":"2026-03-18T10:32:55","slug":"perfume-femenino-volare-seamless-forest-edp-100ml","status":"publish","type":"product","link":"https:\/\/brandss.com.py\/index\/producto\/perfume-femenino-volare-seamless-forest-edp-100ml\/","title":{"rendered":"PERFUME FEMENINO VOLAR\u00c9 SEAMLESS FOREST EDP 100ML"},"content":{"rendered":"<p><img loading=\"lazy\" decoding=\"async\" class=\"\" src=\"https:\/\/bestperfumesmiami.com\/cdn\/shop\/collections\/Volare_Logo_-_Edited_1.png?v=1747240421\" alt=\"Volar\u00e9 \u2013 Page 5 \u2013 Best Perfumes Miami\" width=\"110\" height=\"110\" \/><\/p>\n<h1>SEAMLESS FOREST<\/h1>\n<p>Es una fragancia suave y ligera sensual\u00a0que le embellecer\u00e1 con refinamiento. Sus notas son exquisitamente dulces. Tambi\u00e9n te tranquilizar\u00e1n y te dar\u00e1n una sensaci\u00f3n de bienestar, bienestar profundo. As\u00ed que es un peque\u00f1o capricho olfativo que te har\u00e1 brillar en cualquier ocasi\u00f3n.<\/p>\n<p><span dir=\"auto\"><span class=\"VIpgJd-yAWNEb-VIpgJd-fmcmS-sn54Q\" dir=\"auto\">Sum\u00e9rgete en el cautivador mundo\u00a0<\/span><\/span><span dir=\"auto\"><span class=\"VIpgJd-yAWNEb-VIpgJd-fmcmS-sn54Q\" dir=\"auto\">de Seamless Forest, <\/span><\/span><span dir=\"auto\"><span class=\"VIpgJd-yAWNEb-VIpgJd-fmcmS-sn54Q\" dir=\"auto\">donde la frescura radiante se encuentra con una armon\u00eda relajante.<\/span><\/span><\/p>\n<h3>Notas Olfativas<\/h3>\n<p><span dir=\"auto\">Seamless Forest es una fragancia refrescante y armoniosa que comienza con las vibrantes y c\u00edtricas notas de lim\u00f3n italiano, revitalizando al instante los sentidos con su estimulante aroma c\u00edtrico. El coraz\u00f3n revela un exuberante bouquet de rosa turca, que a\u00f1ade un toque rom\u00e1ntico y elegante que equilibra a la perfecci\u00f3n la frescura de las notas de salida. A medida que el aroma evoluciona, se asienta en una c\u00e1lida y reconfortante base de vainilla, almizcle blanco y cedro, creando un final rico y terroso que evoca la tranquilidad de un bosque sereno. Esta exquisita mezcla es perfecta para quienes aprecian una fragancia refinada pero accesible, lo que la convierte en una opci\u00f3n vers\u00e1til tanto para el d\u00eda como para la noche, dejando una huella imborrable de la belleza de la naturaleza.<\/span><\/p>\n<p><strong><span dir=\"auto\">Notas de salida: <\/span><\/strong><span dir=\"auto\">l<\/span><span dir=\"auto\">im\u00f3n italiano.<\/span><\/p>\n<p><strong><span dir=\"auto\">Notas de coraz\u00f3n:\u00a0<\/span><\/strong><span dir=\"auto\">rosa turca.<\/span><\/p>\n<p><strong><span dir=\"auto\">Notas de fondo:\u00a0<\/span><\/strong><span dir=\"auto\">vainilla, almizcle blanco, cedro.<\/span><\/p>\n","protected":false},"excerpt":{"rendered":"<p>SEAMLESS FOREST Es una fragancia suave y ligera sensual\u00a0que le embellecer\u00e1 con refinamiento. Sus notas son exquisitamente dulces. Tambi\u00e9n te<\/p>\n","protected":false},"featured_media":94393,"comment_status":"open","ping_status":"closed","template":"","meta":{"nf_dc_page":""},"product_brand":[1550],"product_cat":[84],"product_tag":[1558],"class_list":{"0":"post-94392","1":"product","2":"type-product","3":"status-publish","4":"has-post-thumbnail","6":"product_brand-volare","7":"product_cat-perfumeria","8":"product_tag-1558","10":"first","11":"instock","12":"sale","13":"shipping-taxable","14":"purchasable","15":"product-type-simple"},"_links":{"self":[{"href":"https:\/\/brandss.com.py\/index\/wp-json\/wp\/v2\/product\/94392","targetHints":{"allow":["GET"]}}],"collection":[{"href":"https:\/\/brandss.com.py\/index\/wp-json\/wp\/v2\/product"}],"about":[{"href":"https:\/\/brandss.com.py\/index\/wp-json\/wp\/v2\/types\/product"}],"replies":[{"embeddable":true,"href":"https:\/\/brandss.com.py\/index\/wp-json\/wp\/v2\/comments?post=94392"}],"version-history":[{"count":1,"href":"https:\/\/brandss.com.py\/index\/wp-json\/wp\/v2\/product\/94392\/revisions"}],"predecessor-version":[{"id":94395,"href":"https:\/\/brandss.com.py\/index\/wp-json\/wp\/v2\/product\/94392\/revisions\/94395"}],"wp:featuredmedia":[{"embeddable":true,"href":"https:\/\/brandss.com.py\/index\/wp-json\/wp\/v2\/media\/94393"}],"wp:attachment":[{"href":"https:\/\/brandss.com.py\/index\/wp-json\/wp\/v2\/media?parent=94392"}],"wp:term":[{"taxonomy":"product_brand","embeddable":true,"href":"https:\/\/brandss.com.py\/index\/wp-json\/wp\/v2\/product_brand?post=94392"},{"taxonomy":"product_cat","embeddable":true,"href":"https:\/\/brandss.com.py\/index\/wp-json\/wp\/v2\/product_cat?post=94392"},{"taxonomy":"product_tag","embeddable":true,"href":"https:\/\/brandss.com.py\/index\/wp-json\/wp\/v2\/product_tag?post=94392"}],"curies":[{"name":"wp","href":"https:\/\/api.w.org\/{rel}","templated":true}]}}