{"id":94396,"date":"2025-12-01T13:40:21","date_gmt":"2025-12-01T13:40:21","guid":{"rendered":"https:\/\/brandss.com.py\/index\/?post_type=product&#038;p=94396"},"modified":"2025-12-01T13:40:57","modified_gmt":"2025-12-01T13:40:57","slug":"perfume-femenino-volare-gossip-girl-culture-edp-100ml","status":"publish","type":"product","link":"https:\/\/brandss.com.py\/index\/producto\/perfume-femenino-volare-gossip-girl-culture-edp-100ml\/","title":{"rendered":"PERFUME FEMENINO VOLAR\u00c9 GOSSIP GIRL CULTURE EDP 100ML"},"content":{"rendered":"<p><img loading=\"lazy\" decoding=\"async\" class=\"\" src=\"https:\/\/bestperfumesmiami.com\/cdn\/shop\/collections\/Volare_Logo_-_Edited_1.png?v=1747240421\" alt=\"Volar\u00e9 \u2013 Page 5 \u2013 Best Perfumes Miami\" width=\"90\" height=\"90\" \/><\/p>\n<h1>GOSSIP GIRL CULTURE<\/h1>\n<p><span dir=\"auto\">Sum\u00e9rgete en un mundo de glamour y sofisticaci\u00f3n con\u00a0\u00a0<\/span><span dir=\"auto\">Gossip Girl Culture<\/span><span dir=\"auto\">, un cautivador Eau de Parfum que celebra la feminidad moderna y audaz. Con su compleja composici\u00f3n y acordes cautivadores, esta elegante fragancia es perfecta para causar una impresi\u00f3n duradera en cualquier ocasi\u00f3n.<\/span><\/p>\n<p><img loading=\"lazy\" decoding=\"async\" class=\"alignleft\" src=\"https:\/\/fragrancekorner.com\/cdn\/shop\/files\/ChatGPTImage24mai2025_19_23_29.png?v=1753376049\" width=\"420\" height=\"630\" \/><\/p>\n<h3>Notas Olfativas<\/h3>\n<p>&nbsp;<\/p>\n<p style=\"font-weight: 400\">Experimente &#8220;Gossip Girl Culture&#8221;, un perfume cautivador que se abre con un ramo radiante de osmanto, jazm\u00edn y rosa de mayo para una introducci\u00f3n encantadora.<\/p>\n<p style=\"font-weight: 400\">En su coraz\u00f3n, la ex\u00f3tica riqueza del nardo indio y el narciso aporta profundidad y sensualidad. La fragancia se asienta sobre una c\u00e1lida base de \u00e1mbar y cedro, proporcionando un final relajante y duradero.<\/p>\n<p style=\"font-weight: 400\">&#8220;Gossip Girl Culture&#8221; es una elegante combinaci\u00f3n de elegancia y encanto, perfecta para la musa moderna que navega por la vida con estilo.<\/p>\n<p>&nbsp;<\/p>\n<p style=\"font-weight: 400\"><strong>Notas de salida: <\/strong>osmanto, melocot\u00f3n, neroli, bergamota, mandarina, canela.<\/p>\n<p style=\"font-weight: 400\"><strong>Notas de coraz\u00f3n: <\/strong>narciso indio, narciso, jazm\u00edn, rosa de mayo.<\/p>\n<p style=\"font-weight: 400\"><strong>Notas de fondo: <\/strong>\u00e1mbar, cedro, vetiver, s\u00e1ndalo, pachul\u00ed.<\/p>\n","protected":false},"excerpt":{"rendered":"<p>GOSSIP GIRL CULTURE Sum\u00e9rgete en un mundo de glamour y sofisticaci\u00f3n con\u00a0\u00a0Gossip Girl Culture, un cautivador Eau de Parfum que<\/p>\n","protected":false},"featured_media":94397,"comment_status":"open","ping_status":"closed","template":"","meta":{"nf_dc_page":""},"product_brand":[1550],"product_cat":[84],"product_tag":[1559],"class_list":{"0":"post-94396","1":"product","2":"type-product","3":"status-publish","4":"has-post-thumbnail","6":"product_brand-volare","7":"product_cat-perfumeria","8":"product_tag-1559","10":"first","11":"instock","12":"shipping-taxable","13":"purchasable","14":"product-type-simple"},"_links":{"self":[{"href":"https:\/\/brandss.com.py\/index\/wp-json\/wp\/v2\/product\/94396","targetHints":{"allow":["GET"]}}],"collection":[{"href":"https:\/\/brandss.com.py\/index\/wp-json\/wp\/v2\/product"}],"about":[{"href":"https:\/\/brandss.com.py\/index\/wp-json\/wp\/v2\/types\/product"}],"replies":[{"embeddable":true,"href":"https:\/\/brandss.com.py\/index\/wp-json\/wp\/v2\/comments?post=94396"}],"version-history":[{"count":1,"href":"https:\/\/brandss.com.py\/index\/wp-json\/wp\/v2\/product\/94396\/revisions"}],"predecessor-version":[{"id":94400,"href":"https:\/\/brandss.com.py\/index\/wp-json\/wp\/v2\/product\/94396\/revisions\/94400"}],"wp:featuredmedia":[{"embeddable":true,"href":"https:\/\/brandss.com.py\/index\/wp-json\/wp\/v2\/media\/94397"}],"wp:attachment":[{"href":"https:\/\/brandss.com.py\/index\/wp-json\/wp\/v2\/media?parent=94396"}],"wp:term":[{"taxonomy":"product_brand","embeddable":true,"href":"https:\/\/brandss.com.py\/index\/wp-json\/wp\/v2\/product_brand?post=94396"},{"taxonomy":"product_cat","embeddable":true,"href":"https:\/\/brandss.com.py\/index\/wp-json\/wp\/v2\/product_cat?post=94396"},{"taxonomy":"product_tag","embeddable":true,"href":"https:\/\/brandss.com.py\/index\/wp-json\/wp\/v2\/product_tag?post=94396"}],"curies":[{"name":"wp","href":"https:\/\/api.w.org\/{rel}","templated":true}]}}