{"id":94401,"date":"2025-12-01T14:30:04","date_gmt":"2025-12-01T14:30:04","guid":{"rendered":"https:\/\/brandss.com.py\/index\/?post_type=product&#038;p=94401"},"modified":"2025-12-01T14:30:31","modified_gmt":"2025-12-01T14:30:31","slug":"perfume-unisex-volare-kenzie-irish-vanilla-edp-100ml","status":"publish","type":"product","link":"https:\/\/brandss.com.py\/index\/producto\/perfume-unisex-volare-kenzie-irish-vanilla-edp-100ml\/","title":{"rendered":"PERFUME UNISEX VOLAR\u00c9 KENZIE IRISH VANILLA EDP 100ML"},"content":{"rendered":"<p><img loading=\"lazy\" decoding=\"async\" class=\"\" src=\"https:\/\/bestperfumesmiami.com\/cdn\/shop\/collections\/Volare_Logo_-_Edited_1.png?v=1747240421\" alt=\"Volar\u00e9 \u2013 Page 5 \u2013 Best Perfumes Miami\" width=\"96\" height=\"96\" \/><\/p>\n<h1>KENZIE IRISH VANILLA<\/h1>\n<p>Es una fragancia unisex de la familia olfativa Oriental Vainilla que envuelve los sentidos con un lujo dulce y especiado. Perfecta para quienes desean destacar con un aroma c\u00e1lido y adictivo, esta fragancia combina notas gourmand, especias y maderas en una armon\u00eda exquisita que evoca sofisticaci\u00f3n y encanto.<\/p>\n<p><img decoding=\"async\" class=\"alignleft\" src=\"https:\/\/www.picclickimg.com\/GAMAAeSw4yBoak7X\/Volare-Kenzie-Irish-Vanilla-Femme-100-ml-Eau.webp\" \/><\/p>\n<h3>Notas Olfativas<\/h3>\n<p>&nbsp;<\/p>\n<p data-start=\"222\" data-end=\"1060\"><span dir=\"auto\">Kenzie Irish Vanilla es una fragancia lujosa, indulgente y cautivadora inspirada en la intensidad sensual del pachul\u00ed azucarado Vanilla Royale. <\/span><span dir=\"auto\">Esta audaz composici\u00f3n fusiona la dulzura cremosa de la vainilla con ricos matices amaderados y especiados, creando un aroma que es a la vez ultrasofisticado e irresistiblemente adictivo.<\/span><br data-start=\"556\" data-end=\"559\" \/><span dir=\"auto\">Se abre con una mezcla fresca y jugosa de\u00a0<\/span><span dir=\"auto\">pera verde<\/span><span dir=\"auto\">,\u00a0<\/span><span dir=\"auto\">nectarina blanca<\/span><span dir=\"auto\">\u00a0y\u00a0<\/span><span dir=\"auto\">gardenia exuberante<\/span><span dir=\"auto\">, que ofrece una introducci\u00f3n brillante pero aterciopelada. <\/span><span dir=\"auto\">El coraz\u00f3n se despliega en un sensual ramo floral de\u00a0<\/span><span dir=\"auto\">absoluto de jazm\u00edn indio<\/span><span dir=\"auto\">,\u00a0<\/span><span dir=\"auto\">flor de naranja<\/span><span dir=\"auto\">\u00a0e\u00a0<\/span><span dir=\"auto\">infusi\u00f3n de nardos<\/span><span dir=\"auto\">, que agrega profundidad, elegancia y una feminidad embriagadora.<\/span><br data-start=\"884\" data-end=\"887\" \/><span dir=\"auto\">A medida que se asienta,\u00a0<\/span><span dir=\"auto\">el pachul\u00ed<\/span><span dir=\"auto\">\u00a0,\u00a0<\/span><span dir=\"auto\">las maderas de cachemira<\/span><span dir=\"auto\">,\u00a0<\/span><span dir=\"auto\">el s\u00e1ndalo<\/span><span dir=\"auto\">\u00a0y\u00a0<\/span><span dir=\"auto\">la vainilla de Tahit\u00ed<\/span><span dir=\"auto\">\u00a0crean una base c\u00e1lida, cremosa y duradera que envuelve la piel en puro lujo.<\/span><\/p>\n<p data-start=\"1062\" data-end=\"1191\"><span dir=\"auto\">Kenzie Irish Vanilla es la elecci\u00f3n perfecta para quienes buscan una vainilla moderna con potencia, refinamiento y un aura inolvidable.<\/span><\/p>\n<p data-start=\"1198\" data-end=\"1217\">\n<p data-start=\"1219\" data-end=\"1280\"><strong data-start=\"1219\" data-end=\"1233\"><span dir=\"auto\">Notas de salida: <\/span><\/strong><span dir=\"auto\">p<\/span><span dir=\"auto\">era verde, nectarina blanca, gardenia.<\/span><\/p>\n<p data-start=\"1282\" data-end=\"1360\"><strong data-start=\"1282\" data-end=\"1298\"><span dir=\"auto\">Notas de coraz\u00f3n: <\/span><\/strong><span dir=\"auto\">absoluto de jazm\u00edn indio, flor de naranja, infusi\u00f3n de nardos.<\/span><\/p>\n<p data-start=\"1362\" data-end=\"1437\"><strong data-start=\"1362\" data-end=\"1377\"><span dir=\"auto\">Notas de fondo: <\/span><\/strong><span dir=\"auto\">pachul\u00ed, maderas de cachemira, s\u00e1ndalo, vainilla de tahit\u00ed.<\/span><\/p>\n","protected":false},"excerpt":{"rendered":"<p>KENZIE IRISH VANILLA Es una fragancia unisex de la familia olfativa Oriental Vainilla que envuelve los sentidos con un lujo<\/p>\n","protected":false},"featured_media":94402,"comment_status":"open","ping_status":"closed","template":"","meta":{"nf_dc_page":""},"product_brand":[1550],"product_cat":[84],"product_tag":[1560],"class_list":{"0":"post-94401","1":"product","2":"type-product","3":"status-publish","4":"has-post-thumbnail","6":"product_brand-volare","7":"product_cat-perfumeria","8":"product_tag-1560","10":"first","11":"instock","12":"shipping-taxable","13":"purchasable","14":"product-type-simple"},"_links":{"self":[{"href":"https:\/\/brandss.com.py\/index\/wp-json\/wp\/v2\/product\/94401","targetHints":{"allow":["GET"]}}],"collection":[{"href":"https:\/\/brandss.com.py\/index\/wp-json\/wp\/v2\/product"}],"about":[{"href":"https:\/\/brandss.com.py\/index\/wp-json\/wp\/v2\/types\/product"}],"replies":[{"embeddable":true,"href":"https:\/\/brandss.com.py\/index\/wp-json\/wp\/v2\/comments?post=94401"}],"version-history":[{"count":1,"href":"https:\/\/brandss.com.py\/index\/wp-json\/wp\/v2\/product\/94401\/revisions"}],"predecessor-version":[{"id":94406,"href":"https:\/\/brandss.com.py\/index\/wp-json\/wp\/v2\/product\/94401\/revisions\/94406"}],"wp:featuredmedia":[{"embeddable":true,"href":"https:\/\/brandss.com.py\/index\/wp-json\/wp\/v2\/media\/94402"}],"wp:attachment":[{"href":"https:\/\/brandss.com.py\/index\/wp-json\/wp\/v2\/media?parent=94401"}],"wp:term":[{"taxonomy":"product_brand","embeddable":true,"href":"https:\/\/brandss.com.py\/index\/wp-json\/wp\/v2\/product_brand?post=94401"},{"taxonomy":"product_cat","embeddable":true,"href":"https:\/\/brandss.com.py\/index\/wp-json\/wp\/v2\/product_cat?post=94401"},{"taxonomy":"product_tag","embeddable":true,"href":"https:\/\/brandss.com.py\/index\/wp-json\/wp\/v2\/product_tag?post=94401"}],"curies":[{"name":"wp","href":"https:\/\/api.w.org\/{rel}","templated":true}]}}