{"id":94407,"date":"2025-12-01T17:11:30","date_gmt":"2025-12-01T17:11:30","guid":{"rendered":"https:\/\/brandss.com.py\/index\/?post_type=product&#038;p=94407"},"modified":"2026-03-18T10:33:34","modified_gmt":"2026-03-18T10:33:34","slug":"perfume-femenino-volare-kenzie-amber-lychee-edp-100ml","status":"publish","type":"product","link":"https:\/\/brandss.com.py\/index\/producto\/perfume-femenino-volare-kenzie-amber-lychee-edp-100ml\/","title":{"rendered":"PERFUME FEMENINO VOLAR\u00c9 KENZIE AMBER LYCHEE EDP 100ML"},"content":{"rendered":"<p><img loading=\"lazy\" decoding=\"async\" class=\"\" src=\"https:\/\/bestperfumesmiami.com\/cdn\/shop\/collections\/Volare_Logo_-_Edited_1.png?v=1747240421\" alt=\"Volar\u00e9 \u2013 Page 5 \u2013 Best Perfumes Miami\" width=\"89\" height=\"89\" \/><\/p>\n<h1>KENZIE AMBER LYCHEE<\/h1>\n<p>Es una fragancia refinada y ex\u00f3tica que combina la riqueza del \u00e1mbar con la frescura afrutada del lichi. Este perfume, suave, c\u00e1lido y dulce a la vez, evoca atm\u00f3sferas orientales, a la vez que se mantiene ligero y accesible gracias a sus notas frutales. Amber Lychee es perfecto para quienes buscan una fragancia gourmet y sensual, ideal para ocasiones especiales o para el uso diario cuando se desea liberar un aura sofisticada.<\/p>\n<p><img loading=\"lazy\" decoding=\"async\" class=\"alignleft\" src=\"https:\/\/odedorient.com\/cdn\/shop\/files\/IMG-4930.png?v=1753125724&amp;width=713\" width=\"566\" height=\"849\" \/><\/p>\n<h3>Notas Olfativas<\/h3>\n<p>&nbsp;<\/p>\n<p class=\"my-2 [&amp;+p]:mt-4 [&amp;_strong:has(+br)]:inline-block [&amp;_strong:has(+br)]:pb-2\"><span dir=\"auto\">Descubre la sofisticaci\u00f3n de\u00a0Kenzie Amber Lychee, un perfume inspirado en la exuberante uni\u00f3n del\u00a0lichi\u00a0y\u00a0el \u00e1mbar\u00a0que transmite elegancia y sensualidad en cada aplicaci\u00f3n. <\/span><\/p>\n<p class=\"my-2 [&amp;+p]:mt-4 [&amp;_strong:has(+br)]:inline-block [&amp;_strong:has(+br)]:pb-2\"><span dir=\"auto\">Una composici\u00f3n impactante de la familia\u00a0floral-frutal-amaderada\u00a0, ideal para d\u00edas c\u00e1lidos, ocasiones especiales y cualquier momento en el que desees irradiar buena energ\u00eda.<\/span><\/p>\n<p class=\"my-2 [&amp;+p]:mt-4 [&amp;_strong:has(+br)]:inline-block [&amp;_strong:has(+br)]:pb-2\"><span dir=\"auto\">Su salida invita a la frescura tropical, con luminosas notas c\u00edtricas de\u00a0lichi, bergamota y manzana roja, que forman una combinaci\u00f3n irresistible al tacto. <\/span><\/p>\n<p class=\"my-2 [&amp;+p]:mt-4 [&amp;_strong:has(+br)]:inline-block [&amp;_strong:has(+br)]:pb-2\"><span dir=\"auto\">El coraz\u00f3n floral envuelve\u00a0violeta, rosas y jazm\u00edn sambac, aportando un toque delicado y sofisticado, mientras que el fondo se enternece con una dulce estela de\u00a0vainilla, almizcle, \u00e1mbar, s\u00e1ndalo y cedro\u00a0que perdura en la piel, garantizando una fragancia duradera, digna de los mejores\u00a0perfumes importados.<\/span><\/p>\n<p class=\"my-2 [&amp;+p]:mt-4 [&amp;_strong:has(+br)]:inline-block [&amp;_strong:has(+br)]:pb-2\"><span dir=\"auto\">La fragancia es femenina, elegante y sofisticada, perfecta para quienes buscan un aroma\u00a0impactante y cautivador.\u00a0Volare\u00a0combina modernidad, frescura y un toque gourmet gracias al az\u00facar en su base. Su\u00a0composici\u00f3n amaderada\u00a0proporciona la transici\u00f3n perfecta del d\u00eda a la noche, convirti\u00e9ndolo en un perfume vers\u00e1til para la oficina, salidas o eventos sociales importantes, aportando siempre presencia y encanto a la mujer moderna.<\/span><\/p>\n<p>&nbsp;<\/p>\n<p>&nbsp;<\/p>\n<ul>\n<li><strong>Notas de salida:<\/strong> lichi, grosellas negras, manzana roja, lim\u00f3n italiano.<\/li>\n<li><strong>Notas de coraz\u00f3n:<\/strong> violeta, rosa, jazm\u00edn sambac.<\/li>\n<li><strong>Notas de fondo:<\/strong> Az\u00facar, absoluto de vainilla, almizcle, \u00e1mbar, s\u00e1ndalo, cedro.<\/li>\n<\/ul>\n","protected":false},"excerpt":{"rendered":"<p>KENZIE AMBER LYCHEE Es una fragancia refinada y ex\u00f3tica que combina la riqueza del \u00e1mbar con la frescura afrutada del<\/p>\n","protected":false},"featured_media":94408,"comment_status":"open","ping_status":"closed","template":"","meta":{"nf_dc_page":""},"product_brand":[1550],"product_cat":[84],"product_tag":[1561],"class_list":{"0":"post-94407","1":"product","2":"type-product","3":"status-publish","4":"has-post-thumbnail","6":"product_brand-volare","7":"product_cat-perfumeria","8":"product_tag-1561","10":"first","11":"outofstock","12":"shipping-taxable","13":"purchasable","14":"product-type-simple"},"_links":{"self":[{"href":"https:\/\/brandss.com.py\/index\/wp-json\/wp\/v2\/product\/94407","targetHints":{"allow":["GET"]}}],"collection":[{"href":"https:\/\/brandss.com.py\/index\/wp-json\/wp\/v2\/product"}],"about":[{"href":"https:\/\/brandss.com.py\/index\/wp-json\/wp\/v2\/types\/product"}],"replies":[{"embeddable":true,"href":"https:\/\/brandss.com.py\/index\/wp-json\/wp\/v2\/comments?post=94407"}],"version-history":[{"count":1,"href":"https:\/\/brandss.com.py\/index\/wp-json\/wp\/v2\/product\/94407\/revisions"}],"predecessor-version":[{"id":94414,"href":"https:\/\/brandss.com.py\/index\/wp-json\/wp\/v2\/product\/94407\/revisions\/94414"}],"wp:featuredmedia":[{"embeddable":true,"href":"https:\/\/brandss.com.py\/index\/wp-json\/wp\/v2\/media\/94408"}],"wp:attachment":[{"href":"https:\/\/brandss.com.py\/index\/wp-json\/wp\/v2\/media?parent=94407"}],"wp:term":[{"taxonomy":"product_brand","embeddable":true,"href":"https:\/\/brandss.com.py\/index\/wp-json\/wp\/v2\/product_brand?post=94407"},{"taxonomy":"product_cat","embeddable":true,"href":"https:\/\/brandss.com.py\/index\/wp-json\/wp\/v2\/product_cat?post=94407"},{"taxonomy":"product_tag","embeddable":true,"href":"https:\/\/brandss.com.py\/index\/wp-json\/wp\/v2\/product_tag?post=94407"}],"curies":[{"name":"wp","href":"https:\/\/api.w.org\/{rel}","templated":true}]}}