{"id":94415,"date":"2025-12-01T17:49:40","date_gmt":"2025-12-01T17:49:40","guid":{"rendered":"https:\/\/brandss.com.py\/index\/?post_type=product&#038;p=94415"},"modified":"2025-12-01T17:50:09","modified_gmt":"2025-12-01T17:50:09","slug":"perfume-unisex-volare-mexican-bronco-edp-100ml","status":"publish","type":"product","link":"https:\/\/brandss.com.py\/index\/producto\/perfume-unisex-volare-mexican-bronco-edp-100ml\/","title":{"rendered":"PERFUME UNISEX VOLAR\u00c9 MEXICAN BRONCO EDP 100ML"},"content":{"rendered":"<p><img loading=\"lazy\" decoding=\"async\" class=\"\" src=\"https:\/\/bestperfumesmiami.com\/cdn\/shop\/collections\/Volare_Logo_-_Edited_1.png?v=1747240421\" alt=\"Volar\u00e9 \u2013 Page 5 \u2013 Best Perfumes Miami\" width=\"92\" height=\"92\" \/><\/p>\n<h1>MEXICAN BRONCO<\/h1>\n<p><span dir=\"auto\">Mexican Bronco<\/span><span dir=\"auto\">\u00a0de\u00a0<\/span><span dir=\"auto\">Volare es una fragancia cautivadora que refleja el poder y la sensualidad de M\u00e9xico. Sum\u00e9rgete en el cautivador mundo de\u00a0Mexican Bronco, una fragancia\u00a0amaderada, acuarela y especiada\u00a0que captura la esencia de la elegancia pura y el car\u00e1cter indomable. Inspirada en los vastos paisajes mexicanos, esta fragancia\u00a0unisex\u00a0est\u00e1 dise\u00f1ada para quienes buscan dejar huella con una\u00a0estela intensa y carism\u00e1tica.<\/span><\/p>\n<p><img loading=\"lazy\" decoding=\"async\" class=\"alignleft\" src=\"https:\/\/farri.de\/cdn\/shop\/files\/Mexican_Bronco_Volare.png?v=1741913011&amp;width=1024\" width=\"563\" height=\"563\" \/><\/p>\n<h3>Notas Olfativas<\/h3>\n<p>&nbsp;<\/p>\n<p><span dir=\"auto\">Experimenta el esp\u00edritu salvaje de Mexican Bronco, un perfume que captura la esencia de la aventura. <\/span><\/p>\n<p><span dir=\"auto\">Esta audaz fragancia se abre con una vibrante mezcla de bergamota, elem\u00ed, vino blanco y ajenjo, creando una introducci\u00f3n refrescante e intrigante. <\/span><\/p>\n<p><span dir=\"auto\">En su coraz\u00f3n, Mexican Bronco revela una compleja mezcla de cardamomo, canela, clavo e iris, ofreciendo un equilibrio perfecto de notas especiadas y florales. <\/span><\/p>\n<p><span dir=\"auto\">A medida que el aroma se desarrolla, se asienta en una c\u00e1lida base de \u00e1mbar gris, incienso, miel y notas amaderadas, proporcionando un final rico y terroso que perdura en la piel. Ideal para el hombre que abraza las aventuras de la vida, Mexican Bronco es una fragancia vers\u00e1til, adecuada tanto para el d\u00eda como para la noche. Su combinaci\u00f3n \u00fanica de especias y calidez la hace perfecta para quienes se atreven a destacar y dejar una huella imborrable.<\/span><\/p>\n<ul class=\"a-unordered-list a-vertical a-spacing-mini\">\n<li class=\"a-spacing-mini\"><span class=\"a-list-item\"><strong><span dir=\"auto\">Notas de salida:<\/span><\/strong><span dir=\"auto\"> bergamota, elem\u00ed, vino blanco, ajenjo.<\/span><br \/>\n<\/span><\/li>\n<li class=\"a-spacing-mini\"><span class=\"a-list-item\"><strong><span dir=\"auto\">Notas de coraz\u00f3n:<\/span><\/strong><span dir=\"auto\"> cardamomo, canela, clavo, iris.<\/span><br \/>\n<\/span><\/li>\n<li class=\"a-spacing-mini\"><span class=\"a-list-item\"><strong><span dir=\"auto\">Notas de fondo:<\/span><\/strong><span dir=\"auto\">\u00a0\u00e1mbar gris, incienso, miel, notas amaderadas.<\/span><\/span><\/li>\n<\/ul>\n","protected":false},"excerpt":{"rendered":"<p>MEXICAN BRONCO Mexican Bronco\u00a0de\u00a0Volare es una fragancia cautivadora que refleja el poder y la sensualidad de M\u00e9xico. Sum\u00e9rgete en el<\/p>\n","protected":false},"featured_media":94416,"comment_status":"open","ping_status":"closed","template":"","meta":{"nf_dc_page":""},"product_brand":[1550],"product_cat":[84],"product_tag":[1562],"class_list":{"0":"post-94415","1":"product","2":"type-product","3":"status-publish","4":"has-post-thumbnail","6":"product_brand-volare","7":"product_cat-perfumeria","8":"product_tag-1562","10":"first","11":"instock","12":"shipping-taxable","13":"purchasable","14":"product-type-simple"},"_links":{"self":[{"href":"https:\/\/brandss.com.py\/index\/wp-json\/wp\/v2\/product\/94415","targetHints":{"allow":["GET"]}}],"collection":[{"href":"https:\/\/brandss.com.py\/index\/wp-json\/wp\/v2\/product"}],"about":[{"href":"https:\/\/brandss.com.py\/index\/wp-json\/wp\/v2\/types\/product"}],"replies":[{"embeddable":true,"href":"https:\/\/brandss.com.py\/index\/wp-json\/wp\/v2\/comments?post=94415"}],"version-history":[{"count":1,"href":"https:\/\/brandss.com.py\/index\/wp-json\/wp\/v2\/product\/94415\/revisions"}],"predecessor-version":[{"id":94419,"href":"https:\/\/brandss.com.py\/index\/wp-json\/wp\/v2\/product\/94415\/revisions\/94419"}],"wp:featuredmedia":[{"embeddable":true,"href":"https:\/\/brandss.com.py\/index\/wp-json\/wp\/v2\/media\/94416"}],"wp:attachment":[{"href":"https:\/\/brandss.com.py\/index\/wp-json\/wp\/v2\/media?parent=94415"}],"wp:term":[{"taxonomy":"product_brand","embeddable":true,"href":"https:\/\/brandss.com.py\/index\/wp-json\/wp\/v2\/product_brand?post=94415"},{"taxonomy":"product_cat","embeddable":true,"href":"https:\/\/brandss.com.py\/index\/wp-json\/wp\/v2\/product_cat?post=94415"},{"taxonomy":"product_tag","embeddable":true,"href":"https:\/\/brandss.com.py\/index\/wp-json\/wp\/v2\/product_tag?post=94415"}],"curies":[{"name":"wp","href":"https:\/\/api.w.org\/{rel}","templated":true}]}}