{"id":94420,"date":"2025-12-01T18:38:55","date_gmt":"2025-12-01T18:38:55","guid":{"rendered":"https:\/\/brandss.com.py\/index\/?post_type=product&#038;p=94420"},"modified":"2026-03-18T10:34:14","modified_gmt":"2026-03-18T10:34:14","slug":"perfume-masculino-volare-asgardian-ii-edp-100ml","status":"publish","type":"product","link":"https:\/\/brandss.com.py\/index\/producto\/perfume-masculino-volare-asgardian-ii-edp-100ml\/","title":{"rendered":"PERFUME MASCULINO VOLAR\u00c9 ASGARDIAN II EDP 100ML"},"content":{"rendered":"<p><img loading=\"lazy\" decoding=\"async\" class=\"\" src=\"https:\/\/bestperfumesmiami.com\/cdn\/shop\/collections\/Volare_Logo_-_Edited_1.png?v=1747240421\" alt=\"Volar\u00e9 \u2013 Page 5 \u2013 Best Perfumes Miami\" width=\"115\" height=\"115\" \/><\/p>\n<h1>ASGARDIAN II<\/h1>\n<p>Es una fragancia majestuosa y poderosa que captura el esp\u00edritu de las leyendas n\u00f3rdicas. Asgardian II irradia fuerza y \u200b\u200bconfianza en s\u00ed mismo, y es perfecto para el hombre moderno que busca una fragancia masculina y sofisticada. Con su compleja combinaci\u00f3n de frescura y profundidad, este aroma es ideal tanto para el d\u00eda a d\u00eda como para ocasiones especiales, donde sin duda llamar\u00e1 la atenci\u00f3n.<img decoding=\"async\" class=\"alignleft\" src=\"https:\/\/eg.jumia.is\/unsafe\/fit-in\/500x500\/filters:fill(white)\/product\/92\/7630331\/4.jpg?9209\" \/><\/p>\n<p><span dir=\"auto\">&#8220;Asgardian 11&#8221; es un viaje majestuoso a trav\u00e9s de la naturaleza y el misterio: una fragancia que te invita a explorar tu propia leyenda.<\/span><\/p>\n<p>&nbsp;<\/p>\n<h3>Notas Olfativas<\/h3>\n<p>&nbsp;<\/p>\n<p><span dir=\"auto\">Experimente &#8220;Asgardian 11&#8221;, un perfume cautivador que se abre con notas vigorizantes de lavanda, manzana verde crujiente y canela c\u00e1lida para una introducci\u00f3n energizante.<\/span><\/p>\n<p><span dir=\"auto\">En su coraz\u00f3n, una encantadora mezcla de jazm\u00edn egipcio, violeta y lirio de los valles crea una sinfon\u00eda floral de elegancia. La fragancia se asienta sobre una rica base de oud, madera de guayaco, vainilla y almizcle blanco, que le aporta calidez y complejidad.<\/span><\/p>\n<p>&nbsp;<\/p>\n<p>&nbsp;<\/p>\n<ul>\n<li><strong><span dir=\"auto\">Notas de salida:<\/span><\/strong><span dir=\"auto\"> lavanda, manzana verde, canela.<\/span><\/li>\n<li><strong><span dir=\"auto\">Notas de coraz\u00f3n:<\/span><\/strong><span dir=\"auto\"> jazm\u00edn egipcio, violeta, lirio de los valles.<\/span><\/li>\n<li><strong><span dir=\"auto\">Notas de fondo:<\/span><\/strong><span dir=\"auto\">\u00a0Oud, madera de guayaco, vainilla, almizcle blanco.<\/span><\/li>\n<\/ul>\n","protected":false},"excerpt":{"rendered":"<p>ASGARDIAN II Es una fragancia majestuosa y poderosa que captura el esp\u00edritu de las leyendas n\u00f3rdicas. Asgardian II irradia fuerza<\/p>\n","protected":false},"featured_media":94421,"comment_status":"open","ping_status":"closed","template":"","meta":{"nf_dc_page":""},"product_brand":[1550],"product_cat":[84],"product_tag":[1563],"class_list":{"0":"post-94420","1":"product","2":"type-product","3":"status-publish","4":"has-post-thumbnail","6":"product_brand-volare","7":"product_cat-perfumeria","8":"product_tag-1563","10":"first","11":"outofstock","12":"shipping-taxable","13":"purchasable","14":"product-type-simple"},"_links":{"self":[{"href":"https:\/\/brandss.com.py\/index\/wp-json\/wp\/v2\/product\/94420","targetHints":{"allow":["GET"]}}],"collection":[{"href":"https:\/\/brandss.com.py\/index\/wp-json\/wp\/v2\/product"}],"about":[{"href":"https:\/\/brandss.com.py\/index\/wp-json\/wp\/v2\/types\/product"}],"replies":[{"embeddable":true,"href":"https:\/\/brandss.com.py\/index\/wp-json\/wp\/v2\/comments?post=94420"}],"version-history":[{"count":1,"href":"https:\/\/brandss.com.py\/index\/wp-json\/wp\/v2\/product\/94420\/revisions"}],"predecessor-version":[{"id":94425,"href":"https:\/\/brandss.com.py\/index\/wp-json\/wp\/v2\/product\/94420\/revisions\/94425"}],"wp:featuredmedia":[{"embeddable":true,"href":"https:\/\/brandss.com.py\/index\/wp-json\/wp\/v2\/media\/94421"}],"wp:attachment":[{"href":"https:\/\/brandss.com.py\/index\/wp-json\/wp\/v2\/media?parent=94420"}],"wp:term":[{"taxonomy":"product_brand","embeddable":true,"href":"https:\/\/brandss.com.py\/index\/wp-json\/wp\/v2\/product_brand?post=94420"},{"taxonomy":"product_cat","embeddable":true,"href":"https:\/\/brandss.com.py\/index\/wp-json\/wp\/v2\/product_cat?post=94420"},{"taxonomy":"product_tag","embeddable":true,"href":"https:\/\/brandss.com.py\/index\/wp-json\/wp\/v2\/product_tag?post=94420"}],"curies":[{"name":"wp","href":"https:\/\/api.w.org\/{rel}","templated":true}]}}