{"id":94434,"date":"2025-12-02T11:35:14","date_gmt":"2025-12-02T11:35:14","guid":{"rendered":"https:\/\/brandss.com.py\/index\/?post_type=product&#038;p=94434"},"modified":"2025-12-02T11:35:50","modified_gmt":"2025-12-02T11:35:50","slug":"perfume-unisex-orientica-amber-noir-edp-80ml","status":"publish","type":"product","link":"https:\/\/brandss.com.py\/index\/producto\/perfume-unisex-orientica-amber-noir-edp-80ml\/","title":{"rendered":"PERFUME UNISEX ORIENTICA AMBER NOIR EDP 80ML"},"content":{"rendered":"<p><img loading=\"lazy\" decoding=\"async\" class=\"\" src=\"https:\/\/altaperfumeriashop.com\/cdn\/shop\/collections\/Orientica-logo-d7b15f-200x200_1.png?v=1709081889\" alt=\"Orientica \u2013 Altaperfumeriashop\" width=\"88\" height=\"88\" \/><\/p>\n<h1>AMBER NOIR<\/h1>\n<p>Una fragancia cautivadora y equilibrada que se distingue por su car\u00e1cter \u00fanico y sofisticado. Experimente un perfume que encarna una sofisticaci\u00f3n exuberante y sensual con un toque oriental, perfecto para noches y ocasiones especiales. Amber Noir es un perfume vers\u00e1til y elegante, ideal para quienes buscan una fragancia que combine frescura, dulzura natural y un fondo amaderado sofisticado. Su perfil lo hace adecuado tanto para el d\u00eda como para la noche, especialmente en climas templados o fr\u00edos.<\/p>\n<p><img loading=\"lazy\" decoding=\"async\" class=\"alignleft\" src=\"https:\/\/bestperfumesbargain.co.uk\/cdn\/shop\/files\/AMBER_ROUGE_19-Photoroom_1.jpg?v=1752565977&amp;width=1920\" width=\"539\" height=\"539\" \/><\/p>\n<h3>\nNotas Olfativas<\/h3>\n<p>&nbsp;<\/p>\n<p>Amber Noir es una fragancia de la familia olfativa \u00e1mbar amaderada para Hombres y Mujeres.<\/p>\n<p>Descubre Amber Noir, una joya de la perfumer\u00eda \u00e1rabe lanzada en 2023. Este perfume unisex captura la esencia de la exclusividad y la elegancia con su cremoso aroma a s\u00e1ndalo.<\/p>\n<p>Desde el primer instante, te envuelve con notas de salida de elem\u00ed, higo y zanahoria, ofreciendo un comienzo vibrante y \u00fanico.<\/p>\n<p>El coraz\u00f3n de lirio de los valles a\u00f1ade una capa de frescura y sutileza floral, mientras que el fondo de cedro, s\u00e1ndalo y almizcle concluye la fragancia con una riqueza y profundidad inigualables.<\/p>\n<p>Amber Noir es un perfume que trasciende las estaciones, perfecto para cualquier momento y ocasi\u00f3n, destacando por su frasco tan elegante como su aroma.<\/p>\n<p>Para quienes buscan una fragancia que equilibre sofisticaci\u00f3n y calidez, Amber Noir es la opci\u00f3n definitiva.<\/p>\n<p><span dir=\"auto\"><strong>Notas de salida:<\/strong> Elem\u00ed, higo, zanahoria.<\/span><\/p>\n<p><span dir=\"auto\"><strong>Notas medias:<\/strong> Lirio de los valles.<\/span><\/p>\n<p><span dir=\"auto\"><strong>Notas de fondo:<\/strong> s\u00e1ndalo, cedro, almizcle.<\/span><\/p>\n","protected":false},"excerpt":{"rendered":"<p>AMBER NOIR Una fragancia cautivadora y equilibrada que se distingue por su car\u00e1cter \u00fanico y sofisticado. Experimente un perfume que<\/p>\n","protected":false},"featured_media":94435,"comment_status":"open","ping_status":"closed","template":"","meta":{"nf_dc_page":""},"product_brand":[896],"product_cat":[84],"product_tag":[1567],"class_list":{"0":"post-94434","1":"product","2":"type-product","3":"status-publish","4":"has-post-thumbnail","6":"product_brand-orientica","7":"product_cat-perfumeria","8":"product_tag-1567","10":"first","11":"instock","12":"shipping-taxable","13":"purchasable","14":"product-type-simple"},"_links":{"self":[{"href":"https:\/\/brandss.com.py\/index\/wp-json\/wp\/v2\/product\/94434","targetHints":{"allow":["GET"]}}],"collection":[{"href":"https:\/\/brandss.com.py\/index\/wp-json\/wp\/v2\/product"}],"about":[{"href":"https:\/\/brandss.com.py\/index\/wp-json\/wp\/v2\/types\/product"}],"replies":[{"embeddable":true,"href":"https:\/\/brandss.com.py\/index\/wp-json\/wp\/v2\/comments?post=94434"}],"version-history":[{"count":1,"href":"https:\/\/brandss.com.py\/index\/wp-json\/wp\/v2\/product\/94434\/revisions"}],"predecessor-version":[{"id":94441,"href":"https:\/\/brandss.com.py\/index\/wp-json\/wp\/v2\/product\/94434\/revisions\/94441"}],"wp:featuredmedia":[{"embeddable":true,"href":"https:\/\/brandss.com.py\/index\/wp-json\/wp\/v2\/media\/94435"}],"wp:attachment":[{"href":"https:\/\/brandss.com.py\/index\/wp-json\/wp\/v2\/media?parent=94434"}],"wp:term":[{"taxonomy":"product_brand","embeddable":true,"href":"https:\/\/brandss.com.py\/index\/wp-json\/wp\/v2\/product_brand?post=94434"},{"taxonomy":"product_cat","embeddable":true,"href":"https:\/\/brandss.com.py\/index\/wp-json\/wp\/v2\/product_cat?post=94434"},{"taxonomy":"product_tag","embeddable":true,"href":"https:\/\/brandss.com.py\/index\/wp-json\/wp\/v2\/product_tag?post=94434"}],"curies":[{"name":"wp","href":"https:\/\/api.w.org\/{rel}","templated":true}]}}