{"id":94442,"date":"2025-12-02T13:19:16","date_gmt":"2025-12-02T13:19:16","guid":{"rendered":"https:\/\/brandss.com.py\/index\/?post_type=product&#038;p=94442"},"modified":"2025-12-02T13:19:52","modified_gmt":"2025-12-02T13:19:52","slug":"perfume-femenino-mamlakat-al-oud-cotton-wardi-100ml","status":"publish","type":"product","link":"https:\/\/brandss.com.py\/index\/producto\/perfume-femenino-mamlakat-al-oud-cotton-wardi-100ml\/","title":{"rendered":"PERFUME FEMENINO MAMLAKAT AL OUD COTTON WARDI 100ML"},"content":{"rendered":"<p><img loading=\"lazy\" decoding=\"async\" class=\"\" src=\"https:\/\/aunmasguapa.com\/cdn\/shop\/collections\/logo_Mamlakat_Al_Oud_8a5fd021-483d-412d-8e66-ae8fd6f6fa56.webp?v=1731500137\" alt=\"MAMLAKAT AL OUD \u2013 A\u00fan M\u00e1s Guapa!\" width=\"126\" height=\"126\" \/><\/p>\n<h1>COTTON WARDI<\/h1>\n<p>Es una fragancia femenina que fusiona frescura, elegancia y sensualidad en una composici\u00f3n armoniosa. Inspirada en la suavidad del algod\u00f3n y la delicadeza de la flores, esta fragancia esta dise\u00f1ada para la mujer moderna que busca un perfume vers\u00e1til, ideal tanto para el uso diario como para ocasiones especiales. La mezcla de las notas frutales, florales y c\u00e1lidas crean un equilibrio perfecto entre lo ligero y lo sofisticado.<img loading=\"lazy\" decoding=\"async\" class=\"alignleft\" src=\"https:\/\/byhira.de\/cdn\/shop\/files\/IMG-6277.png?v=1759864631\" width=\"610\" height=\"610\" \/><\/p>\n<p>Cotton Wardi es una fragancia oriental\u00a0que captura la esencia misma de la feminidad. Con sus notas seductoras y su encanto irresistible, esta fragancia encarna la elegancia y la sofisticaci\u00f3n.<\/p>\n<p>Descubra una fragancia llena de sorpresas que le transportar\u00e1 a un mundo de sensualidad y misterio.<\/p>\n<p>&nbsp;<\/p>\n<h3>Notas Olfativas<\/h3>\n<p>&nbsp;<\/p>\n<p><span dir=\"auto\">Cotton Wardi de Mamlakat Al Oud es una fragancia elegante y refinada, ideal para quienes aman los aromas frescos y envolventes. Las notas de salida se abren con una explosi\u00f3n afrutada de grosella negra, pera y bergamota, enriquecida con delicada flor de azahar, creando una sensaci\u00f3n inicial de frescura y vivacidad. El coraz\u00f3n de la fragancia se desarrolla con neroli, jazm\u00edn y almizcle, aportando una profundidad floral y sofisticada. Las notas de fondo de \u00e1mbar gris y vainilla completan la composici\u00f3n con un fondo c\u00e1lido y sensual, dejando una estela dulce e irresistible.<\/span><\/p>\n<p><span dir=\"auto\">Cotton Wardi es perfecto para quienes buscan una fragancia ligera y duradera, ideal para cualquier ocasi\u00f3n. Esta fragancia captura la esencia de la delicadeza y la elegancia, convirti\u00e9ndola en una adici\u00f3n esencial a la colecci\u00f3n de quienes aprecian las fragancias de alta calidad.<\/span><\/p>\n<p><span dir=\"auto\">Sum\u00e9rgete en la experiencia olfativa de Cotton Wardi de Mamlakat Al Oud y d\u00e9jate envolver por su sofisticaci\u00f3n atemporal.<\/span><\/p>\n<p>&nbsp;<\/p>\n<p><span dir=\"auto\"><strong>Notas de salida:<\/strong> grosella negra, pera, bergamota, flor de naranja.<\/span><\/p>\n<p><span dir=\"auto\"><strong>Notas de coraz\u00f3n:<\/strong> neroli, Jazm\u00edn, Almizcle.<\/span><\/p>\n<p><span dir=\"auto\"><strong>Notas de fondo:<\/strong> \u00e1mbar gris, vainilla.<\/span><\/p>\n","protected":false},"excerpt":{"rendered":"<p>COTTON WARDI Es una fragancia femenina que fusiona frescura, elegancia y sensualidad en una composici\u00f3n armoniosa. Inspirada en la suavidad<\/p>\n","protected":false},"featured_media":94443,"comment_status":"open","ping_status":"closed","template":"","meta":{"nf_dc_page":""},"product_brand":[1564],"product_cat":[84],"product_tag":[1569],"class_list":{"0":"post-94442","1":"product","2":"type-product","3":"status-publish","4":"has-post-thumbnail","6":"product_brand-mamlakat-al-oud","7":"product_cat-perfumeria","8":"product_tag-1569","10":"first","11":"instock","12":"shipping-taxable","13":"purchasable","14":"product-type-simple"},"_links":{"self":[{"href":"https:\/\/brandss.com.py\/index\/wp-json\/wp\/v2\/product\/94442","targetHints":{"allow":["GET"]}}],"collection":[{"href":"https:\/\/brandss.com.py\/index\/wp-json\/wp\/v2\/product"}],"about":[{"href":"https:\/\/brandss.com.py\/index\/wp-json\/wp\/v2\/types\/product"}],"replies":[{"embeddable":true,"href":"https:\/\/brandss.com.py\/index\/wp-json\/wp\/v2\/comments?post=94442"}],"version-history":[{"count":1,"href":"https:\/\/brandss.com.py\/index\/wp-json\/wp\/v2\/product\/94442\/revisions"}],"predecessor-version":[{"id":94448,"href":"https:\/\/brandss.com.py\/index\/wp-json\/wp\/v2\/product\/94442\/revisions\/94448"}],"wp:featuredmedia":[{"embeddable":true,"href":"https:\/\/brandss.com.py\/index\/wp-json\/wp\/v2\/media\/94443"}],"wp:attachment":[{"href":"https:\/\/brandss.com.py\/index\/wp-json\/wp\/v2\/media?parent=94442"}],"wp:term":[{"taxonomy":"product_brand","embeddable":true,"href":"https:\/\/brandss.com.py\/index\/wp-json\/wp\/v2\/product_brand?post=94442"},{"taxonomy":"product_cat","embeddable":true,"href":"https:\/\/brandss.com.py\/index\/wp-json\/wp\/v2\/product_cat?post=94442"},{"taxonomy":"product_tag","embeddable":true,"href":"https:\/\/brandss.com.py\/index\/wp-json\/wp\/v2\/product_tag?post=94442"}],"curies":[{"name":"wp","href":"https:\/\/api.w.org\/{rel}","templated":true}]}}