{"id":94449,"date":"2025-12-02T13:59:57","date_gmt":"2025-12-02T13:59:57","guid":{"rendered":"https:\/\/brandss.com.py\/index\/?post_type=product&#038;p=94449"},"modified":"2025-12-02T14:00:38","modified_gmt":"2025-12-02T14:00:38","slug":"perfume-unisex-mamlakat-al-oud-cotton-abyed-100ml","status":"publish","type":"product","link":"https:\/\/brandss.com.py\/index\/producto\/perfume-unisex-mamlakat-al-oud-cotton-abyed-100ml\/","title":{"rendered":"PERFUME UNISEX MAMLAKAT AL OUD COTTON ABYED 100ML"},"content":{"rendered":"<p><img loading=\"lazy\" decoding=\"async\" class=\"\" src=\"https:\/\/aunmasguapa.com\/cdn\/shop\/collections\/logo_Mamlakat_Al_Oud_8a5fd021-483d-412d-8e66-ae8fd6f6fa56.webp?v=1731500137\" alt=\"MAMLAKAT AL OUD \u2013 A\u00fan M\u00e1s Guapa!\" width=\"143\" height=\"143\" \/><\/p>\n<h1>COTTON ABYED<\/h1>\n<p>Es una fragancia suave y lujosa que te envuelve en un capullo de confort y dulzura, dise\u00f1ada para quienes aprecian la elegancia delicada. Cotton Abyed destaca por su mezcla \u00fanica y adictiva de aromas que cautivan los sentidos desde la primera aplicaci\u00f3n.<img loading=\"lazy\" decoding=\"async\" class=\"alignleft\" src=\"https:\/\/www.aromaconcepts.com\/cdn\/shop\/files\/CottonAbyed-RoyalCottonCollectionWomen100ml.png?v=1748587463&amp;width=823\" width=\"508\" height=\"508\" \/><\/p>\n<p><span dir=\"auto\">Cotton Abyed<\/span><span dir=\"auto\">\u00a0es para quienes buscan un eau de parfum \u00fanico, impregnado de sofisticaci\u00f3n y distinci\u00f3n, ideal para todas las ocasiones donde se requiere elegancia y sutileza.<\/span><\/p>\n<p>&nbsp;<\/p>\n<h3>Notas Olfativas<\/h3>\n<p>&nbsp;<\/p>\n<p><span dir=\"auto\">Sum\u00e9rgete en la elegancia y la dulzura de Cotton Abyed de Mamlakat Al Oud, una fragancia \u00fanica que combina pureza y refinamiento en cada rociado. Las notas de salida se abren con almizcle envolvente y ciruela jugosa, creando un comienzo fresco y afrutado que cautiva los sentidos al instante. El coraz\u00f3n de la fragancia presenta una deliciosa combinaci\u00f3n de pralin\u00e9 e iris, que aporta un toque dulce y floral sofisticado. Las notas de fondo de vainilla y coco completan la composici\u00f3n con una estela c\u00e1lida y cremosa, perfecta para dejar una huella imborrable.<\/span><\/p>\n<p><span dir=\"auto\">Cotton Abyed es el perfume ideal para quienes buscan una fragancia vers\u00e1til, ideal para cualquier ocasi\u00f3n. Su combinaci\u00f3n \u00fanica de notas almizcladas, frutales y dulces lo hace irresistible e inolvidable. Experimenta la magia de Cotton Abyed de Mamlakat Al Oud y a\u00f1ade un toque de lujo a tu colecci\u00f3n de perfumes.<\/span><\/p>\n<p>&nbsp;<\/p>\n<p><span dir=\"auto\"><strong>Notas de salida:<\/strong> almizcle, ciruela.<\/span><\/p>\n<p><span dir=\"auto\"><strong>Notas de coraz\u00f3n:<\/strong> pralin\u00e9, iris.<\/span><\/p>\n<p><span dir=\"auto\"><strong>Notas de fondo:<\/strong> vainilla, coco.<\/span><\/p>\n","protected":false},"excerpt":{"rendered":"<p>COTTON ABYED Es una fragancia suave y lujosa que te envuelve en un capullo de confort y dulzura, dise\u00f1ada para<\/p>\n","protected":false},"featured_media":94450,"comment_status":"open","ping_status":"closed","template":"","meta":{"nf_dc_page":""},"product_brand":[1564],"product_cat":[84],"product_tag":[1570],"class_list":{"0":"post-94449","1":"product","2":"type-product","3":"status-publish","4":"has-post-thumbnail","6":"product_brand-mamlakat-al-oud","7":"product_cat-perfumeria","8":"product_tag-1570","10":"first","11":"instock","12":"shipping-taxable","13":"purchasable","14":"product-type-simple"},"_links":{"self":[{"href":"https:\/\/brandss.com.py\/index\/wp-json\/wp\/v2\/product\/94449","targetHints":{"allow":["GET"]}}],"collection":[{"href":"https:\/\/brandss.com.py\/index\/wp-json\/wp\/v2\/product"}],"about":[{"href":"https:\/\/brandss.com.py\/index\/wp-json\/wp\/v2\/types\/product"}],"replies":[{"embeddable":true,"href":"https:\/\/brandss.com.py\/index\/wp-json\/wp\/v2\/comments?post=94449"}],"version-history":[{"count":1,"href":"https:\/\/brandss.com.py\/index\/wp-json\/wp\/v2\/product\/94449\/revisions"}],"predecessor-version":[{"id":94456,"href":"https:\/\/brandss.com.py\/index\/wp-json\/wp\/v2\/product\/94449\/revisions\/94456"}],"wp:featuredmedia":[{"embeddable":true,"href":"https:\/\/brandss.com.py\/index\/wp-json\/wp\/v2\/media\/94450"}],"wp:attachment":[{"href":"https:\/\/brandss.com.py\/index\/wp-json\/wp\/v2\/media?parent=94449"}],"wp:term":[{"taxonomy":"product_brand","embeddable":true,"href":"https:\/\/brandss.com.py\/index\/wp-json\/wp\/v2\/product_brand?post=94449"},{"taxonomy":"product_cat","embeddable":true,"href":"https:\/\/brandss.com.py\/index\/wp-json\/wp\/v2\/product_cat?post=94449"},{"taxonomy":"product_tag","embeddable":true,"href":"https:\/\/brandss.com.py\/index\/wp-json\/wp\/v2\/product_tag?post=94449"}],"curies":[{"name":"wp","href":"https:\/\/api.w.org\/{rel}","templated":true}]}}