{"id":94457,"date":"2025-12-02T16:29:21","date_gmt":"2025-12-02T16:29:21","guid":{"rendered":"https:\/\/brandss.com.py\/index\/?post_type=product&#038;p=94457"},"modified":"2025-12-02T16:30:05","modified_gmt":"2025-12-02T16:30:05","slug":"perfume-femenino-mamlakat-al-oud-sidrah-100ml","status":"publish","type":"product","link":"https:\/\/brandss.com.py\/index\/producto\/perfume-femenino-mamlakat-al-oud-sidrah-100ml\/","title":{"rendered":"PERFUME FEMENINO MAMLAKAT AL OUD SIDRAH 100ML"},"content":{"rendered":"<p><img loading=\"lazy\" decoding=\"async\" class=\"\" src=\"https:\/\/aunmasguapa.com\/cdn\/shop\/collections\/logo_Mamlakat_Al_Oud_8a5fd021-483d-412d-8e66-ae8fd6f6fa56.webp?v=1731500137\" alt=\"MAMLAKAT AL OUD \u2013 A\u00fan M\u00e1s Guapa!\" width=\"120\" height=\"120\" \/><\/p>\n<h1>SIDRAH<\/h1>\n<p><em><strong>Elegancia y Placer para Mujeres<\/strong><\/em><\/p>\n<p>Descubre la magia del perfume Sidrah, m\u00e1s que una fragancia, es una experiencia olfativa sofisticada dise\u00f1ada para mujeres que desean expresar su elegancia y estilo personal. Su composici\u00f3n \u00fanica combina notas frescas, florales y sensuales, brind\u00e1ndote un aroma inconfundible que te acompa\u00f1ar\u00e1 en cada momento especial del d\u00eda.<img loading=\"lazy\" decoding=\"async\" class=\"alignleft\" src=\"https:\/\/arabicparfums.com\/cdn\/shop\/files\/15766.jpg?v=1741617984&amp;width=800\" width=\"540\" height=\"960\" \/><\/p>\n<p>Sidrah\u00a0es perfecta para la mujer que desea combinar elegancia y sensualidad en una fragancia \u00fanica. Cada aplicaci\u00f3n es una declaraci\u00f3n de sofisticaci\u00f3n y estilo, ideal para cualquier momento del d\u00eda.<\/p>\n<p>Siente la magia de cada nota de\u00a0Sidrah\u00a0y transforma cada d\u00eda en una ocasi\u00f3n especial. \u00a1Haz tu pedido hoy mismo y descubre la elegancia de una fragancia que se convertir\u00e1 en tu sello personal!<\/p>\n<p>&nbsp;<\/p>\n<h3>Notas Olfativas<\/h3>\n<p>&nbsp;<\/p>\n<p class=\"\" data-start=\"870\" data-end=\"977\"><span dir=\"auto\">La fragancia se abre con una\u00a0<\/span><span dir=\"auto\">pera jugosa y luminosa<\/span><span dir=\"auto\">, ofreciendo una nota de salida afrutada y radiante, estas notas iniciales cautivan los sentidos y ofrecen una sensaci\u00f3n de vitalidad y frescura, preparando el terreno para una experiencia olfativa inolvidable. <\/span><span dir=\"auto\">En su coraz\u00f3n,\u00a0<\/span><span dir=\"auto\">la refrescante sand\u00eda<\/span><span dir=\"auto\">,\u00a0<\/span><span dir=\"auto\">la delicada sal marina<\/span><span dir=\"auto\">\u00a0y\u00a0<\/span><span dir=\"auto\">la flor de tiar\u00e9<\/span><span dir=\"auto\"> evocan la dulzura de una ex\u00f3tica brisa de verano. Estas notas aportan feminidad y distinci\u00f3n, complementando perfectamente las notas frescas del inicio.<\/span><\/p>\n<p class=\"\" data-start=\"1121\" data-end=\"1308\"><span dir=\"auto\">Finalmente, las\u00a0<\/span><span dir=\"auto\">notas de fondo<\/span><span dir=\"auto\">\u00a0revelan una sensualidad envolvente con un\u00a0<\/span><span dir=\"auto\">\u00e1mbar c\u00e1lido<\/span><span dir=\"auto\">, un\u00a0<\/span><span dir=\"auto\">pralin\u00e9 gourmand<\/span><span dir=\"auto\">\u00a0y un\u00a0<\/span><span dir=\"auto\">almizcle delicado<\/span><span dir=\"auto\">, dejando una estela refinada e inolvidable. \u00a0Este fondo profundo y elegante aporta una notable persistencia, dejando un rastro seductor a tu paso. Las notas de fondo otorgan profundidad a la fragancia, ideal para ocasiones especiales y veladas importantes.<\/span><\/p>\n<h3 class=\"\" data-start=\"1315\" data-end=\"1344\"><\/h3>\n<ul data-start=\"1346\" data-end=\"1499\">\n<li class=\"\" data-start=\"1346\" data-end=\"1396\">\n<p class=\"\" data-start=\"1348\" data-end=\"1396\"><strong data-start=\"1348\" data-end=\"1367\"><span dir=\"auto\">Notas de salida:<\/span><\/strong><span dir=\"auto\"> pera.<\/span><\/p>\n<\/li>\n<li class=\"\" data-start=\"1397\" data-end=\"1456\">\n<p class=\"\" data-start=\"1399\" data-end=\"1456\"><strong data-start=\"1399\" data-end=\"1418\"><span dir=\"auto\">Notas de coraz\u00f3n:<\/span><\/strong><span dir=\"auto\"> sand\u00eda, sal marina, flor de tiar\u00e9<\/span><\/p>\n<\/li>\n<li class=\"\" data-start=\"1457\" data-end=\"1499\">\n<p class=\"\" data-start=\"1459\" data-end=\"1499\"><strong data-start=\"1459\" data-end=\"1478\"><span dir=\"auto\">Notas de fondo:<\/span><\/strong><span dir=\"auto\"> \u00e1mbar, pralin\u00e9, almizcle.<\/span><\/p>\n<\/li>\n<\/ul>\n","protected":false},"excerpt":{"rendered":"<p>SIDRAH Elegancia y Placer para Mujeres Descubre la magia del perfume Sidrah, m\u00e1s que una fragancia, es una experiencia olfativa<\/p>\n","protected":false},"featured_media":94458,"comment_status":"open","ping_status":"closed","template":"","meta":{"nf_dc_page":""},"product_brand":[1564],"product_cat":[84],"product_tag":[1571],"class_list":{"0":"post-94457","1":"product","2":"type-product","3":"status-publish","4":"has-post-thumbnail","6":"product_brand-mamlakat-al-oud","7":"product_cat-perfumeria","8":"product_tag-1571","10":"first","11":"instock","12":"shipping-taxable","13":"purchasable","14":"product-type-simple"},"_links":{"self":[{"href":"https:\/\/brandss.com.py\/index\/wp-json\/wp\/v2\/product\/94457","targetHints":{"allow":["GET"]}}],"collection":[{"href":"https:\/\/brandss.com.py\/index\/wp-json\/wp\/v2\/product"}],"about":[{"href":"https:\/\/brandss.com.py\/index\/wp-json\/wp\/v2\/types\/product"}],"replies":[{"embeddable":true,"href":"https:\/\/brandss.com.py\/index\/wp-json\/wp\/v2\/comments?post=94457"}],"version-history":[{"count":1,"href":"https:\/\/brandss.com.py\/index\/wp-json\/wp\/v2\/product\/94457\/revisions"}],"predecessor-version":[{"id":94461,"href":"https:\/\/brandss.com.py\/index\/wp-json\/wp\/v2\/product\/94457\/revisions\/94461"}],"wp:featuredmedia":[{"embeddable":true,"href":"https:\/\/brandss.com.py\/index\/wp-json\/wp\/v2\/media\/94458"}],"wp:attachment":[{"href":"https:\/\/brandss.com.py\/index\/wp-json\/wp\/v2\/media?parent=94457"}],"wp:term":[{"taxonomy":"product_brand","embeddable":true,"href":"https:\/\/brandss.com.py\/index\/wp-json\/wp\/v2\/product_brand?post=94457"},{"taxonomy":"product_cat","embeddable":true,"href":"https:\/\/brandss.com.py\/index\/wp-json\/wp\/v2\/product_cat?post=94457"},{"taxonomy":"product_tag","embeddable":true,"href":"https:\/\/brandss.com.py\/index\/wp-json\/wp\/v2\/product_tag?post=94457"}],"curies":[{"name":"wp","href":"https:\/\/api.w.org\/{rel}","templated":true}]}}