{"id":94462,"date":"2025-12-02T17:16:41","date_gmt":"2025-12-02T17:16:41","guid":{"rendered":"https:\/\/brandss.com.py\/index\/?post_type=product&#038;p=94462"},"modified":"2025-12-02T17:17:08","modified_gmt":"2025-12-02T17:17:08","slug":"perfume-femenino-mamlakat-al-oud-afrah-sensual-edp-100ml","status":"publish","type":"product","link":"https:\/\/brandss.com.py\/index\/producto\/perfume-femenino-mamlakat-al-oud-afrah-sensual-edp-100ml\/","title":{"rendered":"PERFUME FEMENINO MAMLAKAT AL OUD AFRAH SENSUAL EDP 100ML"},"content":{"rendered":"<p><img loading=\"lazy\" decoding=\"async\" class=\"\" src=\"https:\/\/aunmasguapa.com\/cdn\/shop\/collections\/logo_Mamlakat_Al_Oud_8a5fd021-483d-412d-8e66-ae8fd6f6fa56.webp?v=1731500137\" alt=\"MAMLAKAT AL OUD \u2013 A\u00fan M\u00e1s Guapa!\" width=\"112\" height=\"112\" \/><\/p>\n<h1>AFRAH SENSUAL<\/h1>\n<p>Es una fragancia floral atrevida y elegante que combina frutas deliciosas con una base suave y sensual, perfecta para la mujer segura y sofisticada. <span dir=\"auto\">Afrah Sensual <\/span><span dir=\"auto\">encarna la feminidad moderna, elegante y sofisticada. Desde la primera aplicaci\u00f3n, sus\u00a0<\/span><span dir=\"auto\">notas de salida afrutadas y florales<\/span><span dir=\"auto\"> despiertan los sentidos, combinando delicadeza y frescura para un efecto inmediato y seductor.<\/span><\/p>\n<p data-start=\"2526\" data-end=\"2711\"><span dir=\"auto\">El elegante y femenino frasco de 100 ml refleja el lujo y la sofisticaci\u00f3n de la fragancia. Su pr\u00e1ctico dise\u00f1o permite su uso diario y lo convierte en el regalo perfecto para ella.<img loading=\"lazy\" decoding=\"async\" class=\"alignleft\" src=\"https:\/\/ha-fragrances.com\/cdn\/shop\/files\/afrah-sensual-perfume-bottle-with-floral-fruity-notes.jpg?v=1747519000&amp;width=713\" width=\"656\" height=\"656\" \/><\/span><\/p>\n<p data-start=\"2713\" data-end=\"2979\"><span dir=\"auto\">Afrah Sensual <\/span><span dir=\"auto\">es m\u00e1s que una simple fragancia: es una firma olfativa que expresa encanto, elegancia y feminidad. Cada uso transporta a quien la lleva a un mundo rico, cautivador y profundamente femenino.<\/span><\/p>\n<p data-start=\"2981\" data-end=\"3300\"><span dir=\"auto\">La combinaci\u00f3n \u00fanica de ingredientes premium garantiza una experiencia sensorial excepcional. Notas frutales y florales se fusionan armoniosamente con maderas preciosas y sensuales toques de vainilla y almizcle, creando una fragancia inolvidable que evoluciona delicadamente con el tiempo.<\/span><\/p>\n<p data-start=\"3302\" data-end=\"3573\"><span dir=\"auto\">Afrah Sensual<\/span><span dir=\"auto\">\u00a0es la m\u00e1xima expresi\u00f3n de la feminidad oriental: refinada, sensual e intensa. Su estela cautivadora y su fragancia duradera la convierten en una fragancia esencial para la mujer moderna y elegante.<\/span><\/p>\n<p data-start=\"3302\" data-end=\"3573\">\n<h3 data-start=\"3302\" data-end=\"3573\">Notas Olfativas<\/h3>\n<p>&nbsp;<\/p>\n<p><span dir=\"auto\">Una fragancia vibrante y cautivadora, dise\u00f1ada para seducir y cautivar. Afrah Sensual es una rica composici\u00f3n que combina dulzura frutal, elegancia floral y sensualidad oriental. <\/span><\/p>\n<p><span dir=\"auto\">Desde el primer sorbo, un vibrante torbellino de jugosa frambuesa, ex\u00f3tico lichi, intensa grosella negra, pimienta rosa y uva dulce despierta los sentidos. <\/span><\/p>\n<p><span dir=\"auto\">El coraz\u00f3n se despliega con un refinado bouquet de rosa aterciopelada, et\u00e9rea magnolia, jazm\u00edn ba\u00f1ado por el sol, delicada peon\u00eda y un toque resinoso de benju\u00ed. Finalmente, el fondo revela un aura c\u00e1lida y adictiva, una mezcla de \u00e1mbar dorado, profundo pachul\u00ed, elegante madera de cedro, cremosa vainilla y sensual almizcle.<\/span><\/p>\n<p>&nbsp;<\/p>\n<ul>\n<li><span dir=\"auto\"><strong>Notas de salida:<\/strong> frambuesa, lichi, grosella negra, pimienta rosa, uva.<\/span><\/li>\n<li><span dir=\"auto\"><strong>Notas de coraz\u00f3n:<\/strong> rosa, magnolia, benju\u00ed, jazm\u00edn, peon\u00eda.<\/span><\/li>\n<li><span dir=\"auto\"><strong>Notas de fondo:<\/strong> \u00e1mbar, pachul\u00ed, cedro, vainilla, almizcle.<\/span><\/li>\n<\/ul>\n<p>&nbsp;<\/p>\n","protected":false},"excerpt":{"rendered":"<p>AFRAH SENSUAL Es una fragancia floral atrevida y elegante que combina frutas deliciosas con una base suave y sensual, perfecta<\/p>\n","protected":false},"featured_media":94463,"comment_status":"open","ping_status":"closed","template":"","meta":{"nf_dc_page":""},"product_brand":[1564],"product_cat":[84],"product_tag":[1572],"class_list":{"0":"post-94462","1":"product","2":"type-product","3":"status-publish","4":"has-post-thumbnail","6":"product_brand-mamlakat-al-oud","7":"product_cat-perfumeria","8":"product_tag-1572","10":"first","11":"instock","12":"shipping-taxable","13":"purchasable","14":"product-type-simple"},"_links":{"self":[{"href":"https:\/\/brandss.com.py\/index\/wp-json\/wp\/v2\/product\/94462","targetHints":{"allow":["GET"]}}],"collection":[{"href":"https:\/\/brandss.com.py\/index\/wp-json\/wp\/v2\/product"}],"about":[{"href":"https:\/\/brandss.com.py\/index\/wp-json\/wp\/v2\/types\/product"}],"replies":[{"embeddable":true,"href":"https:\/\/brandss.com.py\/index\/wp-json\/wp\/v2\/comments?post=94462"}],"version-history":[{"count":1,"href":"https:\/\/brandss.com.py\/index\/wp-json\/wp\/v2\/product\/94462\/revisions"}],"predecessor-version":[{"id":94469,"href":"https:\/\/brandss.com.py\/index\/wp-json\/wp\/v2\/product\/94462\/revisions\/94469"}],"wp:featuredmedia":[{"embeddable":true,"href":"https:\/\/brandss.com.py\/index\/wp-json\/wp\/v2\/media\/94463"}],"wp:attachment":[{"href":"https:\/\/brandss.com.py\/index\/wp-json\/wp\/v2\/media?parent=94462"}],"wp:term":[{"taxonomy":"product_brand","embeddable":true,"href":"https:\/\/brandss.com.py\/index\/wp-json\/wp\/v2\/product_brand?post=94462"},{"taxonomy":"product_cat","embeddable":true,"href":"https:\/\/brandss.com.py\/index\/wp-json\/wp\/v2\/product_cat?post=94462"},{"taxonomy":"product_tag","embeddable":true,"href":"https:\/\/brandss.com.py\/index\/wp-json\/wp\/v2\/product_tag?post=94462"}],"curies":[{"name":"wp","href":"https:\/\/api.w.org\/{rel}","templated":true}]}}