{"id":94470,"date":"2025-12-02T18:05:06","date_gmt":"2025-12-02T18:05:06","guid":{"rendered":"https:\/\/brandss.com.py\/index\/?post_type=product&#038;p=94470"},"modified":"2025-12-02T18:05:52","modified_gmt":"2025-12-02T18:05:52","slug":"perfume-masculino-mamlakat-al-oud-afrah-exclusif-edp-100ml","status":"publish","type":"product","link":"https:\/\/brandss.com.py\/index\/producto\/perfume-masculino-mamlakat-al-oud-afrah-exclusif-edp-100ml\/","title":{"rendered":"PERFUME MASCULINO MAMLAKAT AL OUD AFRAH EXCLUSIF EDP 100ML"},"content":{"rendered":"<p><img loading=\"lazy\" decoding=\"async\" class=\"\" src=\"https:\/\/aunmasguapa.com\/cdn\/shop\/collections\/logo_Mamlakat_Al_Oud_8a5fd021-483d-412d-8e66-ae8fd6f6fa56.webp?v=1731500137\" alt=\"MAMLAKAT AL OUD \u2013 A\u00fan M\u00e1s Guapa!\" width=\"100\" height=\"100\" \/><\/p>\n<h1>AFRAH EXCLUSIF<\/h1>\n<p><span dir=\"auto\">Descubre una fragancia que combina elegancia y sensualidad en una composici\u00f3n sofisticada e irresistible.\u00a0<\/span><span dir=\"auto\">Afrah Exclusif <\/span><span dir=\"auto\">es m\u00e1s que una fragancia: es una declaraci\u00f3n de estilo y masculinidad. Mamlakat Al Oud es una fragancia oriental dise\u00f1ada para el hombre moderno que busca elegancia, intensidad y sofisticaci\u00f3n.<img loading=\"lazy\" decoding=\"async\" class=\"alignleft\" src=\"https:\/\/nour-orient.com\/wp-content\/uploads\/2025\/10\/Eau-de-Parfum-Afrah-Exclusif-100-Ml-%E2%80%93-Mamlakat-Al-Oud.jpeg\" width=\"633\" height=\"633\" \/><\/span><\/p>\n<p data-start=\"2229\" data-end=\"2565\"><span dir=\"auto\">Dise\u00f1ado para hombres seguros y refinados,\u00a0<\/span><span dir=\"auto\">Afrah Exclusif<\/span><span dir=\"auto\">\u00a0es ideal para cualquier ocasi\u00f3n, ya sea una reuni\u00f3n de negocios, una salida nocturna o una velada especial. La fragancia evoca sofisticaci\u00f3n y car\u00e1cter, convirtiendo cada momento en una experiencia olfativa \u00fanica.<\/span><\/p>\n<p data-start=\"2963\" data-end=\"3172\"><span dir=\"auto\">El frasco de 100 ml es elegante, robusto y pr\u00e1ctico, perfecto para el d\u00eda a d\u00eda o como regalo. Su dise\u00f1o refleja la calidad superior de la fragancia, combinando est\u00e9tica y funcionalidad.<\/span><\/p>\n<p data-start=\"3174\" data-end=\"3433\"><span dir=\"auto\">Afrah Exclusif <\/span><span dir=\"auto\">es m\u00e1s que una simple fragancia: es una firma, un s\u00edmbolo de refinamiento y poder discreto. Su cautivadora estela deja una huella imborrable, imponiendo tu presencia con naturalidad.<\/span><span dir=\"auto\">\u00a0<\/span><span dir=\"auto\">Afrah Exclusif e<\/span><span dir=\"auto\">s la m\u00e1xima expresi\u00f3n del lujo oriental para el hombre moderno: intenso, sofisticado e inolvidable. Cada uso transporta al usuario a un universo olfativo rico, cautivador y profundamente masculino.<\/span><\/p>\n<p data-start=\"3174\" data-end=\"3433\">\n<h3 data-start=\"3174\" data-end=\"3433\">Notas Olfativas<\/h3>\n<p>&nbsp;<\/p>\n<p class=\"\" data-start=\"555\" data-end=\"845\"><span dir=\"auto\">El debut de la fragancia est\u00e1 dominado por una combinaci\u00f3n audaz y seductora de mango jugoso, pera dulce y toques de incienso fino. Estas notas de salida le dan a\u00a0<\/span><span dir=\"auto\">Afrah Exclusif<\/span><span dir=\"auto\"> una salida memorable, ex\u00f3tica y luminosa, ideal para hombres que buscan destacar.<\/span><\/p>\n<p class=\"\" data-start=\"888\" data-end=\"1166\"><span dir=\"auto\">En el coraz\u00f3n de la composici\u00f3n se encuentran dos de las flores m\u00e1s exquisitas: el aterciopelado jazm\u00edn y la majestuosa rosa. Este bouquet floral a\u00f1ade un toque extra de gracia y masculinidad, transformando <\/span><span dir=\"auto\">Afrah Exclusif<\/span><span dir=\"auto\">\u00a0en una fragancia sofisticada, perfecta para cualquier momento del d\u00eda.<\/span><\/p>\n<p class=\"\" data-start=\"1212\" data-end=\"1438\"><span dir=\"auto\">Las notas de fondo te envuelven con vainilla cremosa, s\u00e1ndalo y almizcle sensual. Estos ingredientes le otorgan\u00a0<\/span><span dir=\"auto\">a Afrah Exclusif<\/span><span dir=\"auto\">\u00a0una persistencia duradera y una huella olfativa inconfundible que perdura en la memoria.<\/span><\/p>\n<p class=\"\" data-start=\"1479\" data-end=\"1654\"><span dir=\"auto\">Afrah Exclusif<\/span><span dir=\"auto\">\u00a0ofrece una experiencia \u00fanica: refinada, moderna y profundamente maculino.<\/span><\/p>\n<div class=\"product_notes\">\n<p class=\"note\"><strong><span dir=\"auto\">Notas de salida: <\/span><\/strong><span class=\"metafield-multi_line_text_field\"><span dir=\"auto\">mango, pera, incienso.<\/span><\/span><\/p>\n<\/div>\n<div class=\"product_notes\">\n<p class=\"note\"><strong><span dir=\"auto\">Notas coraz\u00f3n: <\/span><\/strong><span class=\"metafield-multi_line_text_field\"><span dir=\"auto\">jazm\u00edn, rosa.<\/span><\/span><\/p>\n<\/div>\n<div class=\"product_notes\">\n<p class=\"note\"><strong><span dir=\"auto\">Notas de fondo: <\/span><\/strong><span class=\"metafield-multi_line_text_field\"><span dir=\"auto\">vainilla, s\u00e1ndalo, almizcle.<\/span><\/span><\/p>\n<\/div>\n","protected":false},"excerpt":{"rendered":"<p>AFRAH EXCLUSIF Descubre una fragancia que combina elegancia y sensualidad en una composici\u00f3n sofisticada e irresistible.\u00a0Afrah Exclusif es m\u00e1s que<\/p>\n","protected":false},"featured_media":94471,"comment_status":"open","ping_status":"closed","template":"","meta":{"nf_dc_page":""},"product_brand":[1564],"product_cat":[84],"product_tag":[1573],"class_list":{"0":"post-94470","1":"product","2":"type-product","3":"status-publish","4":"has-post-thumbnail","6":"product_brand-mamlakat-al-oud","7":"product_cat-perfumeria","8":"product_tag-1573","10":"first","11":"instock","12":"shipping-taxable","13":"purchasable","14":"product-type-simple"},"_links":{"self":[{"href":"https:\/\/brandss.com.py\/index\/wp-json\/wp\/v2\/product\/94470","targetHints":{"allow":["GET"]}}],"collection":[{"href":"https:\/\/brandss.com.py\/index\/wp-json\/wp\/v2\/product"}],"about":[{"href":"https:\/\/brandss.com.py\/index\/wp-json\/wp\/v2\/types\/product"}],"replies":[{"embeddable":true,"href":"https:\/\/brandss.com.py\/index\/wp-json\/wp\/v2\/comments?post=94470"}],"version-history":[{"count":1,"href":"https:\/\/brandss.com.py\/index\/wp-json\/wp\/v2\/product\/94470\/revisions"}],"predecessor-version":[{"id":94474,"href":"https:\/\/brandss.com.py\/index\/wp-json\/wp\/v2\/product\/94470\/revisions\/94474"}],"wp:featuredmedia":[{"embeddable":true,"href":"https:\/\/brandss.com.py\/index\/wp-json\/wp\/v2\/media\/94471"}],"wp:attachment":[{"href":"https:\/\/brandss.com.py\/index\/wp-json\/wp\/v2\/media?parent=94470"}],"wp:term":[{"taxonomy":"product_brand","embeddable":true,"href":"https:\/\/brandss.com.py\/index\/wp-json\/wp\/v2\/product_brand?post=94470"},{"taxonomy":"product_cat","embeddable":true,"href":"https:\/\/brandss.com.py\/index\/wp-json\/wp\/v2\/product_cat?post=94470"},{"taxonomy":"product_tag","embeddable":true,"href":"https:\/\/brandss.com.py\/index\/wp-json\/wp\/v2\/product_tag?post=94470"}],"curies":[{"name":"wp","href":"https:\/\/api.w.org\/{rel}","templated":true}]}}