{"id":94475,"date":"2025-12-02T18:30:10","date_gmt":"2025-12-02T18:30:10","guid":{"rendered":"https:\/\/brandss.com.py\/index\/?post_type=product&#038;p=94475"},"modified":"2025-12-02T18:30:43","modified_gmt":"2025-12-02T18:30:43","slug":"perfume-femenino-mamlakat-al-oud-afrah-cherry-edp-100ml","status":"publish","type":"product","link":"https:\/\/brandss.com.py\/index\/producto\/perfume-femenino-mamlakat-al-oud-afrah-cherry-edp-100ml\/","title":{"rendered":"PERFUME FEMENINO MAMLAKAT AL OUD AFRAH CHERRY EDP 100ML"},"content":{"rendered":"<p><img loading=\"lazy\" decoding=\"async\" class=\"\" src=\"https:\/\/aunmasguapa.com\/cdn\/shop\/collections\/logo_Mamlakat_Al_Oud_8a5fd021-483d-412d-8e66-ae8fd6f6fa56.webp?v=1731500137\" alt=\"MAMLAKAT AL OUD \u2013 A\u00fan M\u00e1s Guapa!\" width=\"112\" height=\"112\" \/><\/p>\n<h1>AFRAH CHERRY<\/h1>\n<p><span dir=\"auto\">Es la elecci\u00f3n perfecta para la mujer moderna, seductora y segura de s\u00ed misma. E<\/span><span dir=\"auto\">sta fragancia redefine la elegancia y el misterio en una sola aplicaci\u00f3n. Una explosi\u00f3n de notas frutales, florales y cremosas transforma cada d\u00eda en un irresistible ritual sensorial.<img loading=\"lazy\" decoding=\"async\" class=\"alignleft\" src=\"https:\/\/eg.jumia.is\/unsafe\/fit-in\/680x680\/filters:fill(white)\/product\/25\/6910331\/3.jpg?1479\" width=\"596\" height=\"596\" \/><\/span><\/p>\n<p><span dir=\"auto\">Afrah Cherry es una fragancia impactante, perfecta para mujeres que aman la dulzura juguetona equilibrada con una profundidad sensual. Ya sea para un d\u00eda informal o una noche elegante, esta fragancia irradia encanto, confianza y un encanto irresistible.<\/span><\/p>\n<p>&nbsp;<\/p>\n<h3>Notas Olfativas<\/h3>\n<p>&nbsp;<\/p>\n<p><span dir=\"auto\"><span class=\"VIpgJd-yAWNEb-VIpgJd-fmcmS-sn54Q\" dir=\"auto\">Afrah Cherry<\/span><span class=\"VIpgJd-yAWNEb-VIpgJd-fmcmS-sn54Q\" dir=\"auto\"> es una fragancia cautivadora que combina la dulzura de la cereza con un toque amaderado y especiado. Este perfume femenino seduce por su sutil equilibrio entre frescura y sensualidad. Ideal para cualquier ocasi\u00f3n, deja una impresi\u00f3n olfativa elegante y refinada. <\/span>Afrah Cherry es una fragancia lujosa, afrutada y placentera que cautiva los sentidos con una rica mezcla de cerezas dulces, delicados florales y c\u00e1lida vainilla. Se abre con una atractiva explosi\u00f3n de cereza, mandarina, grosella negra, flor de lavanda, cardamomo y pera, ofreciendo una entrada vibrante y deliciosa. El coraz\u00f3n se despliega en un elegante ramo de jazm\u00edn, almendra, azahar, jengibre y t\u00e9 negro, a\u00f1adiendo profundidad y sofisticaci\u00f3n a la composici\u00f3n. A medida que la fragancia se asienta, una base cremosa y sensual de vainilla, leche, caf\u00e9, pachul\u00ed, madera de cedro y almizcle crea un final c\u00e1lido, duradero y adictivo.<\/span><\/p>\n<div class=\"product_notes\">\n<p class=\"note\"><strong><span dir=\"auto\">Notas de salida: <\/span><\/strong><span class=\"metafield-multi_line_text_field\"><span dir=\"auto\">cereza, mandarina, grosella negra, flor de lavanda, cardamomo, pera.<\/span><\/span><\/p>\n<\/div>\n<div class=\"product_notes\">\n<p class=\"note\"><strong><span dir=\"auto\">Notas de coraz\u00f3n: <\/span><\/strong><span class=\"metafield-multi_line_text_field\"><span dir=\"auto\">jazm\u00edn, almendra, flor de naranja, jengibre, t\u00e9 negro.<\/span><\/span><\/p>\n<\/div>\n<div class=\"product_notes\">\n<p class=\"note\"><strong><span dir=\"auto\">Notas de fondo: <\/span><\/strong><span class=\"metafield-multi_line_text_field\"><span dir=\"auto\">vainilla, leche, caf\u00e9, pachul\u00ed, madera de cedro, almizcle.<\/span><\/span><\/p>\n<\/div>\n","protected":false},"excerpt":{"rendered":"<p>AFRAH CHERRY Es la elecci\u00f3n perfecta para la mujer moderna, seductora y segura de s\u00ed misma. Esta fragancia redefine la<\/p>\n","protected":false},"featured_media":94476,"comment_status":"open","ping_status":"closed","template":"","meta":{"nf_dc_page":""},"product_brand":[1564],"product_cat":[84],"product_tag":[1574],"class_list":{"0":"post-94475","1":"product","2":"type-product","3":"status-publish","4":"has-post-thumbnail","6":"product_brand-mamlakat-al-oud","7":"product_cat-perfumeria","8":"product_tag-1574","10":"first","11":"instock","12":"shipping-taxable","13":"purchasable","14":"product-type-simple"},"_links":{"self":[{"href":"https:\/\/brandss.com.py\/index\/wp-json\/wp\/v2\/product\/94475","targetHints":{"allow":["GET"]}}],"collection":[{"href":"https:\/\/brandss.com.py\/index\/wp-json\/wp\/v2\/product"}],"about":[{"href":"https:\/\/brandss.com.py\/index\/wp-json\/wp\/v2\/types\/product"}],"replies":[{"embeddable":true,"href":"https:\/\/brandss.com.py\/index\/wp-json\/wp\/v2\/comments?post=94475"}],"version-history":[{"count":1,"href":"https:\/\/brandss.com.py\/index\/wp-json\/wp\/v2\/product\/94475\/revisions"}],"predecessor-version":[{"id":94480,"href":"https:\/\/brandss.com.py\/index\/wp-json\/wp\/v2\/product\/94475\/revisions\/94480"}],"wp:featuredmedia":[{"embeddable":true,"href":"https:\/\/brandss.com.py\/index\/wp-json\/wp\/v2\/media\/94476"}],"wp:attachment":[{"href":"https:\/\/brandss.com.py\/index\/wp-json\/wp\/v2\/media?parent=94475"}],"wp:term":[{"taxonomy":"product_brand","embeddable":true,"href":"https:\/\/brandss.com.py\/index\/wp-json\/wp\/v2\/product_brand?post=94475"},{"taxonomy":"product_cat","embeddable":true,"href":"https:\/\/brandss.com.py\/index\/wp-json\/wp\/v2\/product_cat?post=94475"},{"taxonomy":"product_tag","embeddable":true,"href":"https:\/\/brandss.com.py\/index\/wp-json\/wp\/v2\/product_tag?post=94475"}],"curies":[{"name":"wp","href":"https:\/\/api.w.org\/{rel}","templated":true}]}}