{"id":94481,"date":"2025-12-02T19:02:04","date_gmt":"2025-12-02T19:02:04","guid":{"rendered":"https:\/\/brandss.com.py\/index\/?post_type=product&#038;p=94481"},"modified":"2025-12-02T19:02:47","modified_gmt":"2025-12-02T19:02:47","slug":"perfume-unisex-mamlakat-al-oud-awj-azuree-edp-90ml","status":"publish","type":"product","link":"https:\/\/brandss.com.py\/index\/producto\/perfume-unisex-mamlakat-al-oud-awj-azuree-edp-90ml\/","title":{"rendered":"PERFUME UNISEX MAMLAKAT AL OUD AWJ AZUREE EDP 90ML"},"content":{"rendered":"<p><img loading=\"lazy\" decoding=\"async\" class=\"\" src=\"https:\/\/aunmasguapa.com\/cdn\/shop\/collections\/logo_Mamlakat_Al_Oud_8a5fd021-483d-412d-8e66-ae8fd6f6fa56.webp?v=1731500137\" alt=\"MAMLAKAT AL OUD \u2013 A\u00fan M\u00e1s Guapa!\" width=\"128\" height=\"128\" \/><\/p>\n<h1>AWJ AZUREE<\/h1>\n<p>Es una fragancia fresca y sofisticada que combina la vitalidad de los c\u00edtricos con la dulzura de las maderas nobles. Un perfume moderno y elegante que evoca pureza y evasi\u00f3n.<\/p>\n<p>Con Awj Azuree, entrar\u00e1s en un mundo fresco y jugoso. Donde el\u00a0belleza\u00a0de flores se mezcla con la profundidad de las notas orientales. Todo ello le sublimar\u00e1 con un\u00a0eleganciaaparte. Este hermoso viaje olfativo despertar\u00e1 sus sentidos. Y alegrar\u00e1 su vida cotidiana con un refinamiento \u00fanico.<img loading=\"lazy\" decoding=\"async\" class=\"alignleft\" src=\"https:\/\/prestiria.fr\/cdn\/shop\/files\/PRESTIRIA_-_EAU_DE_PARFUM_-_AWJ_AZURE_Mamlakat_Al_Oud.webp?v=1754148403&amp;width=713\" width=\"586\" height=\"586\" \/><\/p>\n<h5><em><strong>Una botella futurista<\/strong><\/em><\/h5>\n<p>Aqu\u00ed, \u00a1el envase lo dice todo! En efecto, sus formas geom\u00e9tricas y su dise\u00f1o muestran su\u00a0modernidad. Desde el primer vistazo queda claro que el n\u00e9ctar que contiene est\u00e1 en sinton\u00eda con los tiempos. Pero tambi\u00e9n que es fruto de\u00a0know-how\u00a0ancestral. Porque no puede ser de otra manera si se quiere crear un\u00a0obra maestra\u00a0\u00a1lo mismo! Adem\u00e1s, el color plateado recuerda la elegancia del conjunto. Pero tambi\u00e9n de la fuerza. En efecto, cuando se mira este frasco, evoca poder. Comprenda que estas fragancias no dejan nada al azar. Porque, si\u00a0potenciaLa referencia turquesa del centro ya nos hace so\u00f1ar. En resumen, este frasco es la introducci\u00f3n perfecta al viaje sensorial que le espera. En otras palabras, un viaje olfativo que combina creatividad humana y esencias naturales.<\/p>\n<p>&nbsp;<\/p>\n<h3>Notas Olfativas<\/h3>\n<p>&nbsp;<\/p>\n<div class=\"product__text\"><span dir=\"auto\">Awj Azuree de Mamlakat Al Oud es una fragancia unisex contempor\u00e1nea que equilibra frescura y riqueza con un encanto natural. Se abre con una explosi\u00f3n de mango, lim\u00f3n, bayas rosas y jengibre, ofreciendo una entrada jugosa y especiada, llena de luminosidad. <\/span><span dir=\"auto\">El coraz\u00f3n presenta una sofisticada mezcla de cumarina azul, jazm\u00edn y maderas secas, aportando un suave toque floral con una moderna profundidad amaderada. El fondo revela una base audaz y sensual de oud, nagarmotha, almizcle y \u00e1mbar, creando una estela duradera de c\u00e1lida elegancia terrosa.<\/span><\/p>\n<p><span dir=\"auto\">Dise\u00f1ada para personas seguras de s\u00ed mismas que valoran la distinci\u00f3n, Awj Azuree es la fragancia perfecta para el d\u00eda y la noche, combinando la tradici\u00f3n \u00e1rabe con un toque moderno.<\/span><\/div>\n<div id=\"price-template--16769891303466__main\" class=\"no-js-hidden price-wrapper\">\n<div class=\"product__badge\"><\/div>\n<\/div>\n<div class=\"installment-wrapper\"><\/div>\n<div class=\"product_notes\">\n<p class=\"note\"><strong><span dir=\"auto\">Notas de salida: <\/span><\/strong><span dir=\"auto\">m<\/span><span class=\"metafield-multi_line_text_field\"><span dir=\"auto\">ango, lim\u00f3n, bayas rosadas, jengibre.<\/span><\/span><\/p>\n<\/div>\n<div class=\"product_notes\">\n<p class=\"note\"><strong><span dir=\"auto\">Notas de coraz\u00f3n: <\/span><\/strong><span class=\"metafield-multi_line_text_field\"><span dir=\"auto\">cumarina azul, jazm\u00edn, maderas secas.<\/span><br \/>\n<\/span><\/p>\n<\/div>\n<div class=\"product_notes\">\n<p class=\"note\"><strong><span dir=\"auto\">Notas de fondo: <\/span><\/strong><span class=\"metafield-multi_line_text_field\"><span dir=\"auto\">oud, nagarmotha, almizcle, \u00e1mbar.<\/span><\/span><\/p>\n<\/div>\n","protected":false},"excerpt":{"rendered":"<p>AWJ AZUREE Es una fragancia fresca y sofisticada que combina la vitalidad de los c\u00edtricos con la dulzura de las<\/p>\n","protected":false},"featured_media":94482,"comment_status":"open","ping_status":"closed","template":"","meta":{"nf_dc_page":""},"product_brand":[1564],"product_cat":[84],"product_tag":[1575],"class_list":{"0":"post-94481","1":"product","2":"type-product","3":"status-publish","4":"has-post-thumbnail","6":"product_brand-mamlakat-al-oud","7":"product_cat-perfumeria","8":"product_tag-1575","10":"first","11":"instock","12":"shipping-taxable","13":"purchasable","14":"product-type-simple"},"_links":{"self":[{"href":"https:\/\/brandss.com.py\/index\/wp-json\/wp\/v2\/product\/94481","targetHints":{"allow":["GET"]}}],"collection":[{"href":"https:\/\/brandss.com.py\/index\/wp-json\/wp\/v2\/product"}],"about":[{"href":"https:\/\/brandss.com.py\/index\/wp-json\/wp\/v2\/types\/product"}],"replies":[{"embeddable":true,"href":"https:\/\/brandss.com.py\/index\/wp-json\/wp\/v2\/comments?post=94481"}],"version-history":[{"count":1,"href":"https:\/\/brandss.com.py\/index\/wp-json\/wp\/v2\/product\/94481\/revisions"}],"predecessor-version":[{"id":94485,"href":"https:\/\/brandss.com.py\/index\/wp-json\/wp\/v2\/product\/94481\/revisions\/94485"}],"wp:featuredmedia":[{"embeddable":true,"href":"https:\/\/brandss.com.py\/index\/wp-json\/wp\/v2\/media\/94482"}],"wp:attachment":[{"href":"https:\/\/brandss.com.py\/index\/wp-json\/wp\/v2\/media?parent=94481"}],"wp:term":[{"taxonomy":"product_brand","embeddable":true,"href":"https:\/\/brandss.com.py\/index\/wp-json\/wp\/v2\/product_brand?post=94481"},{"taxonomy":"product_cat","embeddable":true,"href":"https:\/\/brandss.com.py\/index\/wp-json\/wp\/v2\/product_cat?post=94481"},{"taxonomy":"product_tag","embeddable":true,"href":"https:\/\/brandss.com.py\/index\/wp-json\/wp\/v2\/product_tag?post=94481"}],"curies":[{"name":"wp","href":"https:\/\/api.w.org\/{rel}","templated":true}]}}