{"id":94486,"date":"2025-12-03T10:46:41","date_gmt":"2025-12-03T10:46:41","guid":{"rendered":"https:\/\/brandss.com.py\/index\/?post_type=product&#038;p=94486"},"modified":"2025-12-03T10:55:42","modified_gmt":"2025-12-03T10:55:42","slug":"perfume-unisex-mamlakat-al-oud-awj-blushing-edp-90ml","status":"publish","type":"product","link":"https:\/\/brandss.com.py\/index\/producto\/perfume-unisex-mamlakat-al-oud-awj-blushing-edp-90ml\/","title":{"rendered":"PERFUME UNISEX MAMLAKAT AL OUD AWJ BLUSHING EDP 90ML"},"content":{"rendered":"<p><img loading=\"lazy\" decoding=\"async\" class=\"\" src=\"https:\/\/orientaldream.b-cdn.net\/img\/m\/43.jpg\" alt=\"Mamlakat Al Oud Cotton Rouge EDP 100ml\" width=\"128\" height=\"128\" \/><\/p>\n<h1>AWJ BLUSHING<\/h1>\n<h4><em><strong>Sum\u00e9rgete en el vertiginoso mundo de Awj Blushing<\/strong><\/em><\/h4>\n<p>Es una joya olfativa dise\u00f1ada para cuidarte. Sus exquisitas notas encantar\u00e1n tu esp\u00edritu. S\u00f3lo querr\u00e1s disfrutar de su deleite. Te reconfortar\u00e1 y iluminar\u00e1. Adem\u00e1s, los aromas\u00a0brillo al instante. Como una perla preciosa. Awj Blushing es una fragancia que celebra la vitalidad, el encanto y la elegancia natural. Dise\u00f1ada tanto para hombre como para mujer.<\/p>\n<p><img loading=\"lazy\" decoding=\"async\" class=\"alignleft\" src=\"https:\/\/www.aromaconcepts.com\/cdn\/shop\/files\/awj.png?v=1755775434&amp;width=823\" width=\"586\" height=\"586\" \/><\/p>\n<h3><\/h3>\n<h3>Notas Olfativas<\/h3>\n<p>&nbsp;<\/p>\n<p><span dir=\"auto\">AWJ Blushing <\/span><span dir=\"auto\">\u00a0es un perfume encantador para hombres y mujeres que equilibra la frescura divertida con la profundidad sensual. <\/span><\/p>\n<p><span dir=\"auto\">Esta fragancia unisex se abre con una luminosa mezcla de bergamota, mandarina, pimienta rosa y pera: una entrada chispeante y afrutada llena de vida.<\/span><\/p>\n<p>El coraz\u00f3n florece con frambuesa, gardenia, geranio y lirio de los valles, creando un coraz\u00f3n floral fresco y tierno.<\/p>\n<p><span dir=\"auto\">Al asentarse, el pachul\u00ed, el musgo de roble, el maltol y el almizcle forman una rica base que aporta suavidad y sensualidad.<\/span><\/p>\n<p>Ya sea para usar a diario o en ocasiones especiales, Awj Blushing es una fragancia que captura el esp\u00edritu de la sutil sofisticaci\u00f3n y el encanto duradero.<\/p>\n<div class=\"product_notes\">\n<p class=\"note\"><strong><span dir=\"auto\">Notas de salida: <\/span><\/strong><span class=\"metafield-multi_line_text_field\"><span dir=\"auto\">bergamota, mandarina, pimienta rosa, pera.<\/span><\/span><\/p>\n<\/div>\n<div class=\"product_notes\">\n<p class=\"note\"><strong><span dir=\"auto\">Notas de coraz\u00f3n: <\/span><\/strong><span class=\"metafield-multi_line_text_field\"><span dir=\"auto\">frambuesa, gardenia, geranio, lirio de los valles.<\/span><\/span><\/p>\n<\/div>\n<div class=\"product_notes\">\n<p class=\"note\"><strong><span dir=\"auto\">Notas de fondo: <\/span><\/strong><span class=\"metafield-multi_line_text_field\"><span dir=\"auto\">pachul\u00ed, musgo de roble, maltol, almizcle.<\/span><\/span><\/p>\n<\/div>\n","protected":false},"excerpt":{"rendered":"<p>AWJ BLUSHING Sum\u00e9rgete en el vertiginoso mundo de Awj Blushing Es una joya olfativa dise\u00f1ada para cuidarte. Sus exquisitas notas<\/p>\n","protected":false},"featured_media":94487,"comment_status":"open","ping_status":"closed","template":"","meta":{"nf_dc_page":""},"product_brand":[1564],"product_cat":[84],"product_tag":[1576],"class_list":{"0":"post-94486","1":"product","2":"type-product","3":"status-publish","4":"has-post-thumbnail","6":"product_brand-mamlakat-al-oud","7":"product_cat-perfumeria","8":"product_tag-1576","10":"first","11":"instock","12":"shipping-taxable","13":"purchasable","14":"product-type-simple"},"_links":{"self":[{"href":"https:\/\/brandss.com.py\/index\/wp-json\/wp\/v2\/product\/94486","targetHints":{"allow":["GET"]}}],"collection":[{"href":"https:\/\/brandss.com.py\/index\/wp-json\/wp\/v2\/product"}],"about":[{"href":"https:\/\/brandss.com.py\/index\/wp-json\/wp\/v2\/types\/product"}],"replies":[{"embeddable":true,"href":"https:\/\/brandss.com.py\/index\/wp-json\/wp\/v2\/comments?post=94486"}],"version-history":[{"count":2,"href":"https:\/\/brandss.com.py\/index\/wp-json\/wp\/v2\/product\/94486\/revisions"}],"predecessor-version":[{"id":94491,"href":"https:\/\/brandss.com.py\/index\/wp-json\/wp\/v2\/product\/94486\/revisions\/94491"}],"wp:featuredmedia":[{"embeddable":true,"href":"https:\/\/brandss.com.py\/index\/wp-json\/wp\/v2\/media\/94487"}],"wp:attachment":[{"href":"https:\/\/brandss.com.py\/index\/wp-json\/wp\/v2\/media?parent=94486"}],"wp:term":[{"taxonomy":"product_brand","embeddable":true,"href":"https:\/\/brandss.com.py\/index\/wp-json\/wp\/v2\/product_brand?post=94486"},{"taxonomy":"product_cat","embeddable":true,"href":"https:\/\/brandss.com.py\/index\/wp-json\/wp\/v2\/product_cat?post=94486"},{"taxonomy":"product_tag","embeddable":true,"href":"https:\/\/brandss.com.py\/index\/wp-json\/wp\/v2\/product_tag?post=94486"}],"curies":[{"name":"wp","href":"https:\/\/api.w.org\/{rel}","templated":true}]}}