{"id":94492,"date":"2025-12-03T11:24:44","date_gmt":"2025-12-03T11:24:44","guid":{"rendered":"https:\/\/brandss.com.py\/index\/?post_type=product&#038;p=94492"},"modified":"2025-12-03T11:25:21","modified_gmt":"2025-12-03T11:25:21","slug":"perfume-masculino-mamlakat-al-oud-hamza-edp-100ml","status":"publish","type":"product","link":"https:\/\/brandss.com.py\/index\/producto\/perfume-masculino-mamlakat-al-oud-hamza-edp-100ml\/","title":{"rendered":"PERFUME MASCULINO MAMLAKAT AL OUD HAMZA EDP 100ML"},"content":{"rendered":"<p><img loading=\"lazy\" decoding=\"async\" class=\"\" src=\"https:\/\/orientaldream.b-cdn.net\/img\/m\/43.jpg\" alt=\"Mamlakat Al Oud Cotton Rouge EDP 100ml\" width=\"106\" height=\"106\" \/><\/p>\n<h1>HAMZA<\/h1>\n<p><span dir=\"auto\"><span class=\"VIpgJd-yAWNEb-VIpgJd-fmcmS-sn54Q\" dir=\"auto\">Potente, fresca y sofisticada,\u00a0<\/span><\/span><span dir=\"auto\"><span class=\"VIpgJd-yAWNEb-VIpgJd-fmcmS-sn54Q\" dir=\"auto\">Hamza<\/span><\/span><span dir=\"auto\"><span class=\"VIpgJd-yAWNEb-VIpgJd-fmcmS-sn54Q\" dir=\"auto\"> es una fragancia masculina que encarna la fuerza serena y la elegancia natural. Una fragancia arom\u00e1tica, especiada y ambarada donde la frescura marina se funde con la calidez sensual de la vainilla y el \u00e1mbar, creando un equilibrio perfecto entre fuerza y \u200b\u200belegancia. Hamza combina la masculinidad moderna con el lujo atemporal: una fragancia con car\u00e1cter para hombres que dejan una huella imborrable.<\/span><\/span><\/p>\n<p><img loading=\"lazy\" decoding=\"async\" class=\"alignleft\" src=\"https:\/\/sifrfragrance.com\/cdn\/shop\/files\/WhatsApp_Image_2025-06-02_at_11.24.20_042cf001.jpg?v=1749975607&amp;width=832\" width=\"537\" height=\"510\" \/><\/p>\n<h3><span dir=\"auto\"> Notas Olfativas<\/span><\/h3>\n<p>&nbsp;<\/p>\n<p><span dir=\"auto\">Hamza una fragancia que encarna la masculinidad en su forma m\u00e1s lujosa, combinando fuerza y \u200b\u200bprestigio en una cautivadora mezcla arom\u00e1tica. <\/span><\/p>\n<p><span dir=\"auto\">E<\/span>s una fragancia audaz y vigorizante dise\u00f1ada para el hombre moderno y seguro de s\u00ed mismo. Se abre con una explosi\u00f3n c\u00edtrica de pomelo, pimienta rosa picante y cipr\u00e9s arom\u00e1tico, ofreciendo una entrada energizante y din\u00e1mica que establece el tono de elegancia y poder.<\/p>\n<p>En su coraz\u00f3n, refrescantes notas marinas, lavanda calmante y elegante iris a\u00f1aden frescura y sofisticaci\u00f3n, evocando una sensaci\u00f3n de refinamiento y tranquilidad costera.<\/p>\n<p>La fragancia se asienta en una base rica y ahumada de incienso, \u00e1mbar c\u00e1lido y vainilla cremosa, que proporciona profundidad, calidez y sensualidad que perdura maravillosamente en la piel. Perfecta para usar durante el d\u00eda, en veladas formales o en ocasiones especiales.<\/p>\n<div class=\"product_notes\">\n<p class=\"note\"><strong><span dir=\"auto\">Notas de salida: <\/span><\/strong><span class=\"metafield-multi_line_text_field\"><span dir=\"auto\">pomelo, cipr\u00e9s, pimienta rosa, cardamomo.<\/span><\/span><\/p>\n<\/div>\n<div class=\"product_notes\">\n<p class=\"note\"><strong><span dir=\"auto\">Notas de coraz\u00f3n: <\/span><\/strong><span dir=\"auto\">n<\/span><span class=\"metafield-multi_line_text_field\"><span dir=\"auto\">otas marinas, lavanda, iris.<\/span><\/span><\/p>\n<\/div>\n<div class=\"product_notes\">\n<p class=\"note\"><strong><span dir=\"auto\">Notas de fondo: <\/span><\/strong><span class=\"metafield-multi_line_text_field\"><span dir=\"auto\">incienso, \u00e1mbar, vainilla.<\/span><\/span><\/p>\n<\/div>\n","protected":false},"excerpt":{"rendered":"<p>HAMZA Potente, fresca y sofisticada,\u00a0Hamza es una fragancia masculina que encarna la fuerza serena y la elegancia natural. Una fragancia<\/p>\n","protected":false},"featured_media":94493,"comment_status":"open","ping_status":"closed","template":"","meta":{"nf_dc_page":""},"product_brand":[1564],"product_cat":[84],"product_tag":[1577],"class_list":{"0":"post-94492","1":"product","2":"type-product","3":"status-publish","4":"has-post-thumbnail","6":"product_brand-mamlakat-al-oud","7":"product_cat-perfumeria","8":"product_tag-1577","10":"first","11":"instock","12":"shipping-taxable","13":"purchasable","14":"product-type-simple"},"_links":{"self":[{"href":"https:\/\/brandss.com.py\/index\/wp-json\/wp\/v2\/product\/94492","targetHints":{"allow":["GET"]}}],"collection":[{"href":"https:\/\/brandss.com.py\/index\/wp-json\/wp\/v2\/product"}],"about":[{"href":"https:\/\/brandss.com.py\/index\/wp-json\/wp\/v2\/types\/product"}],"replies":[{"embeddable":true,"href":"https:\/\/brandss.com.py\/index\/wp-json\/wp\/v2\/comments?post=94492"}],"version-history":[{"count":1,"href":"https:\/\/brandss.com.py\/index\/wp-json\/wp\/v2\/product\/94492\/revisions"}],"predecessor-version":[{"id":94496,"href":"https:\/\/brandss.com.py\/index\/wp-json\/wp\/v2\/product\/94492\/revisions\/94496"}],"wp:featuredmedia":[{"embeddable":true,"href":"https:\/\/brandss.com.py\/index\/wp-json\/wp\/v2\/media\/94493"}],"wp:attachment":[{"href":"https:\/\/brandss.com.py\/index\/wp-json\/wp\/v2\/media?parent=94492"}],"wp:term":[{"taxonomy":"product_brand","embeddable":true,"href":"https:\/\/brandss.com.py\/index\/wp-json\/wp\/v2\/product_brand?post=94492"},{"taxonomy":"product_cat","embeddable":true,"href":"https:\/\/brandss.com.py\/index\/wp-json\/wp\/v2\/product_cat?post=94492"},{"taxonomy":"product_tag","embeddable":true,"href":"https:\/\/brandss.com.py\/index\/wp-json\/wp\/v2\/product_tag?post=94492"}],"curies":[{"name":"wp","href":"https:\/\/api.w.org\/{rel}","templated":true}]}}