{"id":94497,"date":"2025-12-03T16:43:28","date_gmt":"2025-12-03T16:43:28","guid":{"rendered":"https:\/\/brandss.com.py\/index\/?post_type=product&#038;p=94497"},"modified":"2025-12-03T16:44:11","modified_gmt":"2025-12-03T16:44:11","slug":"perfume-unisex-volare-milani-pistachio-delight-edp-100ml","status":"publish","type":"product","link":"https:\/\/brandss.com.py\/index\/producto\/perfume-unisex-volare-milani-pistachio-delight-edp-100ml\/","title":{"rendered":"PERFUME UNISEX VOLAR\u00c9 MILANI PISTACHIO DELIGHT EDP 100ML"},"content":{"rendered":"<p><img loading=\"lazy\" decoding=\"async\" class=\"\" src=\"https:\/\/bestperfumesmiami.com\/cdn\/shop\/collections\/Volare_Logo_-_Edited_1.png?v=1747240421\" alt=\"Volar\u00e9 \u2013 Best Perfumes Miami\" width=\"96\" height=\"96\" \/><\/p>\n<h1>MILANI PISTACHIO DELIGHT<\/h1>\n<p>Sum\u00e9rgete en una nube de placer con Milani Pistachio Delight, una fragancia que encarna la indulgencia chic: un equilibrio perfecto entre la dulzura cremosa y la sensualidad amaderada. Milani Pistachio Delight es una fragancia cautivadora, tan reconfortante como un postre de lujo, pero con una elegancia refinada.<\/p>\n<h3>Notas Olfativas<\/h3>\n<p data-start=\"323\" data-end=\"724\"><span dir=\"auto\">La\u00a0<\/span><span dir=\"auto\">exquisita y refinada fragancia Pistachio Delight encarna, desde sus primeras notas\u00a0<\/span><span dir=\"auto\">,\u00a0la suave dulzura del pistacho, combinada con notas dulces y cremosas.\u00a0Esta fragancia despierta los sentidos al instante y te transporta a un mundo de indulgencia y sofisticaci\u00f3n.\u00a0<\/span><span dir=\"auto\">Adem\u00e1s<\/span><span dir=\"auto\"> , su sutil equilibrio entre calidez y dulzura la hace irresistible y memorable desde la primera bocanada.\u00a0<\/span><span dir=\"auto\">En<\/span><span dir=\"auto\">\u00a0el coraz\u00f3n, la\u00a0<\/span><span dir=\"auto\">exquisita y refinada fragancia Pistachio Delight<\/span><span dir=\"auto\">\u00a0se despliega con notas l\u00e1cteas y dulces que evocan la exquisita reposter\u00eda oriental.\u00a0Estos acordes aportan profundidad y elegancia, creando una armon\u00eda perfecta entre indulgencia y delicadeza.\u00a0<\/span><span dir=\"auto\">Adem\u00e1s , esta\u00a0<\/span><span dir=\"auto\">sutil<\/span><span dir=\"auto\"> mezcla a\u00f1ade una dimensi\u00f3n refinada y contempor\u00e1nea a la fragancia.\u00a0<\/span><span dir=\"auto\">Finalmente<\/span><span dir=\"auto\">\u00a0, la base revela una estela envolvente y elegante. El pistacho se funde con toques amaderados y cremosos, mientras que las notas dulces prolongan la sensaci\u00f3n de suavidad.\u00a0<\/span><span dir=\"auto\">As\u00ed<\/span><span dir=\"auto\">\u00a0, la\u00a0<\/span><span dir=\"auto\">exquisita y refinada fragancia Pistachio Delight<\/span><span dir=\"auto\">\u00a0se convierte en una firma olfativa sofisticada y duradera, perfecta para cualquier ocasi\u00f3n.<\/span><\/p>\n<ul>\n<li><span dir=\"auto\"><strong>Notas de salida:<\/strong> pistacho, avellana, ron, cardamomo, helado, bergamota.<\/span><\/li>\n<li><span dir=\"auto\"><strong>Notas de coraz\u00f3n:<\/strong> Jazm\u00edn, melocot\u00f3n blanco, pera, lirio de los valles, frambuesa.<\/span><\/li>\n<li><span dir=\"auto\"><strong>Notas de fondo:<\/strong> Crema batida, malvavisco, algod\u00f3n de az\u00facar, vainilla, s\u00e1ndalo, cedro, haba tonka<\/span>, almizcle.<\/li>\n<\/ul>\n","protected":false},"excerpt":{"rendered":"<p>MILANI PISTACHIO DELIGHT Sum\u00e9rgete en una nube de placer con Milani Pistachio Delight, una fragancia que encarna la indulgencia chic:<\/p>\n","protected":false},"featured_media":94498,"comment_status":"open","ping_status":"closed","template":"","meta":{"nf_dc_page":""},"product_brand":[1550],"product_cat":[84],"product_tag":[1578],"class_list":{"0":"post-94497","1":"product","2":"type-product","3":"status-publish","4":"has-post-thumbnail","6":"product_brand-volare","7":"product_cat-perfumeria","8":"product_tag-1578","10":"first","11":"instock","12":"shipping-taxable","13":"purchasable","14":"product-type-simple"},"_links":{"self":[{"href":"https:\/\/brandss.com.py\/index\/wp-json\/wp\/v2\/product\/94497","targetHints":{"allow":["GET"]}}],"collection":[{"href":"https:\/\/brandss.com.py\/index\/wp-json\/wp\/v2\/product"}],"about":[{"href":"https:\/\/brandss.com.py\/index\/wp-json\/wp\/v2\/types\/product"}],"replies":[{"embeddable":true,"href":"https:\/\/brandss.com.py\/index\/wp-json\/wp\/v2\/comments?post=94497"}],"version-history":[{"count":1,"href":"https:\/\/brandss.com.py\/index\/wp-json\/wp\/v2\/product\/94497\/revisions"}],"predecessor-version":[{"id":94500,"href":"https:\/\/brandss.com.py\/index\/wp-json\/wp\/v2\/product\/94497\/revisions\/94500"}],"wp:featuredmedia":[{"embeddable":true,"href":"https:\/\/brandss.com.py\/index\/wp-json\/wp\/v2\/media\/94498"}],"wp:attachment":[{"href":"https:\/\/brandss.com.py\/index\/wp-json\/wp\/v2\/media?parent=94497"}],"wp:term":[{"taxonomy":"product_brand","embeddable":true,"href":"https:\/\/brandss.com.py\/index\/wp-json\/wp\/v2\/product_brand?post=94497"},{"taxonomy":"product_cat","embeddable":true,"href":"https:\/\/brandss.com.py\/index\/wp-json\/wp\/v2\/product_cat?post=94497"},{"taxonomy":"product_tag","embeddable":true,"href":"https:\/\/brandss.com.py\/index\/wp-json\/wp\/v2\/product_tag?post=94497"}],"curies":[{"name":"wp","href":"https:\/\/api.w.org\/{rel}","templated":true}]}}