{"id":94501,"date":"2025-12-03T17:47:56","date_gmt":"2025-12-03T17:47:56","guid":{"rendered":"https:\/\/brandss.com.py\/index\/?post_type=product&#038;p=94501"},"modified":"2026-03-18T10:35:04","modified_gmt":"2026-03-18T10:35:04","slug":"perfume-femenino-volare-milani-pink-crush-edp-100ml","status":"publish","type":"product","link":"https:\/\/brandss.com.py\/index\/producto\/perfume-femenino-volare-milani-pink-crush-edp-100ml\/","title":{"rendered":"PERFUME FEMENINO VOLAR\u00c9 MILANI PINK CRUSH EDP 100ML"},"content":{"rendered":"<p><img loading=\"lazy\" decoding=\"async\" class=\"\" src=\"https:\/\/bestperfumesmiami.com\/cdn\/shop\/collections\/Volare_Logo_-_Edited_1.png?v=1747240421\" alt=\"Volar\u00e9 \u2013 Best Perfumes Miami\" width=\"84\" height=\"84\" \/><\/p>\n<h1>MILANI PINK CRUSH<\/h1>\n<p>D\u00e9jate cautivar por Milani Pink Crush, una fragancia gourmand y elegante que encarna una dulzura absoluta y una feminidad radiante. Milani Pink Crush es una oda a la ternura moderna, perfecta para quienes gustan de hacerse notar con delicadeza. Una fragancia acogedora y seductora para usar todos los d\u00edas o para un momento de pura indulgencia solo para ti.<img loading=\"lazy\" decoding=\"async\" class=\"alignleft\" src=\"https:\/\/prestigesenteur.fr\/cdn\/shop\/files\/IMG-3758.png?v=1753706355&amp;width=713\" width=\"422\" height=\"633\" \/><\/p>\n<p>Milani Pink Crush es una verdadera oda a la feminidad moderna. Su composici\u00f3n olfativa. Esta fragancia, construida en torno a la suavidad y el refinamiento, seduce de inmediato, con una estela tan golosa como elegante.<\/p>\n<p>Desde la primera pulverizaci\u00f3n, esta\u00a0fragancia femenina\u00a0le transporta a un mundo en el que cada nota evoca delicadeza y audacia. Exploremos juntos sus facetas para comprender qu\u00e9 hace de esta fragancia una experiencia sensorial inolvidable.<\/p>\n<p>&nbsp;<\/p>\n<h3>Notas Olfativas<\/h3>\n<p>&nbsp;<\/p>\n<p>\u00bfBuscas una fragancia dulce, tierna y ligeramente adictiva? Milani Pink Crush es una explosi\u00f3n de dulzura en un frasco rosa empolvado.<\/p>\n<p>Desde las primeras notas, una dulce nube de malvavisco, az\u00facar y jugosas bayas rojas cautiva los sentidos, delicadamente entibiada por un ex\u00f3tico toque de coco. En el coraz\u00f3n, la fragancia despliega un refinado bouquet de cremosa vainilla, aterciopelada rosa, luminoso jazm\u00edn y \u00e1mbar dorado, para una sensualidad irresistible.<\/p>\n<p>Todo esto se asienta sobre una profunda y envolvente base de sedosos almizcles, s\u00e1ndalo, benju\u00ed y un ligero toque de musgo, que prolonga la presencia de la fragancia en la piel.<\/p>\n<p>&nbsp;<\/p>\n<p><strong>Notas de salida:<\/strong> Malvavisco, az\u00facar, frutos rojos exuberantes, coco.<\/p>\n<p><strong>Notas de coraz\u00f3n:<\/strong> vainilla, jazm\u00edn, rosa, \u00e1mbar.<\/p>\n<p><strong>Notas de fondo:<\/strong> almizcle, s\u00e1ndalo, benju\u00ed.<\/p>\n","protected":false},"excerpt":{"rendered":"<p>MILANI PINK CRUSH D\u00e9jate cautivar por Milani Pink Crush, una fragancia gourmand y elegante que encarna una dulzura absoluta y<\/p>\n","protected":false},"featured_media":94502,"comment_status":"open","ping_status":"closed","template":"","meta":{"nf_dc_page":""},"product_brand":[1550],"product_cat":[84],"product_tag":[1579],"class_list":{"0":"post-94501","1":"product","2":"type-product","3":"status-publish","4":"has-post-thumbnail","6":"product_brand-volare","7":"product_cat-perfumeria","8":"product_tag-1579","10":"first","11":"instock","12":"sale","13":"shipping-taxable","14":"purchasable","15":"product-type-simple"},"_links":{"self":[{"href":"https:\/\/brandss.com.py\/index\/wp-json\/wp\/v2\/product\/94501","targetHints":{"allow":["GET"]}}],"collection":[{"href":"https:\/\/brandss.com.py\/index\/wp-json\/wp\/v2\/product"}],"about":[{"href":"https:\/\/brandss.com.py\/index\/wp-json\/wp\/v2\/types\/product"}],"replies":[{"embeddable":true,"href":"https:\/\/brandss.com.py\/index\/wp-json\/wp\/v2\/comments?post=94501"}],"version-history":[{"count":1,"href":"https:\/\/brandss.com.py\/index\/wp-json\/wp\/v2\/product\/94501\/revisions"}],"predecessor-version":[{"id":94506,"href":"https:\/\/brandss.com.py\/index\/wp-json\/wp\/v2\/product\/94501\/revisions\/94506"}],"wp:featuredmedia":[{"embeddable":true,"href":"https:\/\/brandss.com.py\/index\/wp-json\/wp\/v2\/media\/94502"}],"wp:attachment":[{"href":"https:\/\/brandss.com.py\/index\/wp-json\/wp\/v2\/media?parent=94501"}],"wp:term":[{"taxonomy":"product_brand","embeddable":true,"href":"https:\/\/brandss.com.py\/index\/wp-json\/wp\/v2\/product_brand?post=94501"},{"taxonomy":"product_cat","embeddable":true,"href":"https:\/\/brandss.com.py\/index\/wp-json\/wp\/v2\/product_cat?post=94501"},{"taxonomy":"product_tag","embeddable":true,"href":"https:\/\/brandss.com.py\/index\/wp-json\/wp\/v2\/product_tag?post=94501"}],"curies":[{"name":"wp","href":"https:\/\/api.w.org\/{rel}","templated":true}]}}